{"id":881,"date":"2016-09-18T17:29:11","date_gmt":"2016-09-18T17:29:11","guid":{"rendered":"http:\/\/monpc-120416357:81\/wordpress\/?page_id=881"},"modified":"2026-02-03T12:29:14","modified_gmt":"2026-02-03T12:29:14","slug":"les-clubs-vaulx-en-velin","status":"publish","type":"page","link":"https:\/\/www.planete-sciences.org\/aura\/animations\/individuel\/a-vaulx-en-velin\/les-clubs-vaulx-en-velin\/","title":{"rendered":"Club scientifique"},"content":{"rendered":"<div id=\"attachment_1819\" style=\"width: 442px\" class=\"wp-caption aligncenter\"><img fetchpriority=\"high\" decoding=\"async\" aria-describedby=\"caption-attachment-1819\" class=\" wp-image-1819\" src=\"https:\/\/www.planete-sciences.org\/aura\/wp-content\/uploads\/2020\/01\/LC_20190216-Rencontres-robotique-013-bd.jpg\" alt=\"\" width=\"432\" height=\"288\" srcset=\"https:\/\/www.planete-sciences.org\/aura\/wp-content\/uploads\/2020\/01\/LC_20190216-Rencontres-robotique-013-bd.jpg 851w, https:\/\/www.planete-sciences.org\/aura\/wp-content\/uploads\/2020\/01\/LC_20190216-Rencontres-robotique-013-bd-300x200.jpg 300w, https:\/\/www.planete-sciences.org\/aura\/wp-content\/uploads\/2020\/01\/LC_20190216-Rencontres-robotique-013-bd-768x512.jpg 768w\" sizes=\"(max-width: 432px) 100vw, 432px\" \/><p id=\"caption-attachment-1819\" class=\"wp-caption-text\">16\/02\/2019 &#8211; Vaulx en Velin &#8211; Les rencontres de robotique &#8211; Photo Laurent Cerino<\/p><\/div>\n<p style=\"text-align: justify;\">Les clubs ont pour objectif de permettre aux jeunes la pratique et la d\u00e9couverte d&rsquo;activit\u00e9s scientifiques et techniques. Autour d&rsquo;une session hebdomadaire de deux heures, les jeunes pourront jouer le r\u00f4le de scientifiques en herbe autour de projets en lien avec la robotique, l&rsquo;espace, l&rsquo;astronomie, l&rsquo;environnement ou la m\u00e9t\u00e9orologie.<\/p>\n<p>En plus de diffuser des connaissances et des savoir-faire, alliant travail personnel et collectif, les clubs permettent aux enfant d&rsquo;acqu\u00e9rir une plus grande autonomie et un apprentissage des r\u00e8gles du travail en groupe. Ces stages sont ouvert aux d\u00e9butants comme aux passionn\u00e9s.<\/p>\n<p>Les inscriptions se font d\u00e9sormais en ligne via la plate forme <a href=\"https:\/\/www.helloasso.com\/associations\/planete-sciences-auvergne-rhone-alpes\">helloasso<\/a> s\u00e9curis\u00e9e et d\u00e9di\u00e9e aux association, vous trouverez ci-dessous le lien d\u2019inscription pour chaque club. <strong>Si toutefois vous avez des difficult\u00e9s \u00e0 vous inscrire en ligne ou si vous souhaitez utiliser un autre mode de paiement n\u2019h\u00e9sitez pas \u00e0 nous contacter par mail : aura@planete-sciences.org ou au 04 72 04 34 48<\/strong><\/p>\n<p><strong>NOUVEAU depuis la rentr\u00e9e 2024 : <\/strong><\/p>\n<p>ADOMAKERS, un club pour les lyc\u00e9ens au sein de notre FABLAB situ\u00e9 \u00e0 L&rsquo;atelier L\u00e9onard de Vinci les mercredis de 16h30 \u00e0 18h, si vous \u00eates int\u00e9ress\u00e9s ou que vous avez des questions n&rsquo;h\u00e9sitez pas \u00e0 nous contacter : fablatelier@planete-sciences.org \/ 06.51.60.32.92<\/p>\n<h5 style=\"text-align: center;\"><span style=\"color: #ff0000;\"><strong>Les inscriptions se font au semestre<\/strong><\/span><\/h5>\n<hr \/>\n<h4 style=\"text-align: justify;\"><strong>Club scientifique premier semestre 2025-2026<br \/>\n<\/strong><\/h4>\n<p style=\"text-align: justify;\"><strong>Horaires :<\/strong> Tous les mercredis du 17 septembre 2025 \u00e0 28 f\u00e9vrier 2026 (hors vacances scolaires) de 10h \u00e0 12h pour les 8-10 ans (<a href=\"https:\/\/www.helloasso.com\/associations\/planete-sciences-auvergne-rhone-alpes\/evenements\/club-robotique-vaulx-en-velin-8-10-ans-primaire-1er-semestre-2025-2026\">primaires<\/a>) et de 14h \u00e0 16h pour les 11-14 ans (<a href=\"https:\/\/www.helloasso.com\/associations\/planete-sciences-auvergne-rhone-alpes\/evenements\/club-robotique-vaulx-en-velin-11-14-ans-college-1er-semestre-2025-2026\">coll\u00e9giens<\/a>).<br \/>\n<strong>Lieu :<\/strong> Vaulx-en-Velin, b\u00e2timent le plan\u00e9tarium<br \/>\n<strong>Tarif :<\/strong> 150\u20ac (140\u20ac pour les vaudais) pour un semestre<\/p>\n<p>Le club robotique propose aux jeunes de d\u00e9couvrir et d&rsquo;exp\u00e9rimenter les diff\u00e9rents domaines de la robotique (\u00e9lectricit\u00e9 et m\u00e9canique puis programmation et \u00e9lectronique pour les plus grands) dans l&rsquo;objectif de r\u00e9aliser en \u00e9quipe leur propre robot qui participera \u00e0 la <strong>Coupe de France de Robotique Junior, en f\u00e9vrier 2026<\/strong>.<\/p>\n<p>Exp\u00e9rimentation, imagination et conception de solutions techniques pour r\u00e9aliser les actions impos\u00e9es par le r\u00e8glement et travail en \u00e9quipe seront au programme !<\/p>\n<p>Ouverture des inscriptions le 17 juin 2025 \u00e0 14h<\/p>\n<hr \/>\n<h4><strong>Club scientifique deuxi\u00e8me semestre 2025-2026<\/strong><\/h4>\n<p><strong>Attention, les inscriptions pour le deuxi\u00e8me semestre seront ouvertes fin janvier 2026.<\/strong><\/p>\n<p><strong>Horaires :<\/strong> Tous les mercredis du 28 f\u00e9vrier 2026 au 1er juillet 2026 (hors vacances scolaires) de 10h \u00e0 12h pour les 8-10 ans (primaire) et de 14h \u00e0 16h pour les 11-14 ans (coll\u00e9gien).<br \/>\n<strong>Lieu :<\/strong> Vaulx-en-Velin, b\u00e2timent le plan\u00e9tarium<\/p>\n<p><strong>Club espace pour les 8-10 ans :<\/strong> Les jeunes pourront d\u00e9couvrir <strong>l&rsquo;univers l&rsquo;astronomie ainsi que le spatial<\/strong>\u00a0et toutes ses dimensions pour r\u00e9aliser un projet d&rsquo;une fus\u00e9e \u00e0 eau afin de prendre part aux\u00a0<strong>Festiciels ( samedi 4 juillet 2026)<\/strong>. Ce sera l&rsquo;occasion de comprendre le fonctionnement d&rsquo;une fus\u00e9e avec le principe d&rsquo;action r\u00e9action et le r\u00f4le des diff\u00e9rents composants dans le comportement d&rsquo;une fus\u00e9e comme par exemple les ailerons.<\/p>\n<p><a href=\"https:\/\/www.helloasso.com\/associations\/planete-sciences-auvergne-rhone-alpes\/evenements\/club-espace-et-astro-vaulx-en-velin-8-10-ans-primaire-sem-1-26-27-2\">Inscriptions 8-10 ans<\/a><\/p>\n<p><strong>Club \u00e9nergie pour les 11-14 ans :<\/strong> les jeunes pourront d\u00e9couvrir l&rsquo;univers des \u00e9nergies et de l&rsquo;\u00e9lectronique pour r\u00e9aliser un projet d&rsquo;un v\u00e9hicule fonctionnant \u00e0 l&rsquo;<strong>\u00e9nergie solaire<\/strong> afin de prendre part au<strong> D\u00e9fis Solaires<\/strong> \u00e0 Grenoble (samedi 6 juin 2026) . Ce sera l&rsquo;occasion d&rsquo;exp\u00e9rimenter de nouvelle \u00e9nergie afin de concevoir de nouveaux robots plus propres !<\/p>\n<p><a href=\"https:\/\/www.helloasso.com\/associations\/planete-sciences-auvergne-rhone-alpes\/evenements\/club-energie-solaire-vaulx-en-velin-11-14-ans-college-sem1-2025\">Inscriptions 11-14 ans<\/a><\/p>\n","protected":false},"excerpt":{"rendered":"<p>Les clubs ont pour objectif de permettre aux jeunes la pratique et la d\u00e9couverte d&rsquo;activit\u00e9s scientifiques et techniques. Autour d&rsquo;une session hebdomadaire de deux heures, les jeunes pourront jouer le <a class=\"more-link\" href=\"https:\/\/www.planete-sciences.org\/aura\/animations\/individuel\/a-vaulx-en-velin\/les-clubs-vaulx-en-velin\/\">Lire la suite \u2192<\/a><\/p>\n","protected":false},"author":1,"featured_media":0,"parent":875,"menu_order":0,"comment_status":"closed","ping_status":"closed","template":"","meta":{"footnotes":""},"class_list":["post-881","page","type-page","status-publish","hentry"],"_links":{"self":[{"href":"https:\/\/www.planete-sciences.org\/aura\/wp-json\/wp\/v2\/pages\/881","targetHints":{"allow":["GET"]}}],"collection":[{"href":"https:\/\/www.planete-sciences.org\/aura\/wp-json\/wp\/v2\/pages"}],"about":[{"href":"https:\/\/www.planete-sciences.org\/aura\/wp-json\/wp\/v2\/types\/page"}],"author":[{"embeddable":true,"href":"https:\/\/www.planete-sciences.org\/aura\/wp-json\/wp\/v2\/users\/1"}],"replies":[{"embeddable":true,"href":"https:\/\/www.planete-sciences.org\/aura\/wp-json\/wp\/v2\/comments?post=881"}],"version-history":[{"count":67,"href":"https:\/\/www.planete-sciences.org\/aura\/wp-json\/wp\/v2\/pages\/881\/revisions"}],"predecessor-version":[{"id":2647,"href":"https:\/\/www.planete-sciences.org\/aura\/wp-json\/wp\/v2\/pages\/881\/revisions\/2647"}],"up":[{"embeddable":true,"href":"https:\/\/www.planete-sciences.org\/aura\/wp-json\/wp\/v2\/pages\/875"}],"wp:attachment":[{"href":"https:\/\/www.planete-sciences.org\/aura\/wp-json\/wp\/v2\/media?parent=881"}],"curies":[{"name":"wp","href":"https:\/\/api.w.org\/{rel}","templated":true}]}}