{"id":879,"date":"2016-09-18T17:28:37","date_gmt":"2016-09-18T17:28:37","guid":{"rendered":"http:\/\/monpc-120416357:81\/wordpress\/?page_id=879"},"modified":"2026-03-05T15:58:53","modified_gmt":"2026-03-05T15:58:53","slug":"les-stages-vaulx-en-velin","status":"publish","type":"page","link":"https:\/\/www.planete-sciences.org\/aura\/animations\/individuel\/a-vaulx-en-velin\/les-stages-vaulx-en-velin\/","title":{"rendered":"Les Stages (Vaulx-en-Velin)"},"content":{"rendered":"<div class=\"cartouche\">\n<p>Plan\u00e8te Sciences Auvergne-Rh\u00f4ne-Alpes propose des stages th\u00e9matiques aux jeunes entre 8 et 14 ans, pendant les vacances scolaires et les week-ends encadr\u00e9s par des animateurs sp\u00e9cialis\u00e9s. Grands bricoleurs ou simples curieux, ces stages sont adapt\u00e9s \u00e0 toutes et \u00e0 tous, le but \u00e9tant de d\u00e9couvrir une nouvelle activit\u00e9 de fa\u00e7on ludique et exp\u00e9rimentale.<\/p>\n<p style=\"text-align: center;\"><span style=\"color: #ff6600;\"><strong>Programme des vacances de printemps 2026 :<\/strong><\/span><\/p>\n<p>&nbsp;<\/p>\n<hr \/>\n<p><strong>Stage robotique :<\/strong><\/p>\n<p><strong><a href=\"https:\/\/www.helloasso.com\/associations\/planete-sciences-auvergne-rhone-alpes\/evenements\/stage-robotique-16-et-17-avril-2026\">Inscriptions robotique<\/a><\/strong><\/p>\n<p>&nbsp;<\/p>\n<p style=\"text-align: justify;\"><img decoding=\"async\" class=\"wp-image-802 alignright\" src=\"https:\/\/www.planete-sciences.org\/aura\/wp-content\/uploads\/2016\/06\/photo_-_robot_martien_construit_decore_-_planete_sciences_rhone-alpes-300x191.jpg\" alt=\"photo_-_robot_martien_construit_decore_-_planete_sciences_rhone-alpes\" width=\"254\" height=\"165\" \/><\/p>\n<ul>\n<li>Age : 8-13 ans<\/li>\n<li>Quand : 16 et 17 avril 2026 de 10h \u00e0 16h30<\/li>\n<li>O\u00f9 : Plan\u00e9tarium de Vaulx-en-Velin<\/li>\n<li>Prix : 100 \u20ac<\/li>\n<li>Exp\u00e9rimente l\u2019\u00e9lectricit\u00e9 et la m\u00e9canique pour d\u00e9couvrir comment fonctionnent les robots puis imagine et fabrique ton propre robot !<\/li>\n<\/ul>\n<\/div>\n<p>&nbsp;<\/p>\n<div class=\"cartouche\"><\/div>\n<div class=\"cartouche\">\n<div class=\"cartouche\">\n<p>&nbsp;<\/p>\n<\/div>\n<\/div>\n<div class=\"cartouche\">\n<p><strong>Stage programmation et \u00e9lectronique A la d\u00e9couverte d&rsquo;Arduino ! <\/strong><strong>\u00a0&#8211; <a href=\"https:\/\/www.helloasso.com\/associations\/planete-sciences-auvergne-rhone-alpes\/evenements\/stage-decoupe-laser-creation-d-objets-en-bois-les-9-et-10-fevrier-au-fablab-2\">Inscriptions Arduino\u00a0<\/a><\/strong><\/p>\n<ul>\n<li>Age : 9-14 ans<\/li>\n<li>Quand : 14 avril 2026 de 10h \u00e0 16h30<\/li>\n<li>O\u00f9 : Fablab de L&rsquo;Atelier L\u00e9onard de Vinci<\/li>\n<li>7 avenue Maurice Thorez \u00e0 Vaulx-en-Velin<\/li>\n<li>Prix : 40 \u20ac<\/li>\n<li>\n<div id=\"magicdomid4\" class=\"ace-line\" spellcheck=\"true\" aria-live=\"assertive\">\n<p>Plongez dans l\u2019univers de la programmation et de l\u2019\u00e9lectronique avec Arduino !<br \/>\nLED qui clignotent, capteurs qui r\u00e9agissent, mini-projets interactifs\u2026<br \/>\nFin connaisseur comme n\u00e9ophyte, rejoins-nous vite !<\/p>\n<\/div>\n<\/li>\n<\/ul>\n<\/div>\n<div><\/div>\n<div><\/div>\n<div><\/div>\n<div class=\"cartouche\">Les inscriptions se font\u00a0 en ligne via la plate forme helloasso s\u00e9curis\u00e9e et d\u00e9di\u00e9e aux association, vous trouverez le lien d&rsquo;inscription pour chaque stage. <em><strong>Si toutefois vous avez des difficult\u00e9s \u00e0 vous inscrire en ligne ou si vous souhaitez utiliser un autre mode de paiement n&rsquo;h\u00e9sitez pas \u00e0 nous contacter : <\/strong><\/em><\/div>\n<div class=\"cartouche\"><em><strong>pour les stages se d\u00e9roulant au Plan\u00e9tarium :<\/strong><\/em><em><strong>\u00a0<\/strong><\/em><em><strong>aura@planete-sciences.org<\/strong><\/em><em><strong>\u00a004 72 04 34 48<\/strong><\/em><\/div>\n<div><strong><em>pour les stages se d\u00e9roulant au Fablab : fablatelier@planete-sciences.org 06 51 60 32 92<\/em><\/strong><\/div>\n","protected":false},"excerpt":{"rendered":"<p>Plan\u00e8te Sciences Auvergne-Rh\u00f4ne-Alpes propose des stages th\u00e9matiques aux jeunes entre 8 et 14 ans, pendant les vacances scolaires et les week-ends encadr\u00e9s par des animateurs sp\u00e9cialis\u00e9s. Grands bricoleurs ou simples <a class=\"more-link\" href=\"https:\/\/www.planete-sciences.org\/aura\/animations\/individuel\/a-vaulx-en-velin\/les-stages-vaulx-en-velin\/\">Lire la suite \u2192<\/a><\/p>\n","protected":false},"author":1,"featured_media":0,"parent":875,"menu_order":0,"comment_status":"closed","ping_status":"closed","template":"","meta":{"footnotes":""},"class_list":["post-879","page","type-page","status-publish","hentry"],"_links":{"self":[{"href":"https:\/\/www.planete-sciences.org\/aura\/wp-json\/wp\/v2\/pages\/879","targetHints":{"allow":["GET"]}}],"collection":[{"href":"https:\/\/www.planete-sciences.org\/aura\/wp-json\/wp\/v2\/pages"}],"about":[{"href":"https:\/\/www.planete-sciences.org\/aura\/wp-json\/wp\/v2\/types\/page"}],"author":[{"embeddable":true,"href":"https:\/\/www.planete-sciences.org\/aura\/wp-json\/wp\/v2\/users\/1"}],"replies":[{"embeddable":true,"href":"https:\/\/www.planete-sciences.org\/aura\/wp-json\/wp\/v2\/comments?post=879"}],"version-history":[{"count":119,"href":"https:\/\/www.planete-sciences.org\/aura\/wp-json\/wp\/v2\/pages\/879\/revisions"}],"predecessor-version":[{"id":2657,"href":"https:\/\/www.planete-sciences.org\/aura\/wp-json\/wp\/v2\/pages\/879\/revisions\/2657"}],"up":[{"embeddable":true,"href":"https:\/\/www.planete-sciences.org\/aura\/wp-json\/wp\/v2\/pages\/875"}],"wp:attachment":[{"href":"https:\/\/www.planete-sciences.org\/aura\/wp-json\/wp\/v2\/media?parent=879"}],"curies":[{"name":"wp","href":"https:\/\/api.w.org\/{rel}","templated":true}]}}