{"id":875,"date":"2016-09-18T17:27:22","date_gmt":"2016-09-18T17:27:22","guid":{"rendered":"http:\/\/monpc-120416357:81\/wordpress\/?page_id=875"},"modified":"2018-09-13T13:18:29","modified_gmt":"2018-09-13T13:18:29","slug":"a-vaulx-en-velin","status":"publish","type":"page","link":"https:\/\/www.planete-sciences.org\/aura\/animations\/individuel\/a-vaulx-en-velin\/","title":{"rendered":"A Vaulx-en-Velin"},"content":{"rendered":"<ul>\n<li><a href=\"https:\/\/www.planete-sciences.org\/aura\/animations\/individuel\/a-vaulx-en-velin\/les-clubs-vaulx-en-velin\/\">Club des 4 Saisons<\/a> le club a lieu une fois par semaine les mercredi ce qui permet de mener des projets ambitieux, inscription au semestre<\/li>\n<li><a href=\"https:\/\/www.planete-sciences.org\/aura\/animations\/individuel\/a-vaulx-en-velin\/les-stages-vaulx-en-velin\/\">Stages<\/a> pendant les vacances scolaires, des stages d&rsquo;une journ\u00e9e \u00e0 une semaine permettent de d\u00e9couvrir une th\u00e9matique scientifique, d&rsquo;exp\u00e9rimenter et de mener de petits projets<\/li>\n<li><a href=\"https:\/\/www.planete-sciences.org\/aura\/animations\/individuel\/a-vaulx-en-velin\/ateliers-parent-enfant\/\">Ateliers-parents enfants<\/a> pour d\u00e9couvrir les sciences en famille le temps d&rsquo;une journ\u00e9e<\/li>\n<li><a href=\"https:\/\/www.planete-sciences.org\/aura\/ateliers-ptits-curieux\/\">Ateliers p&rsquo;tits curieux <\/a>des ateliers ponctuels, le mercredi matin, pour s&rsquo;initier aux sciences<\/li>\n<li><a href=\"https:\/\/www.planete-sciences.org\/aura\/animations\/individuel\/a-vaulx-en-velin\/pour-les-adultes-vaulx-en-velin\/\">Club pour les adultes<\/a><\/li>\n<\/ul>\n","protected":false},"excerpt":{"rendered":"<p>Club des 4 Saisons le club a lieu une fois par semaine les mercredi ce qui permet de mener des projets ambitieux, inscription au semestre Stages pendant les vacances scolaires, <a class=\"more-link\" href=\"https:\/\/www.planete-sciences.org\/aura\/animations\/individuel\/a-vaulx-en-velin\/\">Lire la suite \u2192<\/a><\/p>\n","protected":false},"author":1,"featured_media":0,"parent":32,"menu_order":0,"comment_status":"closed","ping_status":"closed","template":"","meta":{"footnotes":""},"class_list":["post-875","page","type-page","status-publish","hentry"],"_links":{"self":[{"href":"https:\/\/www.planete-sciences.org\/aura\/wp-json\/wp\/v2\/pages\/875","targetHints":{"allow":["GET"]}}],"collection":[{"href":"https:\/\/www.planete-sciences.org\/aura\/wp-json\/wp\/v2\/pages"}],"about":[{"href":"https:\/\/www.planete-sciences.org\/aura\/wp-json\/wp\/v2\/types\/page"}],"author":[{"embeddable":true,"href":"https:\/\/www.planete-sciences.org\/aura\/wp-json\/wp\/v2\/users\/1"}],"replies":[{"embeddable":true,"href":"https:\/\/www.planete-sciences.org\/aura\/wp-json\/wp\/v2\/comments?post=875"}],"version-history":[{"count":5,"href":"https:\/\/www.planete-sciences.org\/aura\/wp-json\/wp\/v2\/pages\/875\/revisions"}],"predecessor-version":[{"id":1453,"href":"https:\/\/www.planete-sciences.org\/aura\/wp-json\/wp\/v2\/pages\/875\/revisions\/1453"}],"up":[{"embeddable":true,"href":"https:\/\/www.planete-sciences.org\/aura\/wp-json\/wp\/v2\/pages\/32"}],"wp:attachment":[{"href":"https:\/\/www.planete-sciences.org\/aura\/wp-json\/wp\/v2\/media?parent=875"}],"curies":[{"name":"wp","href":"https:\/\/api.w.org\/{rel}","templated":true}]}}