{"id":861,"date":"2016-09-18T17:12:59","date_gmt":"2016-09-18T17:12:59","guid":{"rendered":"http:\/\/monpc-120416357:81\/wordpress\/?page_id=861"},"modified":"2026-03-26T15:09:18","modified_gmt":"2026-03-26T15:09:18","slug":"formation-robotique","status":"publish","type":"page","link":"https:\/\/www.planete-sciences.org\/aura\/formations\/formation-robotique\/","title":{"rendered":"Formation Robotique"},"content":{"rendered":"<p><strong>Formation d\u00e9fis solaires &#8211; robot solaire<\/strong><\/p>\n<p><img fetchpriority=\"high\" decoding=\"async\" class=\"aligncenter wp-image-1442 size-medium\" src=\"https:\/\/www.planete-sciences.org\/aura\/wp-content\/uploads\/2018\/09\/D\u00e9fis-solaires-5-225x300.jpg\" alt=\"\" width=\"225\" height=\"300\" srcset=\"https:\/\/www.planete-sciences.org\/aura\/wp-content\/uploads\/2018\/09\/D\u00e9fis-solaires-5-225x300.jpg 225w, https:\/\/www.planete-sciences.org\/aura\/wp-content\/uploads\/2018\/09\/D\u00e9fis-solaires-5-768x1024.jpg 768w, https:\/\/www.planete-sciences.org\/aura\/wp-content\/uploads\/2018\/09\/D\u00e9fis-solaires-5.jpg 1500w\" sizes=\"(max-width: 225px) 100vw, 225px\" \/><\/p>\n<p>Cette formation permet de mener une activit\u00e9 robotique avec un groupe de jeunes, de la sensibilisation \u00e0 l\u2019\u00e9lectricit\u00e9 et \u00e0 la m\u00e9canique jusqu\u2019\u00e0 la r\u00e9alisation de robots solaires. Elle est \u00e0 destination des enseignants, animateurs et particuliers souhaitant construire un robot solaire avec des jeunes.<\/p>\n<p><strong>Contenu : <\/strong>Mise en place pratique et en s\u00e9curit\u00e9 d&rsquo;un atelier de robotique aupr\u00e8s des jeunes. Exp\u00e9rimentations des techniques de base de la robotique : m\u00e9canique, \u00e9lectricit\u00e9, outillage, branchements et r\u00e9alisation d&rsquo;un robot solaire bas\u00e9 sur ces techniques. Les s\u00e9quences pratiques seront altern\u00e9es avec des temps de discussion concernant les m\u00e9thodes utilis\u00e9es et la transposition vers un public jeune.<\/p>\n<p><strong>Prochaines dates<\/strong>\u00a0: sur demande<br \/>\n<strong>Renseignements et inscriptions :<\/strong> 04 76 01 02 50 &#8211; isere@planete-sciences.org<\/p>\n<hr \/>\n<p><strong><img decoding=\"async\" class=\" wp-image-1410 alignleft\" src=\"https:\/\/www.planete-sciences.org\/aura\/wp-content\/uploads\/2018\/09\/robot_2_-150x150.jpg\" alt=\"\" width=\"177\" height=\"177\" \/><\/strong><strong>Formation robotique &#8211; Initiation<\/strong><\/p>\n<p style=\"text-align: justify;\">Con\u00e7ue pour les novices, cette formation aborde les bases de l\u2019\u00e9lectricit\u00e9 et de la m\u00e9canique pour mettre en place des animations et des projets de robotique simples. Bas\u00e9e sur la pratique, elle permet de solidifier et\/ou de (r\u00e9)investir des notions en \u00e9lectricit\u00e9, et m\u00e9canique. L\u2019objectif est toujours de mettre en \u0153uvre l\u2019activit\u00e9 robotique en toute s\u00e9curit\u00e9 avec des jeunes, de mani\u00e8re ludique et exp\u00e9rimentale.<\/p>\n<p style=\"text-align: justify;\"><strong>Prochaines dates : 3 et 4 octobre 2026<\/strong><br \/>\n<strong>Horaires\u00a0<\/strong>: 9h30 \u2013 17h00<br \/>\n<strong>Tarif\u00a0<\/strong>: 160\u20ac soit 80 euros\/jour<br \/>\n<strong>Renseignements\u00a0et inscriptions\u00a0:<\/strong> 04 72 04 34 48 &#8211; aura@planete-sciences.org<\/p>\n<p>&nbsp;<\/p>\n<p style=\"text-align: justify;\"><strong>Formation Robotique &#8211; M\u00e9canique<\/strong><br \/>\nCette formation permet d\u2019approfondir l&rsquo;aspect technique des m\u00e9canismes et mouvements (engrenages, vis sans fin, poulies \u2026) afin de concevoir des robots capables d\u2019effectuer des actions plus complexes. A la fin, le stagiaire sera en capacit\u00e9 de mener un projet plus complet et d\u2019animer des ateliers robotique r\u00e9guliers.<\/p>\n<p style=\"text-align: justify;\"><strong>Prochaines dates : sur demande<\/strong><br \/>\n<strong>Renseignements\u00a0 :<\/strong> 04 72 04 34 48 &#8211;\u00a0 aura@planete-sciences.org<\/p>\n<hr \/>\n<p style=\"text-align: justify;\"><strong> Formation &#8211; Encadrants Coupe de France de Robotique Junior<\/strong><\/p>\n<p><img decoding=\"async\" class=\"wp-image-1411 alignleft\" src=\"https:\/\/www.planete-sciences.org\/aura\/wp-content\/uploads\/2018\/09\/DSC03797bd-150x150.jpg\" alt=\"\" width=\"150\" height=\"150\" \/>Plan\u00e8te Sciences peut vous aider \u00e0 vous lancer dans ce d\u00e9fi, une formation pour les encadrants est organis\u00e9e en d\u00e9but d\u2019ann\u00e9e scolaire, au moment de la sortie du nouveau r\u00e8glement : conseils techniques, m\u00e9thodologiques, trucs et astuces\u2026 Plus d\u2019infos sur les Troph\u00e9es de robotique.<\/p>\n<p>&nbsp;<\/p>\n<p style=\"text-align: justify;\">\n<strong>Prochaines dates : sur demande<\/strong><br \/>\n<strong>Renseignements et inscriptions :<\/strong> 04 72 04 34 48 ou aura@planete-sciences.org<\/p>\n<hr \/>\n<p style=\"text-align: justify;\"><strong>Formation Arduino : \u00c9lectronique et programmation<br \/>\n<\/strong><\/p>\n<p><img loading=\"lazy\" decoding=\"async\" class=\" wp-image-1412 alignleft\" src=\"https:\/\/www.planete-sciences.org\/aura\/wp-content\/uploads\/2018\/09\/P1050064-150x150.jpg\" alt=\"\" width=\"189\" height=\"189\" \/>Cette formation permet de d\u00e9couvrir les bases de l\u2019\u00e9lectronique puis d\u2019exp\u00e9rimenter l\u2019utilisation des cartes Arduino : ce formidable outil permettant \u00e0 tous les d\u00e9butants de pouvoir cr\u00e9er des syst\u00e8mes \u00e9lectroniques programmables. Ceci afin de mettre en place des activit\u00e9s avec des jeunes autour de projets en robotique, cr\u00e9ation de maquettes interactives, syst\u00e8mes embarqu\u00e9s dans un ballon stratosph\u00e9rique &#8230;<\/p>\n<p>&nbsp;<\/p>\n<p>Manipulation de composants \u00e9lectronique : actionneurs (LED, afficheurs, moteurs\u2026) et capteurs (lumi\u00e8re, mouvement, distance \u2026)\u00a0 pour comprendre leur fonctionnement. D\u00e9couverte et prise en main des logiciels de programmation graphique permettant de mettre en \u0153uvre des syst\u00e8mes \u00e9lectroniques programmables et autonomes. Exp\u00e9rimenter la logique d\u2019un langage de programmation. D\u00e9couvrir des outils p\u00e9dagogiques ludiques, intuitifs et interactifs permettant d\u2019aborder la programmation avec des enfants. R\u00e9alisation de projets interactifs tout au long de la formation.<\/p>\n<p><strong>Prochaines dates : sur demande<\/strong><br \/>\n<strong>Renseignements :<\/strong> 04 72 04 34 48 ou aura@planete-sciences.org<\/p>\n<p>&nbsp;<\/p>\n<hr \/>\n","protected":false},"excerpt":{"rendered":"<p>Formation d\u00e9fis solaires &#8211; robot solaire Cette formation permet de mener une activit\u00e9 robotique avec un groupe de jeunes, de la sensibilisation \u00e0 l\u2019\u00e9lectricit\u00e9 et \u00e0 la m\u00e9canique jusqu\u2019\u00e0 la <a class=\"more-link\" href=\"https:\/\/www.planete-sciences.org\/aura\/formations\/formation-robotique\/\">Lire la suite \u2192<\/a><\/p>\n","protected":false},"author":1,"featured_media":0,"parent":10,"menu_order":0,"comment_status":"closed","ping_status":"closed","template":"","meta":{"footnotes":""},"class_list":["post-861","page","type-page","status-publish","hentry"],"_links":{"self":[{"href":"https:\/\/www.planete-sciences.org\/aura\/wp-json\/wp\/v2\/pages\/861","targetHints":{"allow":["GET"]}}],"collection":[{"href":"https:\/\/www.planete-sciences.org\/aura\/wp-json\/wp\/v2\/pages"}],"about":[{"href":"https:\/\/www.planete-sciences.org\/aura\/wp-json\/wp\/v2\/types\/page"}],"author":[{"embeddable":true,"href":"https:\/\/www.planete-sciences.org\/aura\/wp-json\/wp\/v2\/users\/1"}],"replies":[{"embeddable":true,"href":"https:\/\/www.planete-sciences.org\/aura\/wp-json\/wp\/v2\/comments?post=861"}],"version-history":[{"count":19,"href":"https:\/\/www.planete-sciences.org\/aura\/wp-json\/wp\/v2\/pages\/861\/revisions"}],"predecessor-version":[{"id":2666,"href":"https:\/\/www.planete-sciences.org\/aura\/wp-json\/wp\/v2\/pages\/861\/revisions\/2666"}],"up":[{"embeddable":true,"href":"https:\/\/www.planete-sciences.org\/aura\/wp-json\/wp\/v2\/pages\/10"}],"wp:attachment":[{"href":"https:\/\/www.planete-sciences.org\/aura\/wp-json\/wp\/v2\/media?parent=861"}],"curies":[{"name":"wp","href":"https:\/\/api.w.org\/{rel}","templated":true}]}}