{"id":859,"date":"2016-09-18T17:12:06","date_gmt":"2016-09-18T17:12:06","guid":{"rendered":"http:\/\/monpc-120416357:81\/wordpress\/?page_id=859"},"modified":"2026-03-26T15:03:24","modified_gmt":"2026-03-26T15:03:24","slug":"formation-espace","status":"publish","type":"page","link":"https:\/\/www.planete-sciences.org\/aura\/formations\/formation-espace\/","title":{"rendered":"Formation Espace"},"content":{"rendered":"<p><strong>Formation Fus\u00e9e \u00e0 eau<\/strong><\/p>\n<p style=\"text-align: justify;\"><strong><img fetchpriority=\"high\" decoding=\"async\" src=\"https:\/\/www.planete-sciences.org\/aura\/wp-content\/uploads\/2016\/06\/G0046301bis-231x300.jpg\" alt=\"\" width=\"231\" height=\"300\"><\/strong>Cette formation permet de mener une activit\u00e9 fus\u00e9es \u00e0 eau avec un groupe de jeunes de tous \u00e2ges, de la sensibilisation aux fus\u00e9es, aux satellites et au principe d\u2019action-r\u00e9action jusqu\u2019\u00e0 la r\u00e9alisation de fus\u00e9es int\u00e9grant un \u0153uf cru, devant rester intact apr\u00e8s le vol et l\u2019atterrissage.<br \/>Vous y d\u00e9couvrirez la mise en place pratique et en s\u00e9curit\u00e9 d\u2019un atelier fus\u00e9es \u00e0 eau aupr\u00e8s des jeunes. Exp\u00e9rimentations des techniques de base&nbsp;: construction de la fus\u00e9e, utilisation de la rampe de lancements, r\u00e8gles de s\u00e9curit\u00e9, construction de parachutes, &#8230; Les s\u00e9quences pratiques seront altern\u00e9es avec des temps de discussion concernant les m\u00e9thodes utilis\u00e9es et la transposition vers un public jeune.<\/p>\n<p style=\"text-align: justify;\"><strong>Prix&nbsp;:<\/strong>&nbsp;80 \u20ac la journ\u00e9e.<br \/><strong>Horaires&nbsp;:<\/strong>&nbsp;9h30 &#8211; 17h<br \/><strong>Dates : SAMEDI 27 JUIN 2026<\/strong><\/p>\n<hr>\n<p style=\"text-align: justify;\"><strong>Formation Construction d&rsquo;une rampe de Fus\u00e9e \u00e0 eau<\/strong><\/p>\n<p style=\"text-align: justify;\"><strong><img decoding=\"async\" src=\"https:\/\/www.planete-sciences.org\/aura\/wp-content\/uploads\/2018\/02\/Rampe.png\" alt=\"\" width=\"239\" height=\"229\"><\/strong>Cette formation permet construire ensemble une rampe de lancement efficace, fiable et durable&nbsp;(les n\u00f4tres ont plus de 10 ans), avec laquelle vous repartirez.<\/p>\n<p>Nous nous chargeons de l&rsquo;achat de tout le mat\u00e9riel n\u00e9cessaire. Nous la monterons et la testerons ensemble, avant que vous repartiez avec le dimanche soir.<\/p>\n<p style=\"text-align: justify;\">Les fus\u00e9es sont bloqu\u00e9es en position de d\u00e9collage et partent de la rampe lorsqu&rsquo;on le souhaite, en tirant sur une corde, \u00e0 distance. Leur vitesse de sortie peut aller jusqu&rsquo;\u00e0 80 km\/h. Il est donc important d&rsquo;avoir une rampe efficace et fiable.<\/p>\n<p style=\"text-align: justify;\"><strong>Prix&nbsp;<\/strong>: 130 \u20ac la journ\u00e9e (80 \u20ac + 50 \u20ac de mat\u00e9riel pour la rampe de fus\u00e9es). Uniquement le co\u00fbt mat\u00e9riel&nbsp;(50 \u20ac) en \u00e9change de b\u00e9n\u00e9volat pour les b\u00e9n\u00e9voles de l\u2019association \u00e0 jour de leur cotisation.<br \/><strong>Horaires&nbsp;:<\/strong>&nbsp;9h30-17h<br \/><strong>Date :<\/strong>&nbsp; pas de date encore d\u00e9finie<\/p>\n<p style=\"text-align: justify;\"><strong style=\"font-size: 16px;\">Agr\u00e9ment Microfus\u00e9e<\/strong><\/p>\n<p style=\"text-align: justify;\"><strong><img decoding=\"async\" src=\"https:\/\/www.planete-sciences.org\/aura\/wp-content\/uploads\/2018\/01\/Photo-Fus\u00e9es-\u00e0-poudre-au-d\u00e9collage-Plan\u00e8te-Sciences-Rh\u00f4ne-Alpes-300x225.jpg\" alt=\"\" width=\"221\" height=\"169\"><\/strong><\/p>\n<p style=\"text-align: justify;\">La microfus\u00e9e est un formidable vecteur d&rsquo;exp\u00e9rimentation des param\u00e8tres physiques qui entrent en jeu lors du d\u00e9collage et du vol d&rsquo;une fus\u00e9e. C&rsquo;est \u00e9galement une activit\u00e9 spectaculaire pour les participants qui voient leur fus\u00e9e d\u00e9coller \u00e0 plusieurs centaines de m\u00e8tres d&rsquo;altitude.<\/p>\n<p style=\"text-align: justify;\">Cette formation d\u00e9livre un agr\u00e9ment permettant de pratiquer l&rsquo;activit\u00e9 en toute s\u00e9curit\u00e9 avec des jeunes.De nombreux aspects sont abord\u00e9s : fabrication des fus\u00e9es, lancements, d\u00e9marche exp\u00e9rimentale, aspects techniques, scientifiques et p\u00e9dagogiques propres \u00e0 l&rsquo;activit\u00e9.<\/p>\n<p style=\"text-align: justify;\"><strong>Tarif :<\/strong> 280\u20ac<br \/><strong>Prochaines dates: pas de dates encore d\u00e9finies<\/strong><br \/><strong>Horaires :<\/strong> 9h-19h sur 3 jours<strong style=\"font-size: 16px; text-align: start;\">.<\/strong><\/p>\n","protected":false},"excerpt":{"rendered":"<p>Formation Fus\u00e9e \u00e0 eau Cette formation permet de mener une activit\u00e9 fus\u00e9es \u00e0 eau avec un groupe de jeunes de tous \u00e2ges, de la sensibilisation aux fus\u00e9es, aux satellites et <a class=\"more-link\" href=\"https:\/\/www.planete-sciences.org\/aura\/formations\/formation-espace\/\">Lire la suite \u2192<\/a><\/p>\n","protected":false},"author":1,"featured_media":0,"parent":10,"menu_order":0,"comment_status":"closed","ping_status":"closed","template":"","meta":{"footnotes":""},"class_list":["post-859","page","type-page","status-publish","hentry"],"_links":{"self":[{"href":"https:\/\/www.planete-sciences.org\/aura\/wp-json\/wp\/v2\/pages\/859","targetHints":{"allow":["GET"]}}],"collection":[{"href":"https:\/\/www.planete-sciences.org\/aura\/wp-json\/wp\/v2\/pages"}],"about":[{"href":"https:\/\/www.planete-sciences.org\/aura\/wp-json\/wp\/v2\/types\/page"}],"author":[{"embeddable":true,"href":"https:\/\/www.planete-sciences.org\/aura\/wp-json\/wp\/v2\/users\/1"}],"replies":[{"embeddable":true,"href":"https:\/\/www.planete-sciences.org\/aura\/wp-json\/wp\/v2\/comments?post=859"}],"version-history":[{"count":23,"href":"https:\/\/www.planete-sciences.org\/aura\/wp-json\/wp\/v2\/pages\/859\/revisions"}],"predecessor-version":[{"id":2665,"href":"https:\/\/www.planete-sciences.org\/aura\/wp-json\/wp\/v2\/pages\/859\/revisions\/2665"}],"up":[{"embeddable":true,"href":"https:\/\/www.planete-sciences.org\/aura\/wp-json\/wp\/v2\/pages\/10"}],"wp:attachment":[{"href":"https:\/\/www.planete-sciences.org\/aura\/wp-json\/wp\/v2\/media?parent=859"}],"curies":[{"name":"wp","href":"https:\/\/api.w.org\/{rel}","templated":true}]}}