{"id":8,"date":"2016-06-23T09:37:58","date_gmt":"2016-06-23T09:37:58","guid":{"rendered":"http:\/\/monpc-120416357:81\/wordpress\/?page_id=8"},"modified":"2020-09-08T08:31:39","modified_gmt":"2020-09-08T08:31:39","slug":"animations","status":"publish","type":"page","link":"https:\/\/www.planete-sciences.org\/aura\/animations\/","title":{"rendered":"ANIMATIONS"},"content":{"rendered":"<p style=\"text-align: justify;\">Plan\u00e8te Sciences Auvergne-Rh\u00f4ne-Alpes organise des animations \u00e0 destination de tous les publics en r\u00e9gion Auvergne-Rh\u00f4ne-Alpes. B\u00e9n\u00e9ficiant de deux localisations \u00e0 Vaulx-en-Velin et \u00e0 Grenoble ainsi que du soutien de nombreux partenaires, l&rsquo;association propose des activit\u00e9s \u00e0 destination des scolaires, des structures de loisirs, des collectivit\u00e9s territoriales ainsi que du public en individuel.<\/p>\n<p><img fetchpriority=\"high\" decoding=\"async\" class=\"aligncenter wp-image-731 size-medium\" src=\"https:\/\/www.planete-sciences.org\/aura\/wp-content\/uploads\/2016\/06\/13719634_503957219801526_5515123438681097244_o-300x201.jpg\" alt=\"\" width=\"300\" height=\"201\" srcset=\"https:\/\/www.planete-sciences.org\/aura\/wp-content\/uploads\/2016\/06\/13719634_503957219801526_5515123438681097244_o-300x201.jpg 300w, https:\/\/www.planete-sciences.org\/aura\/wp-content\/uploads\/2016\/06\/13719634_503957219801526_5515123438681097244_o-768x514.jpg 768w, https:\/\/www.planete-sciences.org\/aura\/wp-content\/uploads\/2016\/06\/13719634_503957219801526_5515123438681097244_o.jpg 968w\" sizes=\"(max-width: 300px) 100vw, 300px\" \/><\/p>\n<p style=\"text-align: justify;\">Vous \u00eates une entreprise, une organisation priv\u00e9e ou territoriales et vous souhaitez proposer des ateliers scientifiques pour les jeunes? N&rsquo;attendez plus et t\u00e9l\u00e9chargez notre <a href=\"https:\/\/www.planete-sciences.org\/aura\/wp-content\/uploads\/2020\/09\/Catalogue-animations-PSAURA-2020-2021.pdf\">Catalogue animations PSAURA 2020-2021<\/a><\/p>\n<p style=\"text-align: justify;\">Pour des demandes particuli\u00e8res, n&rsquo;h\u00e9sitez-pas \u00e0 nous\u00a0<a href=\"https:\/\/www.planete-sciences.org\/aura\/contact\/\">contacter<\/a> afin que l&rsquo;on puisse s&rsquo;adapter au mieux \u00e0 vos besoins et envies.<\/p>\n","protected":false},"excerpt":{"rendered":"<p>Plan\u00e8te Sciences Auvergne-Rh\u00f4ne-Alpes organise des animations \u00e0 destination de tous les publics en r\u00e9gion Auvergne-Rh\u00f4ne-Alpes. B\u00e9n\u00e9ficiant de deux localisations \u00e0 Vaulx-en-Velin et \u00e0 Grenoble ainsi que du soutien de nombreux <a class=\"more-link\" href=\"https:\/\/www.planete-sciences.org\/aura\/animations\/\">Lire la suite \u2192<\/a><\/p>\n","protected":false},"author":1,"featured_media":0,"parent":0,"menu_order":0,"comment_status":"closed","ping_status":"closed","template":"","meta":{"footnotes":""},"class_list":["post-8","page","type-page","status-publish","hentry"],"_links":{"self":[{"href":"https:\/\/www.planete-sciences.org\/aura\/wp-json\/wp\/v2\/pages\/8","targetHints":{"allow":["GET"]}}],"collection":[{"href":"https:\/\/www.planete-sciences.org\/aura\/wp-json\/wp\/v2\/pages"}],"about":[{"href":"https:\/\/www.planete-sciences.org\/aura\/wp-json\/wp\/v2\/types\/page"}],"author":[{"embeddable":true,"href":"https:\/\/www.planete-sciences.org\/aura\/wp-json\/wp\/v2\/users\/1"}],"replies":[{"embeddable":true,"href":"https:\/\/www.planete-sciences.org\/aura\/wp-json\/wp\/v2\/comments?post=8"}],"version-history":[{"count":14,"href":"https:\/\/www.planete-sciences.org\/aura\/wp-json\/wp\/v2\/pages\/8\/revisions"}],"predecessor-version":[{"id":1910,"href":"https:\/\/www.planete-sciences.org\/aura\/wp-json\/wp\/v2\/pages\/8\/revisions\/1910"}],"wp:attachment":[{"href":"https:\/\/www.planete-sciences.org\/aura\/wp-json\/wp\/v2\/media?parent=8"}],"curies":[{"name":"wp","href":"https:\/\/api.w.org\/{rel}","templated":true}]}}