{"id":6,"date":"2016-06-23T09:37:46","date_gmt":"2016-06-23T09:37:46","guid":{"rendered":"http:\/\/monpc-120416357:81\/wordpress\/?page_id=6"},"modified":"2018-02-19T17:35:39","modified_gmt":"2018-02-19T17:35:39","slug":"qui-sommes-nous","status":"publish","type":"page","link":"https:\/\/www.planete-sciences.org\/aura\/qui-sommes-nous\/","title":{"rendered":"QUI SOMMES NOUS?"},"content":{"rendered":"<p>Plan\u00e8te Sciences Auvergne-Rh\u00f4ne-Alpes est une association d\u2019\u00e9ducation populaire loi 1901 cr\u00e9\u00e9 en 2003 et dont le si\u00e8ge social est situ\u00e9 \u00e0 <a href=\"https:\/\/www.planete-sciences.org\/aura\/contact\/\">Vaulx-en-Velin<\/a>. Depuis 2014, nous avons aussi une antenne Is\u00e8re \u00e0 <a href=\"https:\/\/www.planete-sciences.org\/aura\/contact\/\">Grenoble<\/a>.<\/p>\n<p><img fetchpriority=\"high\" decoding=\"async\" class=\"aligncenter size-medium wp-image-1226\" src=\"https:\/\/www.planete-sciences.org\/aura\/wp-content\/uploads\/2018\/02\/unnamed-300x180.gif\" alt=\"\" width=\"300\" height=\"180\" srcset=\"https:\/\/www.planete-sciences.org\/aura\/wp-content\/uploads\/2018\/02\/unnamed-300x180.gif 300w, https:\/\/www.planete-sciences.org\/aura\/wp-content\/uploads\/2018\/02\/unnamed-768x460.gif 768w, https:\/\/www.planete-sciences.org\/aura\/wp-content\/uploads\/2018\/02\/unnamed-1024x614.gif 1024w\" sizes=\"(max-width: 300px) 100vw, 300px\" \/><\/p>\n<p>Elle a pour objectif de diffuser la culture scientifique et technique aupr\u00e8s des jeunes entre 7 et 25 ans, de fa\u00e7on ludique, en s\u2019appuyant sur un projet \u00e9ducatif commun au r\u00e9seau national.<\/p>\n<p>Concr\u00e8tement, nous sommes sp\u00e9cialis\u00e9s en animation scientifique et nous partageons notre passion dans de nombreux cadres : structures de loisirs, \u00e9tablissements scolaires, stages et clubs dans nos locaux, \u00e9v\u00e9nements, parcs l&rsquo;\u00e9t\u00e9, &#8230;<\/p>\n<p>&nbsp;<\/p>\n","protected":false},"excerpt":{"rendered":"<p>Plan\u00e8te Sciences Auvergne-Rh\u00f4ne-Alpes est une association d\u2019\u00e9ducation populaire loi 1901 cr\u00e9\u00e9 en 2003 et dont le si\u00e8ge social est situ\u00e9 \u00e0 Vaulx-en-Velin. Depuis 2014, nous avons aussi une antenne Is\u00e8re <a class=\"more-link\" href=\"https:\/\/www.planete-sciences.org\/aura\/qui-sommes-nous\/\">Lire la suite \u2192<\/a><\/p>\n","protected":false},"author":1,"featured_media":0,"parent":0,"menu_order":0,"comment_status":"closed","ping_status":"closed","template":"","meta":{"footnotes":""},"class_list":["post-6","page","type-page","status-publish","hentry"],"_links":{"self":[{"href":"https:\/\/www.planete-sciences.org\/aura\/wp-json\/wp\/v2\/pages\/6","targetHints":{"allow":["GET"]}}],"collection":[{"href":"https:\/\/www.planete-sciences.org\/aura\/wp-json\/wp\/v2\/pages"}],"about":[{"href":"https:\/\/www.planete-sciences.org\/aura\/wp-json\/wp\/v2\/types\/page"}],"author":[{"embeddable":true,"href":"https:\/\/www.planete-sciences.org\/aura\/wp-json\/wp\/v2\/users\/1"}],"replies":[{"embeddable":true,"href":"https:\/\/www.planete-sciences.org\/aura\/wp-json\/wp\/v2\/comments?post=6"}],"version-history":[{"count":7,"href":"https:\/\/www.planete-sciences.org\/aura\/wp-json\/wp\/v2\/pages\/6\/revisions"}],"predecessor-version":[{"id":1228,"href":"https:\/\/www.planete-sciences.org\/aura\/wp-json\/wp\/v2\/pages\/6\/revisions\/1228"}],"wp:attachment":[{"href":"https:\/\/www.planete-sciences.org\/aura\/wp-json\/wp\/v2\/media?parent=6"}],"curies":[{"name":"wp","href":"https:\/\/api.w.org\/{rel}","templated":true}]}}