{"id":585,"date":"2016-07-18T10:33:53","date_gmt":"2016-07-18T10:33:53","guid":{"rendered":"http:\/\/monpc-120416357:81\/wordpress\/?page_id=585"},"modified":"2026-03-23T16:21:42","modified_gmt":"2026-03-23T16:21:42","slug":"devenir-adherent","status":"publish","type":"page","link":"https:\/\/www.planete-sciences.org\/aura\/qui-sommes-nous\/devenir-adherent\/","title":{"rendered":"Devenir adh\u00e9rent"},"content":{"rendered":"<p>Envie de partager une exp\u00e9rience avec les jeunes autour des sciences ? Envie d&rsquo;exp\u00e9rimenter et de se former \u00e0 des animations scientifiques ? Rejoignez l&rsquo;association !<\/p>\n<p>Plan\u00e8tes Sciences Auvergne-Rh\u00f4ne-Alpes vous propose de nombreuses formations sur des th\u00e9matiques sp\u00e9cifiques \u00e0 des tarifs pr\u00e9f\u00e9rentiels pour ses adh\u00e9rents. Son adh\u00e9sion permet un acc\u00e8s aux formations, aux animations et aux diff\u00e9rentes prestations.<\/p>\n<p>Adh\u00e9rer, c\u2019est contribuer \u00e0 la vie de l\u2019association et cela permet de participer aux Assembl\u00e9es G\u00e9n\u00e9rales de Plan\u00e8te Sciences Auvergne-Rh\u00f4ne-Alpes.<\/p>\n<p>L\u2019adh\u00e9sion \u00e0 Plan\u00e8te Sciences Auvergne-Rh\u00f4ne-Alpes co\u00fbte 20 euros pour une personne individuelle (10 euros en tarif r\u00e9duit\u00a0: \u00e9tudiant, ch\u00f4meur, retrait\u00e9, enfant) et 50 euros pour une structure (centre de loisirs, association, \u00e9cole&#8230;).<\/p>\n<p><a href=\"https:\/\/www.helloasso.com\/associations\/planete-sciences-auvergne-rhone-alpes\/adhesions\/adhesion-2026\">Formulaires | HelloAsso<\/a><\/p>\n<p>&nbsp;<\/p>\n<div style=\"width: 100%; text-align: center;\">Propuls\u00e9 par <a href=\"https:\/\/www.helloasso.com\" rel=\"nofollow\">HelloAsso<\/a><\/div>\n<p><a href=\"https:\/\/www.planete-sciences.org\/aura\/contact\/\">Contactez-nous<\/a> pour adh\u00e9rer !<\/p>\n","protected":false},"excerpt":{"rendered":"<p>Envie de partager une exp\u00e9rience avec les jeunes autour des sciences ? Envie d&rsquo;exp\u00e9rimenter et de se former \u00e0 des animations scientifiques ? Rejoignez l&rsquo;association ! Plan\u00e8tes Sciences Auvergne-Rh\u00f4ne-Alpes vous <a class=\"more-link\" href=\"https:\/\/www.planete-sciences.org\/aura\/qui-sommes-nous\/devenir-adherent\/\">Lire la suite \u2192<\/a><\/p>\n","protected":false},"author":1,"featured_media":0,"parent":6,"menu_order":0,"comment_status":"closed","ping_status":"closed","template":"","meta":{"footnotes":""},"class_list":["post-585","page","type-page","status-publish","hentry"],"_links":{"self":[{"href":"https:\/\/www.planete-sciences.org\/aura\/wp-json\/wp\/v2\/pages\/585","targetHints":{"allow":["GET"]}}],"collection":[{"href":"https:\/\/www.planete-sciences.org\/aura\/wp-json\/wp\/v2\/pages"}],"about":[{"href":"https:\/\/www.planete-sciences.org\/aura\/wp-json\/wp\/v2\/types\/page"}],"author":[{"embeddable":true,"href":"https:\/\/www.planete-sciences.org\/aura\/wp-json\/wp\/v2\/users\/1"}],"replies":[{"embeddable":true,"href":"https:\/\/www.planete-sciences.org\/aura\/wp-json\/wp\/v2\/comments?post=585"}],"version-history":[{"count":15,"href":"https:\/\/www.planete-sciences.org\/aura\/wp-json\/wp\/v2\/pages\/585\/revisions"}],"predecessor-version":[{"id":2662,"href":"https:\/\/www.planete-sciences.org\/aura\/wp-json\/wp\/v2\/pages\/585\/revisions\/2662"}],"up":[{"embeddable":true,"href":"https:\/\/www.planete-sciences.org\/aura\/wp-json\/wp\/v2\/pages\/6"}],"wp:attachment":[{"href":"https:\/\/www.planete-sciences.org\/aura\/wp-json\/wp\/v2\/media?parent=585"}],"curies":[{"name":"wp","href":"https:\/\/api.w.org\/{rel}","templated":true}]}}