{"id":48,"date":"2016-06-23T09:48:41","date_gmt":"2016-06-23T09:48:41","guid":{"rendered":"http:\/\/monpc-120416357:81\/wordpress\/?page_id=48"},"modified":"2018-02-21T19:04:03","modified_gmt":"2018-02-21T19:04:03","slug":"environnement","status":"publish","type":"page","link":"https:\/\/www.planete-sciences.org\/aura\/thematiques\/environnement\/","title":{"rendered":"Environnement"},"content":{"rendered":"<div class=\"crayon article-texte-68 texte\">\n<div>\n<p>L\u2019environnement est le soucis de tous. T\u00e2chons de mieux le comprendre afin de mieux le pr\u00e9server. \u00c0 l\u2019aide de loupes et de microscopes, observons de plus pr\u00e8s notre plan\u00e8te et les \u00eatres vivants qui l\u2019habitent. Qui sont-ils et comment les reconna\u00eetre\u00a0? Quels sont les dangers qui les menacent et comment mesurer ces pollutions\u00a0? Que pouvons nous faire \u00e0 notre \u00e9chelle pour la sauvegarde des milieux qui nous entourent et quels moyens sont mis \u00e0 notre disposition\u00a0?<\/p>\n<dl class=\"spip_document_2857 spip_documents spip_documents_center\">\n<dt><img fetchpriority=\"high\" decoding=\"async\" class=\"alignnone\" src=\"http:\/\/www.planete-sciences.org\/rhone\/IMG\/jpg\/au_coeur_des_sciences_aout_2011_57_-2.jpg?2857\/ea1d4eee7709865b0693e5c974a4e8a188fe4564\" width=\"388\" height=\"293\" \/><\/dt>\n<\/dl>\n<p>Plan\u00e8te Sciences Auvergne-Rh\u00f4ne-Alpes d\u00e9veloppe des actions innovantes de sensibilisation et d\u2019\u00e9ducation \u00e0 l\u2019environnement vers un d\u00e9veloppement durable et le respect des milieux naturels bas\u00e9es sur une d\u00e9marche scientifique. Au travers d\u2019ateliers ou de projets \u00e0 plus long terme, les jeunes cr\u00e9ent, manipulent, se sensibilisent.<\/p>\n<dl class=\"spip_document_2859 spip_documents spip_documents_center\">\n<dt><img decoding=\"async\" class=\"alignnone\" src=\"http:\/\/www.planete-sciences.org\/rhone\/IMG\/jpg\/au_coeur_des_sciences_aout_2011_56_-2.jpg?2859\/d064b793df997bf5fcf9e0e54443892bffdc0d42\" width=\"2048\" height=\"1536\" \/><\/dt>\n<\/dl>\n<p>A l\u2019\u00e9cole, les jeunes peuvent participer au projet Un Jardin Pour l\u2019Ecole.<\/p>\n<\/div>\n<p>Pour en savoir plus sur nos activit\u00e9s, consultez notre <a href=\"https:\/\/www.planete-sciences.org\/aura\/wp-content\/uploads\/2018\/02\/Catalogue-dactivit\u00e9s-2017-Plan\u00e8te-Sciences-Auvergne-Rh\u00f4ne-Alpes.pdf\">catalogue d&rsquo;animations<\/a>.<\/p>\n<\/div>\n","protected":false},"excerpt":{"rendered":"<p>L\u2019environnement est le soucis de tous. T\u00e2chons de mieux le comprendre afin de mieux le pr\u00e9server. \u00c0 l\u2019aide de loupes et de microscopes, observons de plus pr\u00e8s notre plan\u00e8te et <a class=\"more-link\" href=\"https:\/\/www.planete-sciences.org\/aura\/thematiques\/environnement\/\">Lire la suite \u2192<\/a><\/p>\n","protected":false},"author":1,"featured_media":0,"parent":63,"menu_order":0,"comment_status":"closed","ping_status":"closed","template":"","meta":{"footnotes":""},"class_list":["post-48","page","type-page","status-publish","hentry"],"_links":{"self":[{"href":"https:\/\/www.planete-sciences.org\/aura\/wp-json\/wp\/v2\/pages\/48","targetHints":{"allow":["GET"]}}],"collection":[{"href":"https:\/\/www.planete-sciences.org\/aura\/wp-json\/wp\/v2\/pages"}],"about":[{"href":"https:\/\/www.planete-sciences.org\/aura\/wp-json\/wp\/v2\/types\/page"}],"author":[{"embeddable":true,"href":"https:\/\/www.planete-sciences.org\/aura\/wp-json\/wp\/v2\/users\/1"}],"replies":[{"embeddable":true,"href":"https:\/\/www.planete-sciences.org\/aura\/wp-json\/wp\/v2\/comments?post=48"}],"version-history":[{"count":6,"href":"https:\/\/www.planete-sciences.org\/aura\/wp-json\/wp\/v2\/pages\/48\/revisions"}],"predecessor-version":[{"id":1257,"href":"https:\/\/www.planete-sciences.org\/aura\/wp-json\/wp\/v2\/pages\/48\/revisions\/1257"}],"up":[{"embeddable":true,"href":"https:\/\/www.planete-sciences.org\/aura\/wp-json\/wp\/v2\/pages\/63"}],"wp:attachment":[{"href":"https:\/\/www.planete-sciences.org\/aura\/wp-json\/wp\/v2\/media?parent=48"}],"curies":[{"name":"wp","href":"https:\/\/api.w.org\/{rel}","templated":true}]}}