{"id":46,"date":"2016-06-23T09:48:17","date_gmt":"2016-06-23T09:48:17","guid":{"rendered":"http:\/\/monpc-120416357:81\/wordpress\/?page_id=46"},"modified":"2018-02-21T19:17:03","modified_gmt":"2018-02-21T19:17:03","slug":"robotique","status":"publish","type":"page","link":"https:\/\/www.planete-sciences.org\/aura\/thematiques\/robotique\/","title":{"rendered":"Robotique"},"content":{"rendered":"<div class=\"crayon article-texte-70 texte\">\n<p>A Plan\u00e8te Sciences, les robots avancent et reculent gr\u00e2ce \u00e0 une brosse, tournent, battent des ailes\u00a0; ce sont des robots qui rabotent, des robots futuristes, des robots grues, \u2026<\/p>\n<p>Du plus simple au plus complexe, la robotique est accessible \u00e0 partir de 8 ans.<\/p>\n<p><strong>Robot Brosse<\/strong><\/p>\n<p><img fetchpriority=\"high\" decoding=\"async\" class=\"aligncenter size-medium wp-image-1116\" src=\"https:\/\/www.planete-sciences.org\/aura\/wp-content\/uploads\/2018\/01\/Photo-Robot-brosse-autonome-construit-d\u00e9cor\u00e9-Plan\u00e8te-Sciences-Rh\u00f4ne-Alpes-191x300.jpg\" alt=\"\" width=\"191\" height=\"300\" srcset=\"https:\/\/www.planete-sciences.org\/aura\/wp-content\/uploads\/2018\/01\/Photo-Robot-brosse-autonome-construit-d\u00e9cor\u00e9-Plan\u00e8te-Sciences-Rh\u00f4ne-Alpes-191x300.jpg 191w, https:\/\/www.planete-sciences.org\/aura\/wp-content\/uploads\/2018\/01\/Photo-Robot-brosse-autonome-construit-d\u00e9cor\u00e9-Plan\u00e8te-Sciences-Rh\u00f4ne-Alpes.jpg 510w\" sizes=\"(max-width: 191px) 100vw, 191px\" \/><\/p>\n<dl class=\"spip_document_157 spip_documents spip_documents_left\">\n<dt><\/dt>\n<dt class=\"crayon document-titre-157 spip_doc_titre\"><strong>Robot aspirateur<br \/>\n<\/strong><\/dt>\n<\/dl>\n<dl class=\"spip_document_156 spip_documents spip_documents_left\">\n<dt><img decoding=\"async\" class=\"aligncenter\" src=\"http:\/\/www.planete-sciences.org\/rhone\/IMG\/jpg\/robot_3_.jpg?156\/123ea8b7c0eab816e0d385ff5dd48aa2a04fbe31\" width=\"342\" height=\"259\" \/><\/dt>\n<dt class=\"crayon document-titre-156 spip_doc_titre\"><strong>Robot qui roule<br \/>\n<\/strong><\/dt>\n<\/dl>\n<dl class=\"spip_document_155 spip_documents spip_documents_left\">\n<dt><img decoding=\"async\" class=\"aligncenter\" src=\"http:\/\/www.planete-sciences.org\/rhone\/IMG\/jpg\/robot_1_.jpg?155\/fdf060b7ad57511d8324a4775b8e797c6e07fb8e\" width=\"344\" height=\"262\" \/><\/dt>\n<dt class=\"crayon document-titre-155 spip_doc_titre\"><\/dt>\n<\/dl>\n<p>Les robots peuvent \u00eatre r\u00e9alis\u00e9s \u00e0 partir de mat\u00e9riaux et d\u2019\u00e9l\u00e9ments simples\u00a0: carton, moteurs \u00e9lectriques, \u00e9crous, tiges filet\u00e9es, etc. On peut les programmer gr\u00e2ce aux outils p\u00e9dagogiques (d\u00e9velopp\u00e9s par Plan\u00e8te Sciences) comme le MEC (Module Electronique de Commande), permettant de commander un robot par ordinateur.<\/p>\n<p>Plan\u00e8te Sciences Auvergne-Rh\u00f4ne-Alpes peut organiser des sensibilisations \u00e0 la robotique sur un format court d\u2019une demi-journ\u00e9e, des animations plus compl\u00e8tes sur une ou deux journ\u00e9es, des stages \u00e0 la semaine, ou m\u00eame des projets sur tout une ann\u00e9e, en fonction des envies et des attentes des jeunes.<\/p>\n<p><i> <strong>Quand et comment faire de la robotique\u00a0?<\/strong> <\/i><\/p>\n<p><img loading=\"lazy\" decoding=\"async\" class=\"puce\" src=\"http:\/\/www.planete-sciences.org\/rhone\/local\/cache-vignettes\/L12xH12\/puce-421b5.gif\" alt=\"-\" width=\"12\" height=\"12\" \/>\u00a0Plan\u00e8te Sciences Auvergne-Rh\u00f4ne-Alpes propose r\u00e9guli\u00e8rement aux jeunes de 8 \u00e0 14 ans des <a href=\"https:\/\/www.planete-sciences.org\/aura\/animations\/individuel\/\"><strong>stages ou mini stages<\/strong><\/a> sur le th\u00e8me de la robotique.<\/p>\n<p><img loading=\"lazy\" decoding=\"async\" class=\"puce\" src=\"http:\/\/www.planete-sciences.org\/rhone\/local\/cache-vignettes\/L12xH12\/puce-421b5.gif\" alt=\"-\" width=\"12\" height=\"12\" \/>\u00a0Les mercredis toute l\u2019ann\u00e9e, \u00e0 <a href=\"https:\/\/www.planete-sciences.org\/aura\/animations\/individuel\/a-grenoble\/les-clubs\/\">Grenoble<\/a> ou <a href=\"https:\/\/www.planete-sciences.org\/aura\/animations\/individuel\/a-vaulx-en-velin\/les-clubs-vaulx-en-velin\/\">Vaulx-en-Velin<\/a><\/p>\n<p><img loading=\"lazy\" decoding=\"async\" class=\"puce\" src=\"http:\/\/www.planete-sciences.org\/rhone\/local\/cache-vignettes\/L12xH12\/puce-421b5.gif\" alt=\"-\" width=\"12\" height=\"12\" \/>\u00a0En participant aux concours organis\u00e9s par Plan\u00e8te Sciences\u00a0: <a href=\"https:\/\/www.planete-sciences.org\/aura\/evenements\/trophees-de-robotique\/\"><strong>Troph\u00e9es de robotique<\/strong><\/a>, <strong>challenge de robotique<\/strong> , avec une classe, un club, un centre de loisirs, un atelier p\u00e9riscolaire &#8230;<\/p>\n<p><img loading=\"lazy\" decoding=\"async\" class=\"puce\" src=\"http:\/\/www.planete-sciences.org\/rhone\/local\/cache-vignettes\/L12xH12\/puce-421b5.gif\" alt=\"-\" width=\"12\" height=\"12\" \/>\u00a0Sur demande pour les structures d\u2019accueil collectif de mineurs<\/p>\n<p>Nous pouvons vous aider \u00e0 mettre en place vos projets, gr\u00e2ce \u00e0 des <a class=\"spip_in\" href=\"https:\/\/www.planete-sciences.org\/aura\/formations\/\">formations<\/a> destin\u00e9es aux animateurs et enseignants ou encore le suivi de projets tout au long de l\u2019ann\u00e9e, n\u2019h\u00e9sitez pas \u00e0 <a href=\"https:\/\/www.planete-sciences.org\/aura\/contact\/\">demander des pr\u00e9cisions<\/a>.<\/p>\n<div class=\"texteencadre-spip spip\">\n<div class=\"spip\"><strong>La Malle d\u2019Activit\u00e9 Robotique Informatique Educative (MARIE)<\/strong><\/div>\n<p>Pour les structures et les animateurs, Plan\u00e8te Sciences Rh\u00f4ne-Alpes, en partenariat avec la <strong><a class=\"spip_out\" href=\"http:\/\/www.rhone-alpes.drjscs.gouv.fr\/\" rel=\"external\">Direction R\u00e9gionale de la Jeunesse, des Sports et de la Coh\u00e9sion Sociale (DRJSCS)<\/a><\/strong>, propose une location de malle d\u2019activit\u00e9 comprenant tout l\u2019outillage n\u00e9cessaire \u00e0 un atelier robotique, et une partie du mat\u00e9riel \u00ab\u00a0consommable\u00a0\u00bb. La mise \u00e0 disposition est factur\u00e9e 20 euros, et seul le consommable utilis\u00e9 est factur\u00e9, \u00e0 prix coutant. Ce syst\u00e8me permet donc aux structures d\u2019\u00e9viter d\u2019avoir \u00e0 investir trop lourdement en mat\u00e9riel technique.<\/p>\n<dl class=\"spip_document_1281 spip_documents spip_documents_center\">\n<dt><a class=\"cboxElement hasbox\" title=\"JPEG - 730.6\u00a0ko\" href=\"http:\/\/www.planete-sciences.org\/rhone\/IMG\/jpg\/fiche_inventaire_MARIE_vierge.jpg?1281\/501bee8eeb0311636a37dc07d9dee4a1578f5bdc\" type=\"image\/jpeg\"><img loading=\"lazy\" decoding=\"async\" src=\"http:\/\/www.planete-sciences.org\/rhone\/local\/cache-vignettes\/L150xH107\/fiche_inventaire_MARIE_vierge-1d175-9a8f7.jpg\" alt=\"JPEG - 730.6\u00a0ko\" width=\"150\" height=\"107\" \/><\/a><\/dt>\n<dt class=\"crayon document-titre-1281 spip_doc_titre\"><strong>Fiche inventaire M.A.R.I.E.<\/strong><\/dt>\n<\/dl>\n<\/div>\n<p><i> <strong>Les \u00e9v\u00e9nements \u00ab\u00a0robotique\u00a0\u00bb<\/strong> <\/i><\/p>\n<p>Un grand concours de robotique est organis\u00e9 au niveau national et Europ\u00e9en, les <strong class=\"caractencadre-spip spip\">Troph\u00e9es de Robotique<\/strong>. En Rh\u00f4ne-Alpes, nous profitons de cet \u00e9v\u00e8nement pour organiser les <strong class=\"caractencadre-spip spip\">Rencontres de Robotique<\/strong>, qui rassemblent les diff\u00e9rents acteurs du milieu de la robotique et le grand public.<\/p>\n<p><a class=\"spip_in\" href=\"http:\/\/www.planete-sciences.org\/rhone\/spip.php?rubrique45\"><strong>Plus d\u2019information sur les Rencontres de Robotique<\/strong><\/a>.<\/p>\n<p>Pour les plus jeunes, voici un lien vers la page des <a class=\"spip_in\" href=\"http:\/\/www.planete-sciences.org\/rhone\/spip.php?rubrique77\"><strong>Challenges de robotique<\/strong><\/a>, petit concours Rh\u00f4ne-Alpin de robotique a destination des enfants de niveau primaire.<\/p>\n<p><i> <strong>Fiches activit\u00e9<\/strong> <\/i><\/p>\n<p>Des fiches d\u2019activit\u00e9 sont en cours de r\u00e9daction par les animateurs robotique de Plan\u00e8te Sciences Rh\u00f4ne-Alpes. Vous trouverez ci-apr\u00e8s les premi\u00e8res d\u2019entre elles. N\u2019h\u00e9sitez pas \u00e0 nous soumettre vos propres fiches&#8230;<\/p>\n<p><img loading=\"lazy\" decoding=\"async\" class=\"puce\" src=\"http:\/\/www.planete-sciences.org\/rhone\/local\/cache-vignettes\/L12xH12\/puce-421b5.gif\" alt=\"-\" width=\"12\" height=\"12\" \/>\u00a0<a class=\"spip_in\" href=\"http:\/\/www.planete-sciences.org\/rhone\/spip.php?rubrique78\">Le va et vient<\/a><\/p>\n<p><img loading=\"lazy\" decoding=\"async\" class=\"puce\" src=\"http:\/\/www.planete-sciences.org\/rhone\/local\/cache-vignettes\/L12xH12\/puce-421b5.gif\" alt=\"-\" width=\"12\" height=\"12\" \/>\u00a0<a class=\"spip_in\" href=\"http:\/\/www.planete-sciences.org\/rhone\/spip.php?rubrique81\">Le feu tricolore<\/a><\/p>\n<p><img loading=\"lazy\" decoding=\"async\" class=\"puce\" src=\"http:\/\/www.planete-sciences.org\/rhone\/local\/cache-vignettes\/L12xH12\/puce-421b5.gif\" alt=\"-\" width=\"12\" height=\"12\" \/>\u00a0<a class=\"spip_in\" href=\"http:\/\/www.planete-sciences.org\/rhone\/spip.php?rubrique90\">L\u2019interrupteur inverseur<\/a><\/p>\n<p><i> <strong>Quelques liens\u00a0:<\/strong> <\/i><\/p>\n<p><img loading=\"lazy\" decoding=\"async\" class=\"puce\" src=\"http:\/\/www.planete-sciences.org\/rhone\/local\/cache-vignettes\/L12xH12\/puce-421b5.gif\" alt=\"-\" width=\"12\" height=\"12\" \/>\u00a0<a class=\"spip_out\" href=\"http:\/\/www.cnrs.fr\/cw\/dossiers\/dosrob\/accueil\/index.html\" rel=\"external\">La robotique au CNRS<\/a><\/p>\n<p><img loading=\"lazy\" decoding=\"async\" class=\"puce\" src=\"http:\/\/www.planete-sciences.org\/rhone\/local\/cache-vignettes\/L12xH12\/puce-421b5.gif\" alt=\"-\" width=\"12\" height=\"12\" \/>\u00a0<a class=\"spip_out\" href=\"http:\/\/www.robotimpact.com\/\" rel=\"external\">Robotimpact<\/a><\/p>\n<\/div>\n<p>&nbsp;<\/p>\n<p>Pour en savoir plus sur nos activit\u00e9s, consultez notre <a href=\"https:\/\/www.planete-sciences.org\/aura\/wp-content\/uploads\/2018\/02\/Catalogue-dactivit\u00e9s-2017-Plan\u00e8te-Sciences-Auvergne-Rh\u00f4ne-Alpes.pdf\">catalogue d&rsquo;animations<\/a>.<\/p>\n","protected":false},"excerpt":{"rendered":"<p>A Plan\u00e8te Sciences, les robots avancent et reculent gr\u00e2ce \u00e0 une brosse, tournent, battent des ailes\u00a0; ce sont des robots qui rabotent, des robots futuristes, des robots grues, \u2026 Du <a class=\"more-link\" href=\"https:\/\/www.planete-sciences.org\/aura\/thematiques\/robotique\/\">Lire la suite \u2192<\/a><\/p>\n","protected":false},"author":1,"featured_media":0,"parent":63,"menu_order":0,"comment_status":"closed","ping_status":"closed","template":"","meta":{"footnotes":""},"class_list":["post-46","page","type-page","status-publish","hentry"],"_links":{"self":[{"href":"https:\/\/www.planete-sciences.org\/aura\/wp-json\/wp\/v2\/pages\/46","targetHints":{"allow":["GET"]}}],"collection":[{"href":"https:\/\/www.planete-sciences.org\/aura\/wp-json\/wp\/v2\/pages"}],"about":[{"href":"https:\/\/www.planete-sciences.org\/aura\/wp-json\/wp\/v2\/types\/page"}],"author":[{"embeddable":true,"href":"https:\/\/www.planete-sciences.org\/aura\/wp-json\/wp\/v2\/users\/1"}],"replies":[{"embeddable":true,"href":"https:\/\/www.planete-sciences.org\/aura\/wp-json\/wp\/v2\/comments?post=46"}],"version-history":[{"count":7,"href":"https:\/\/www.planete-sciences.org\/aura\/wp-json\/wp\/v2\/pages\/46\/revisions"}],"predecessor-version":[{"id":1260,"href":"https:\/\/www.planete-sciences.org\/aura\/wp-json\/wp\/v2\/pages\/46\/revisions\/1260"}],"up":[{"embeddable":true,"href":"https:\/\/www.planete-sciences.org\/aura\/wp-json\/wp\/v2\/pages\/63"}],"wp:attachment":[{"href":"https:\/\/www.planete-sciences.org\/aura\/wp-json\/wp\/v2\/media?parent=46"}],"curies":[{"name":"wp","href":"https:\/\/api.w.org\/{rel}","templated":true}]}}