{"id":42,"date":"2016-06-23T09:47:44","date_gmt":"2016-06-23T09:47:44","guid":{"rendered":"http:\/\/monpc-120416357:81\/wordpress\/?page_id=42"},"modified":"2024-04-12T08:02:26","modified_gmt":"2024-04-12T08:02:26","slug":"astronomie","status":"publish","type":"page","link":"https:\/\/www.planete-sciences.org\/aura\/thematiques\/astronomie\/","title":{"rendered":"Astronomie"},"content":{"rendered":"<p style=\"text-align: justify;\">L&rsquo;astronomie est la science \u00e9tudiant les astres observables au dessus de nos t\u00eates. Afin de comprendre l&rsquo;immensit\u00e9 et la beaut\u00e9 de l&rsquo;espace qui nous entoure, Plan\u00e8te Sciences vous propose diff\u00e9rentes activit\u00e9s afin d&rsquo;arpenter notre vo\u00fbte \u00e9toil\u00e9e.<\/p>\n<p>D\u00e9sormais, nous proposons des s\u00e9ances de plan\u00e9tarium itin\u00e9rant ! Nous venons avec notre structure de 6 m de diam\u00e8tre par 3 m de haut ! Num\u00e9rique, il est possible de diffuser ce que l&rsquo;on souhaite selon les questions des participants ! D\u00e9couverte du ciel, compr\u00e9hension de notre place dans l&rsquo;Univers, d\u00e9couverte du syst\u00e8me Solaire, il y en a pour tous les go\u00fbts ! Ce d\u00f4me, en toile opaque peut \u00e9pouser la forme de la pi\u00e8ce si celle-ci est l\u00e9g\u00e8rement plus petite que le d\u00f4me. C&rsquo;est une structure souple !<\/p>\n<p>Accueil : 24 personnes<\/p>\n<p>Dur\u00e9e moyenne d&rsquo;une s\u00e9ance : 40 min (30 min + 10 min (entr\u00e9e \/ sortie))<\/p>\n<p>Pour plus d&rsquo;informations contacter nous : isere@planete-sciences.org\u00a0 \u00a007 68 17 82 08<\/p>\n<p>&nbsp;<\/p>\n<p><img fetchpriority=\"high\" decoding=\"async\" class=\"aligncenter wp-image-2397 \" src=\"https:\/\/www.planete-sciences.org\/aura\/wp-content\/uploads\/2024\/04\/20191008_105134.jpg\" alt=\"\" width=\"444\" height=\"253\" \/><\/p>\n<p>&nbsp;<\/p>\n<p style=\"text-align: justify;\">Que ce soit pour apprendre \u00e0 se servir d\u2019une lunette ou d\u2019un t\u00e9lescope, pointer une galaxie, photographier Saturne ou encore d\u00e9terminer l\u2019\u00e2ge d\u2019un amas d\u2019\u00e9toiles, l\u2019astronomie offre des possibilit\u00e9s d\u2019investigations infinies et adapt\u00e9es \u00e0 tous. De jour comme de nuit, en classe ou en dehors, de belles activit\u00e9s vous attendent.<\/p>\n<p><img decoding=\"async\" class=\"aligncenter wp-image-2307 size-full\" src=\"https:\/\/www.planete-sciences.org\/aura\/wp-content\/uploads\/2023\/10\/TIMELAPSJUILLET_398.jpg\" alt=\"\" width=\"3888\" height=\"2592\" srcset=\"https:\/\/www.planete-sciences.org\/aura\/wp-content\/uploads\/2023\/10\/TIMELAPSJUILLET_398.jpg 3888w, https:\/\/www.planete-sciences.org\/aura\/wp-content\/uploads\/2023\/10\/TIMELAPSJUILLET_398-300x200.jpg 300w, https:\/\/www.planete-sciences.org\/aura\/wp-content\/uploads\/2023\/10\/TIMELAPSJUILLET_398-768x512.jpg 768w, https:\/\/www.planete-sciences.org\/aura\/wp-content\/uploads\/2023\/10\/TIMELAPSJUILLET_398-1024x683.jpg 1024w\" sizes=\"(max-width: 3888px) 100vw, 3888px\" \/><\/p>\n<p style=\"text-align: justify;\">Quelques exemples :<\/p>\n<ul>\n<li>Soir\u00e9e astronomie dans un parc, un centre de loisirs, une<br \/>\ncolo, &#8230;<\/li>\n<li>Observation du soleil en journ\u00e9e, sur un march\u00e9, dans un parc, lors d&rsquo;un \u00e9v\u00e9nement, &#8230;<\/li>\n<li>D\u00e9couverte des mouvements dans le syst\u00e8me solaire : rotations, jour\/nuit, saisons, phases de la Lune, &#8230;<\/li>\n<\/ul>\n<p>Pour en savoir plus sur nos activit\u00e9s, consultez notre <a href=\"https:\/\/www.planete-sciences.org\/aura\/wp-content\/uploads\/2018\/02\/Catalogue-dactivit\u00e9s-2017-Plan\u00e8te-Sciences-Auvergne-Rh\u00f4ne-Alpes.pdf\">catalogue d&rsquo;animations<\/a>\u00a0et n&rsquo;h\u00e9sitez pas \u00e0 nous contacter !<\/p>\n","protected":false},"excerpt":{"rendered":"<p>L&rsquo;astronomie est la science \u00e9tudiant les astres observables au dessus de nos t\u00eates. Afin de comprendre l&rsquo;immensit\u00e9 et la beaut\u00e9 de l&rsquo;espace qui nous entoure, Plan\u00e8te Sciences vous propose diff\u00e9rentes <a class=\"more-link\" href=\"https:\/\/www.planete-sciences.org\/aura\/thematiques\/astronomie\/\">Lire la suite \u2192<\/a><\/p>\n","protected":false},"author":1,"featured_media":0,"parent":63,"menu_order":0,"comment_status":"closed","ping_status":"closed","template":"","meta":{"footnotes":""},"class_list":["post-42","page","type-page","status-publish","hentry"],"_links":{"self":[{"href":"https:\/\/www.planete-sciences.org\/aura\/wp-json\/wp\/v2\/pages\/42","targetHints":{"allow":["GET"]}}],"collection":[{"href":"https:\/\/www.planete-sciences.org\/aura\/wp-json\/wp\/v2\/pages"}],"about":[{"href":"https:\/\/www.planete-sciences.org\/aura\/wp-json\/wp\/v2\/types\/page"}],"author":[{"embeddable":true,"href":"https:\/\/www.planete-sciences.org\/aura\/wp-json\/wp\/v2\/users\/1"}],"replies":[{"embeddable":true,"href":"https:\/\/www.planete-sciences.org\/aura\/wp-json\/wp\/v2\/comments?post=42"}],"version-history":[{"count":23,"href":"https:\/\/www.planete-sciences.org\/aura\/wp-json\/wp\/v2\/pages\/42\/revisions"}],"predecessor-version":[{"id":2401,"href":"https:\/\/www.planete-sciences.org\/aura\/wp-json\/wp\/v2\/pages\/42\/revisions\/2401"}],"up":[{"embeddable":true,"href":"https:\/\/www.planete-sciences.org\/aura\/wp-json\/wp\/v2\/pages\/63"}],"wp:attachment":[{"href":"https:\/\/www.planete-sciences.org\/aura\/wp-json\/wp\/v2\/media?parent=42"}],"curies":[{"name":"wp","href":"https:\/\/api.w.org\/{rel}","templated":true}]}}