{"id":38,"date":"2016-06-23T09:45:50","date_gmt":"2016-06-23T09:45:50","guid":{"rendered":"http:\/\/monpc-120416357:81\/wordpress\/?page_id=38"},"modified":"2025-12-03T08:02:37","modified_gmt":"2025-12-03T08:02:37","slug":"trophees-de-robotique","status":"publish","type":"page","link":"https:\/\/www.planete-sciences.org\/aura\/evenements\/trophees-de-robotique\/","title":{"rendered":"Rencontres de Robotique"},"content":{"rendered":"<p>Les Rencontres de Robotique sont organis\u00e9es chaque ann\u00e9e par Plan\u00e8te Sciences Auvergne-Rh\u00f4ne-Alpes et la ville de Vaulx-en-Velin dans le but de faire d\u00e9couvrir le monde de la robotique au grand public. Cette journ\u00e9e festive propose \u00e0 tous, curieux comme passionn\u00e9s de robotique, d&rsquo;assister \u00e0 des matchs de robots, mais aussi de d\u00e9couvrir et d&rsquo;exp\u00e9rimenter l&rsquo;\u00e9lectronique, la programmation ou encore le pilotage des robots !<\/p>\n<div class=\"text_exposed_show\">\n<p><strong>La prochaine \u00e9dition se d\u00e9roulera le 28 f\u00e9vrier 2026 !<br \/>\n<\/strong><\/p>\n<\/div>\n<p>Toutes les infos concernant la Coupe de France de Robotique : <a href=\"https:\/\/www.coupederobotique.fr\/\">coupederobotique.fr\/<\/a><\/p>\n<p><img decoding=\"async\" class=\"aligncenter\" src=\"https:\/\/www.coupederobotique.fr\/wp-content\/uploads\/WINTER_IS_COMING.png\" \/><\/p>\n<p>L\u2019<b>hiver arrive<\/b>, et l\u2019heure est venue pour les \u00e9cureuils de constituer leurs\u00a0<b>pr\u00e9cieuses r\u00e9serves<\/b>\u00a0pour survivre aux longs mois de froid, bien au chaud dans leurs nids douillets.<\/p>\n<p>H\u00e9las, une ombre plane sur leurs efforts. De\u00a0<b>m\u00e9chants humains<\/b>\u00a0sont pass\u00e9s avant eux, ramassant la totalit\u00e9 des\u00a0<b>noisettes<\/b>\u00a0qu\u2019ils ont consciencieusement empil\u00e9es dans des caisses. Ils sont sur le point de partir avec ce\u00a0<b>tr\u00e9sor<\/b>, condamnant les \u00e9cureuils \u00e0 la famine !<\/p>\n<p>Par chance, c\u2019est l\u2019heure de la\u00a0<b>pause-caf\u00e9<\/b>\u00a0! Les humains s\u2019\u00e9loignent, laissant les caisses sans surveillance, mais l\u2019occasion est\u00a0<b>fugace<\/b>. Les \u00e9cureuils n\u2019ont que quelques secondes pour d\u00e9rober leur butin et le\u00a0<b>dissimuler<\/b>\u00a0loin des regards indiscrets. Leur\u00a0<b>course contre la montre<\/b>\u00a0est lanc\u00e9e.<\/p>\n<p>R\u00e9ussiront ils \u00e0 mettre la main sur\u00a0<b>suffisamment de noisettes<\/b>\u00a0pour traverser l\u2019hiver ?<\/p>\n<p>&nbsp;<\/p>\n<p>Pour plus de pr\u00e9cision :\u00a0<a href=\"https:\/\/www.eurobot.org\/wp-content\/uploads\/2025\/10\/Eurobot2026_Rules_1.0_FR.pdf\">\u00a0r\u00e8glement du concours 2026<\/a><\/p>\n<p>&nbsp;<\/p>\n<div class=\"fusion-text\">\n<div>\n<p>&nbsp;<\/p>\n<\/div>\n<\/div>\n","protected":false},"excerpt":{"rendered":"<p>Les Rencontres de Robotique sont organis\u00e9es chaque ann\u00e9e par Plan\u00e8te Sciences Auvergne-Rh\u00f4ne-Alpes et la ville de Vaulx-en-Velin dans le but de faire d\u00e9couvrir le monde de la robotique au grand <a class=\"more-link\" href=\"https:\/\/www.planete-sciences.org\/aura\/evenements\/trophees-de-robotique\/\">Lire la suite \u2192<\/a><\/p>\n","protected":false},"author":1,"featured_media":0,"parent":12,"menu_order":0,"comment_status":"closed","ping_status":"closed","template":"","meta":{"footnotes":""},"class_list":["post-38","page","type-page","status-publish","hentry"],"_links":{"self":[{"href":"https:\/\/www.planete-sciences.org\/aura\/wp-json\/wp\/v2\/pages\/38","targetHints":{"allow":["GET"]}}],"collection":[{"href":"https:\/\/www.planete-sciences.org\/aura\/wp-json\/wp\/v2\/pages"}],"about":[{"href":"https:\/\/www.planete-sciences.org\/aura\/wp-json\/wp\/v2\/types\/page"}],"author":[{"embeddable":true,"href":"https:\/\/www.planete-sciences.org\/aura\/wp-json\/wp\/v2\/users\/1"}],"replies":[{"embeddable":true,"href":"https:\/\/www.planete-sciences.org\/aura\/wp-json\/wp\/v2\/comments?post=38"}],"version-history":[{"count":91,"href":"https:\/\/www.planete-sciences.org\/aura\/wp-json\/wp\/v2\/pages\/38\/revisions"}],"predecessor-version":[{"id":2577,"href":"https:\/\/www.planete-sciences.org\/aura\/wp-json\/wp\/v2\/pages\/38\/revisions\/2577"}],"up":[{"embeddable":true,"href":"https:\/\/www.planete-sciences.org\/aura\/wp-json\/wp\/v2\/pages\/12"}],"wp:attachment":[{"href":"https:\/\/www.planete-sciences.org\/aura\/wp-json\/wp\/v2\/media?parent=38"}],"curies":[{"name":"wp","href":"https:\/\/api.w.org\/{rel}","templated":true}]}}