{"id":36,"date":"2016-06-23T09:45:29","date_gmt":"2016-06-23T09:45:29","guid":{"rendered":"http:\/\/monpc-120416357:81\/wordpress\/?page_id=36"},"modified":"2025-06-06T08:29:56","modified_gmt":"2025-06-06T08:29:56","slug":"les-festiciels","status":"publish","type":"page","link":"https:\/\/www.planete-sciences.org\/aura\/evenements\/les-festiciels\/","title":{"rendered":"Les Festiciels"},"content":{"rendered":"<p style=\"text-align: justify;\"><strong>Les Festiciels seront de retour le samedi 05 juillet 2025\u00a0 !<\/strong><\/p>\n<p>Plan\u00e8te Sciences Auvergne-Rh\u00f4ne-Alpes et la Ville de Vaulx-en-Velin en partenariat avec le <a href=\"https:\/\/cnes.fr\/fr\">CNES<\/a>, organisent tous les ans les Festiciels, f\u00eate du ciel et de l\u2019espace, dont l\u2019objectif est de permettre \u00e0 tout un chacun de d\u00e9couvrir ces th\u00e9matiques de mani\u00e8re ludique et exp\u00e9rimentale.<\/p>\n<p style=\"text-align: justify;\">Chaque participant aura l&rsquo;opportunit\u00e9 de d\u00e9couvrir au travers d&rsquo;ateliers les fus\u00e9es, les moulins \u00e0 vent, les cerfs-volants, les drones et autres objets volants&#8230;<\/p>\n<p style=\"text-align: justify;\">Tout la journ\u00e9e, vous serez invit\u00e9s \u00e0 participer aux diff\u00e9rents ateliers dont l&rsquo;inscription se fait sur place.<\/p>\n<p><a href=\"https:\/\/www.planete-sciences.org\/aura\/wp-content\/uploads\/2025\/06\/Flyer-Festiciels-2025.jpg\"><img fetchpriority=\"high\" decoding=\"async\" class=\"aligncenter size-large wp-image-2543\" src=\"https:\/\/www.planete-sciences.org\/aura\/wp-content\/uploads\/2025\/06\/Flyer-Festiciels-2025-731x1024.jpg\" alt=\"\" width=\"600\" height=\"840\" srcset=\"https:\/\/www.planete-sciences.org\/aura\/wp-content\/uploads\/2025\/06\/Flyer-Festiciels-2025-731x1024.jpg 731w, https:\/\/www.planete-sciences.org\/aura\/wp-content\/uploads\/2025\/06\/Flyer-Festiciels-2025-214x300.jpg 214w, https:\/\/www.planete-sciences.org\/aura\/wp-content\/uploads\/2025\/06\/Flyer-Festiciels-2025-768x1076.jpg 768w, https:\/\/www.planete-sciences.org\/aura\/wp-content\/uploads\/2025\/06\/Flyer-Festiciels-2025.jpg 1771w\" sizes=\"(max-width: 600px) 100vw, 600px\" \/><\/a><img decoding=\"async\" class=\"alignleft wp-image-771 size-full\" src=\"https:\/\/www.planete-sciences.org\/aura\/wp-content\/uploads\/2016\/06\/moulin.png\" alt=\"moulin\" width=\"100\" height=\"149\" \/><\/p>\n<p>&nbsp;<\/p>\n<p>&nbsp;<\/p>\n<p><strong>Le Jardin des Vents (d\u00e8s 4 ans)<\/strong><\/p>\n<p>Venez dans le jardin construire des objets vari\u00e9s, color\u00e9s et attractifs. Repartez avec votre girouette, votre moulin \u00e0 vent ou laissez-le au jardin pour que chacun des participants l\u2019admirent\u00a0!<\/p>\n<p>&nbsp;<\/p>\n<p><strong>Les drones (d\u00e8s 8 ans)\u00a0<\/strong><\/p>\n<p><strong><img decoding=\"async\" class=\"size-thumbnail wp-image-2142 alignright\" src=\"https:\/\/www.planete-sciences.org\/aura\/wp-content\/uploads\/2022\/06\/Drone2-150x150.jpg\" alt=\"\" width=\"150\" height=\"150\" \/><\/strong>Familiarisez-vous avec ces robots qui ont su partir \u00e0 la conqu\u00eate du ciel et apprenez \u00e0 les piloter ou \u00e0 les programmer !<\/p>\n<p>&nbsp;<\/p>\n<p><strong><img loading=\"lazy\" decoding=\"async\" class=\"wp-image-575 size-thumbnail alignleft\" src=\"https:\/\/www.planete-sciences.org\/aura\/wp-content\/uploads\/2016\/06\/G0046301bis-150x150.jpg\" alt=\"\" width=\"150\" height=\"150\" \/>Les fus\u00e9es (d\u00e8s 6 ans)<\/strong><\/p>\n<p>A l\u2019aide de mat\u00e9riaux simples, construisez une r\u00e9plique miniature d\u2019un vaisseau spatial et faites la d\u00e9coller !<\/p>\n<p>&nbsp;<\/p>\n<p><strong>Les cerfs-volants (d\u00e8s 8 ans)<\/strong><img loading=\"lazy\" decoding=\"async\" class=\"alignleft wp-image-775 size-thumbnail\" src=\"https:\/\/www.planete-sciences.org\/aura\/wp-content\/uploads\/2016\/06\/20150716_115327-e1517334836413-150x150.jpg\" alt=\"20150716_115327\" width=\"150\" height=\"150\" \/><\/p>\n<p>Peu importe la forme, le cerf-volant doit pouvoir se stabiliser sur le courant d\u2019air\u2026 Apr\u00e8s avoir pris connaissance des principes fondamentaux pour que le vol soit r\u00e9ussi, chaque enfant r\u00e9alise son propre cerf-volant.<\/p>\n<p>&nbsp;<\/p>\n<p><strong>Observatoire de Lyon (d\u00e8s 6 ans) <\/strong><\/p>\n<p>&nbsp;<\/p>\n<p>Venez fabriquer votre carte du ciel et d\u00e9couvrir comment \u00e9voluent les galaxies\u00a0!<\/p>\n<p>&nbsp;<\/p>\n<p><strong>Club d\u2019Astronomie de Lyon Amp\u00e8re (d\u00e8s 6 ans) <\/strong><\/p>\n<p>&nbsp;<\/p>\n<p>Le Club d\u2019astronomie de Lyon Amp\u00e8re (CALA) vous propose d&rsquo;observer le soleil et de comprendre notre \u00e9toile, \u00e9ruptions et protub\u00e9rances seront au rendez-vous dans notre t\u00e9lescope !<\/p>\n<p>&nbsp;<\/p>\n<p><strong>Machines du ciel (MHD Production) <\/strong><\/p>\n<p>&nbsp;<\/p>\n<p>Venez vous immerger dans l\u2019int\u00e9gration d\u2019un satellite et assembler les diff\u00e9rents composants n\u00e9cessaires \u00e0 sa mission pour enfin assister \u00e0 son lancement\u00a0!<\/p>\n<p><span style=\"color: #333399;\"><strong>\u00c0 ne pas manquer\u2026<\/strong><\/span><\/p>\n<p><strong>Le concours de fus\u00e9es \u00e0 eau \u00ab AQUAMAX \u00bb &#8211; D\u00e8s 14h<\/strong><br \/>\nLes \u00e9coliers vaudais se sont lanc\u00e9s dans un d\u00e9fi spatial et vous font d\u00e9couvrir les fus\u00e9es qu\u2019ils ont r\u00e9alis\u00e9es dans le cadre des activit\u00e9s p\u00e9riscolaires. Qui aura fabriqu\u00e9 la plus belle fus\u00e9e ? Laquelle\u00a0 \u00a0effectuera le plus long vol ? Venez les encourager et les applaudir !<\/p>\n<p style=\"text-align: justify;\">Prix\u00a0: Cette manifestation est enti\u00e8rement gratuite et ouverte \u00e0 tous.<br \/>\nProchaine \u00e9dition : 05 juillet 2025<\/p>\n<p style=\"text-align: justify;\">Horaires\u00a0: de 10h \u00e0 12h30 et de 14h \u00e0 18h<br \/>\nLieu\u00a0: P\u00f4le loisirs du Carr\u00e9 de Soie, Avenue de B\u00f6hlen, 69 120 Vaulx-en-Velin<\/p>\n<p>&nbsp;<\/p>\n","protected":false},"excerpt":{"rendered":"<p>Les Festiciels seront de retour le samedi 05 juillet 2025\u00a0 ! Plan\u00e8te Sciences Auvergne-Rh\u00f4ne-Alpes et la Ville de Vaulx-en-Velin en partenariat avec le CNES, organisent tous les ans les Festiciels, <a class=\"more-link\" href=\"https:\/\/www.planete-sciences.org\/aura\/evenements\/les-festiciels\/\">Lire la suite \u2192<\/a><\/p>\n","protected":false},"author":1,"featured_media":0,"parent":12,"menu_order":0,"comment_status":"closed","ping_status":"closed","template":"","meta":{"footnotes":""},"class_list":["post-36","page","type-page","status-publish","hentry"],"_links":{"self":[{"href":"https:\/\/www.planete-sciences.org\/aura\/wp-json\/wp\/v2\/pages\/36","targetHints":{"allow":["GET"]}}],"collection":[{"href":"https:\/\/www.planete-sciences.org\/aura\/wp-json\/wp\/v2\/pages"}],"about":[{"href":"https:\/\/www.planete-sciences.org\/aura\/wp-json\/wp\/v2\/types\/page"}],"author":[{"embeddable":true,"href":"https:\/\/www.planete-sciences.org\/aura\/wp-json\/wp\/v2\/users\/1"}],"replies":[{"embeddable":true,"href":"https:\/\/www.planete-sciences.org\/aura\/wp-json\/wp\/v2\/comments?post=36"}],"version-history":[{"count":49,"href":"https:\/\/www.planete-sciences.org\/aura\/wp-json\/wp\/v2\/pages\/36\/revisions"}],"predecessor-version":[{"id":2546,"href":"https:\/\/www.planete-sciences.org\/aura\/wp-json\/wp\/v2\/pages\/36\/revisions\/2546"}],"up":[{"embeddable":true,"href":"https:\/\/www.planete-sciences.org\/aura\/wp-json\/wp\/v2\/pages\/12"}],"wp:attachment":[{"href":"https:\/\/www.planete-sciences.org\/aura\/wp-json\/wp\/v2\/media?parent=36"}],"curies":[{"name":"wp","href":"https:\/\/api.w.org\/{rel}","templated":true}]}}