{"id":32,"date":"2016-06-23T09:44:49","date_gmt":"2016-06-23T09:44:49","guid":{"rendered":"http:\/\/monpc-120416357:81\/wordpress\/?page_id=32"},"modified":"2018-02-19T17:06:29","modified_gmt":"2018-02-19T17:06:29","slug":"individuel","status":"publish","type":"page","link":"https:\/\/www.planete-sciences.org\/aura\/animations\/individuel\/","title":{"rendered":"Individuel"},"content":{"rendered":"<p>Plan\u00e8te Sciences Auvergne-Rh\u00f4ne-Alpes propose r\u00e9guli\u00e8rement des stages scientifiques pendant les vacances, des soir\u00e9es en semaine, des journ\u00e9es les weekends et des clubs les mercredis.<\/p>\n<p>Ces animations ont lieux \u00e0 Grenoble et Vaulx-en-Velin et sont anim\u00e9es par des animateurs professionnels &amp; passionn\u00e9s.<\/p>\n<p><img fetchpriority=\"high\" decoding=\"async\" class=\"aligncenter wp-image-1150 size-medium\" src=\"https:\/\/www.planete-sciences.org\/aura\/wp-content\/uploads\/2018\/02\/4-300x225.jpg\" alt=\"\" width=\"300\" height=\"225\" srcset=\"https:\/\/www.planete-sciences.org\/aura\/wp-content\/uploads\/2018\/02\/4-300x225.jpg 300w, https:\/\/www.planete-sciences.org\/aura\/wp-content\/uploads\/2018\/02\/4-350x263.jpg 350w, https:\/\/www.planete-sciences.org\/aura\/wp-content\/uploads\/2018\/02\/4.jpg 600w\" sizes=\"(max-width: 300px) 100vw, 300px\" \/><\/p>\n<p>Pour les animations sur Vaulx-en-Velin, <a href=\"https:\/\/www.planete-sciences.org\/aura\/animations\/individuel\/a-vaulx-en-velin\/\">c&rsquo;est par ici<\/a>.<\/p>\n<p>Pour les animations sur Grenoble, <a href=\"https:\/\/www.planete-sciences.org\/aura\/animations\/individuel\/a-grenoble\/\">c&rsquo;est par ici<\/a>.<\/p>\n<p>Vous y d\u00e9couvrirez les joies de la robotique, l&rsquo;excitation des d\u00e9collages de fus\u00e9es, les secrets des cerfs-volants, les techniques pour r\u00e9aliser un jeux vid\u00e9o et bien d&rsquo;autres curiosit\u00e9s !<\/p>\n<p><img decoding=\"async\" class=\"aligncenter wp-image-1196 size-large\" src=\"https:\/\/www.planete-sciences.org\/aura\/wp-content\/uploads\/2018\/02\/GOPR0921-1024x768.jpg\" alt=\"\" width=\"600\" height=\"450\" srcset=\"https:\/\/www.planete-sciences.org\/aura\/wp-content\/uploads\/2018\/02\/GOPR0921-1024x768.jpg 1024w, https:\/\/www.planete-sciences.org\/aura\/wp-content\/uploads\/2018\/02\/GOPR0921-300x225.jpg 300w, https:\/\/www.planete-sciences.org\/aura\/wp-content\/uploads\/2018\/02\/GOPR0921-768x576.jpg 768w, https:\/\/www.planete-sciences.org\/aura\/wp-content\/uploads\/2018\/02\/GOPR0921-350x263.jpg 350w, https:\/\/www.planete-sciences.org\/aura\/wp-content\/uploads\/2018\/02\/GOPR0921.jpg 1200w\" sizes=\"(max-width: 600px) 100vw, 600px\" \/><\/p>\n<p>&nbsp;<\/p>\n<p>Aucun pr\u00e9-recquis n&rsquo;est n\u00e9cessaire et les animations sont adapt\u00e9s aux tranches d&rsquo;\u00e2ges sp\u00e9cifi\u00e9s sur la page des stages.<\/p>\n<p><img decoding=\"async\" class=\"aligncenter size-full wp-image-1059\" src=\"https:\/\/www.planete-sciences.org\/aura\/wp-content\/uploads\/2018\/01\/GOPR9151.jpg\" alt=\"\" width=\"800\" height=\"600\" srcset=\"https:\/\/www.planete-sciences.org\/aura\/wp-content\/uploads\/2018\/01\/GOPR9151.jpg 800w, https:\/\/www.planete-sciences.org\/aura\/wp-content\/uploads\/2018\/01\/GOPR9151-300x225.jpg 300w, https:\/\/www.planete-sciences.org\/aura\/wp-content\/uploads\/2018\/01\/GOPR9151-768x576.jpg 768w, https:\/\/www.planete-sciences.org\/aura\/wp-content\/uploads\/2018\/01\/GOPR9151-350x263.jpg 350w\" sizes=\"(max-width: 800px) 100vw, 800px\" \/><\/p>\n<p>D\u00e9sormais, les adultes peuvent aussi d\u00e9couvrir les sciences et r\u00e9aliser leurs propres exp\u00e9riences !<\/p>\n","protected":false},"excerpt":{"rendered":"<p>Plan\u00e8te Sciences Auvergne-Rh\u00f4ne-Alpes propose r\u00e9guli\u00e8rement des stages scientifiques pendant les vacances, des soir\u00e9es en semaine, des journ\u00e9es les weekends et des clubs les mercredis. Ces animations ont lieux \u00e0 Grenoble <a class=\"more-link\" href=\"https:\/\/www.planete-sciences.org\/aura\/animations\/individuel\/\">Lire la suite \u2192<\/a><\/p>\n","protected":false},"author":1,"featured_media":0,"parent":8,"menu_order":0,"comment_status":"closed","ping_status":"closed","template":"","meta":{"footnotes":""},"class_list":["post-32","page","type-page","status-publish","hentry"],"_links":{"self":[{"href":"https:\/\/www.planete-sciences.org\/aura\/wp-json\/wp\/v2\/pages\/32","targetHints":{"allow":["GET"]}}],"collection":[{"href":"https:\/\/www.planete-sciences.org\/aura\/wp-json\/wp\/v2\/pages"}],"about":[{"href":"https:\/\/www.planete-sciences.org\/aura\/wp-json\/wp\/v2\/types\/page"}],"author":[{"embeddable":true,"href":"https:\/\/www.planete-sciences.org\/aura\/wp-json\/wp\/v2\/users\/1"}],"replies":[{"embeddable":true,"href":"https:\/\/www.planete-sciences.org\/aura\/wp-json\/wp\/v2\/comments?post=32"}],"version-history":[{"count":6,"href":"https:\/\/www.planete-sciences.org\/aura\/wp-json\/wp\/v2\/pages\/32\/revisions"}],"predecessor-version":[{"id":1222,"href":"https:\/\/www.planete-sciences.org\/aura\/wp-json\/wp\/v2\/pages\/32\/revisions\/1222"}],"up":[{"embeddable":true,"href":"https:\/\/www.planete-sciences.org\/aura\/wp-json\/wp\/v2\/pages\/8"}],"wp:attachment":[{"href":"https:\/\/www.planete-sciences.org\/aura\/wp-json\/wp\/v2\/media?parent=32"}],"curies":[{"name":"wp","href":"https:\/\/api.w.org\/{rel}","templated":true}]}}