{"id":25,"date":"2016-06-23T09:43:04","date_gmt":"2016-06-23T09:43:04","guid":{"rendered":"http:\/\/monpc-120416357:81\/wordpress\/?page_id=25"},"modified":"2018-11-05T10:49:34","modified_gmt":"2018-11-05T10:49:34","slug":"les-partenaires","status":"publish","type":"page","link":"https:\/\/www.planete-sciences.org\/aura\/qui-sommes-nous\/les-partenaires\/","title":{"rendered":"Les partenaires"},"content":{"rendered":"<p>En 50 ans d\u2019existence, Plan\u00e8te Sciences a su montrer ses sp\u00e9cificit\u00e9s et ses comp\u00e9tences<br \/>\ndans le domaine de la culture scientifique et technique. Notre action est soutenue par<br \/>\nde tr\u00e8s nombreux partenaires, grands organismes, municipalit\u00e9s, collectivit\u00e9 locales et<br \/>\nnationales, qui nous font confiance pour nos interventions scientifiques (Minist\u00e8re de la<br \/>\nJeunesse, des Sports et de la Vie Associative, Education Nationale, Minist\u00e8re de<br \/>\nl\u2019Enseignement Sup\u00e9rieur et de la Recherche, le Centre National d\u2019Etudes Spatiales, les<br \/>\nCentres de Culture Scientifique Technique et Industrielle \u2026.)<\/p>\n<p>La richesse et la diversit\u00e9 de ses nombreux partenariats financiers, scientifiques ou op\u00e9rationnels permet \u00e0 Plan\u00e8te Sciences de renouveler ses actions pour des animations scientifiques de qualit\u00e9.<\/p>\n\n<table id=\"tablepress-2\" class=\"tablepress tablepress-id-2\">\n<tbody>\n<tr class=\"row-1\">\n\t<td class=\"column-1\"><a href=\"http:\/\/www.vaulx-en-velin.net\/\"><img decoding=\"async\" src=\"https:\/\/www.planete-sciences.org\/aura\/wp-content\/uploads\/2018\/02\/logo_vaulx_en_velin_page_banniere_web_accueil_2017.jpg\" alt=\"\" width=\"150\" height=\"150\" class=\"aligncenter size-full wp-image-1173\" \/><\/a><\/td><td class=\"column-2\"><a href=\"http:\/\/www.grenoble.fr\/\"><img decoding=\"async\" src=\"https:\/\/www.planete-sciences.org\/aura\/wp-content\/uploads\/2018\/02\/Logo-Ville-de-Grenoble-Couleur-PNG-.png\" alt=\"\" width=\"150\" height=\"150\" class=\"aligncenter size-full wp-image-1175\" \/><\/a><\/td><td class=\"column-3\"><a href=\"http:\/\/www.ville-venissieux.fr\/\"><img decoding=\"async\" src=\"https:\/\/www.planete-sciences.org\/aura\/wp-content\/uploads\/2018\/02\/venissieux-logo.jpg\" alt=\"\" width=\"150\" height=\"150\" class=\"aligncenter size-full wp-image-1176\" \/><\/a><\/td><td class=\"column-4\"><a href=\"https:\/\/www.lametro.fr\/\"><img loading=\"lazy\" decoding=\"async\" src=\"https:\/\/www.planete-sciences.org\/aura\/wp-content\/uploads\/2018\/02\/Logo-Metro-print-Fond-blanc-PNG.png\" alt=\"\" width=\"150\" height=\"150\" class=\"aligncenter size-full wp-image-1174\" \/><\/a><\/td>\n<\/tr>\n<\/tbody>\n<\/table>\n<!-- #tablepress-2 from cache -->\n\n<table id=\"tablepress-3\" class=\"tablepress tablepress-id-3\">\n<tbody>\n<tr class=\"row-1\">\n\t<td class=\"column-1\"><a href=\"https:\/\/www.isere.fr\/\"><img loading=\"lazy\" decoding=\"async\" src=\"https:\/\/www.planete-sciences.org\/aura\/wp-content\/uploads\/2018\/02\/ISERE-Logo2015-bleu-jaune.jpg\" alt=\"\" width=\"150\" height=\"150\" class=\"aligncenter size-full wp-image-1172\" \/><\/a><\/td><td class=\"column-2\"><a href=\"https:\/\/www.auvergnerhonealpes.fr\/\"><img loading=\"lazy\" decoding=\"async\" src=\"https:\/\/www.planete-sciences.org\/aura\/wp-content\/uploads\/2018\/02\/1394_422_Logo-partenaire-generique-2017.png\" alt=\"\" width=\"150\" height=\"150\" class=\"aligncenter size-full wp-image-1170\" \/><\/a><\/td><td class=\"column-3\"><a href=\"http:\/\/www.cget.gouv.fr\/\"><img loading=\"lazy\" decoding=\"async\" src=\"https:\/\/www.planete-sciences.org\/aura\/wp-content\/uploads\/2018\/02\/CGET_signat_seul_RVB.png\" alt=\"\" width=\"150\" height=\"150\" class=\"aligncenter size-full wp-image-1171\" \/><\/a><\/td><td class=\"column-4\"><a href=\"http:\/\/www.education.gouv.fr\/\"><img loading=\"lazy\" decoding=\"async\" src=\"https:\/\/www.planete-sciences.org\/aura\/wp-content\/uploads\/2018\/02\/716px-Minist\u00e8re_de_l\u00c9ducation_Nationale_2014_logo.svg_.png\" alt=\"\" width=\"150\" height=\"150\" class=\"aligncenter size-full wp-image-1169\" \/><\/a><\/td>\n<\/tr>\n<\/tbody>\n<\/table>\n<!-- #tablepress-3 from cache -->\n<p>Par la diversit\u00e9 de ses activit\u00e9s, Plan\u00e8te Sciences Auvergne-Rh\u00f4ne-Alpes a pu tisser un r\u00e9seau de partenaires cons\u00e9quents :<\/p>\n<div class=\"gs_logo_container\"><div class=\"gs_logo_single\"><a href=\"https:\/\/www.fondation-blaise-pascal.org\/\" target=\"_blank\"><img decoding=\"async\" src=\"https:\/\/www.planete-sciences.org\/aura\/wp-content\/uploads\/2018\/04\/Logo-fondblanc.png\" alt=\"\" ><\/a><\/div><div class=\"gs_logo_single\"><a href=\"https:\/\/www.univ-grenoble-alpes.fr\/\" target=\"_blank\"><img decoding=\"async\" src=\"https:\/\/www.planete-sciences.org\/aura\/wp-content\/uploads\/2018\/02\/logo-uga-vo-cmjn.jpg\" alt=\"\" ><\/a><\/div><div class=\"gs_logo_single\"><a href=\"http:\/\/www.musee-houille-blanche.fr\/\" target=\"_blank\"><img decoding=\"async\" src=\"https:\/\/www.planete-sciences.org\/aura\/wp-content\/uploads\/2018\/02\/bandeau.jpg\" alt=\"\" ><\/a><\/div><div class=\"gs_logo_single\"><a href=\"http:\/\/www.planetariumvv.com\/\" target=\"_blank\"><img decoding=\"async\" src=\"https:\/\/www.planete-sciences.org\/aura\/wp-content\/uploads\/2018\/02\/937832.jpg\" alt=\"\" ><\/a><\/div><div class=\"gs_logo_single\"><a href=\"http:\/\/www.arche-des-metiers.com\/\" target=\"_blank\"><img decoding=\"async\" src=\"https:\/\/www.planete-sciences.org\/aura\/wp-content\/uploads\/2018\/02\/BLEU-FONCE-11.jpg\" alt=\"\" ><\/a><\/div><div class=\"gs_logo_single\"><a href=\"http:\/\/lacasemate.fr\/\" target=\"_blank\"><img decoding=\"async\" src=\"https:\/\/www.planete-sciences.org\/aura\/wp-content\/uploads\/2018\/02\/logo_casemate.png\" alt=\"\" ><\/a><\/div><div class=\"gs_logo_single\"><a href=\"http:\/\/web.cala.asso.fr\/\" target=\"_blank\"><img decoding=\"async\" src=\"https:\/\/www.planete-sciences.org\/aura\/wp-content\/uploads\/2018\/02\/logoCala.jpg\" alt=\"\" ><\/a><\/div><div class=\"gs_logo_single\"><a href=\"http:\/\/www.meteofrance.com\/accueil\" target=\"_blank\"><img decoding=\"async\" src=\"https:\/\/www.planete-sciences.org\/aura\/wp-content\/uploads\/2016\/06\/LogoMeteoFrance2-1.jpeg-1.jpeg\" alt=\"\" ><\/a><\/div><div class=\"gs_logo_single\"><a href=\"https:\/\/cnes.fr\/fr\" target=\"_blank\"><img decoding=\"async\" src=\"https:\/\/www.planete-sciences.org\/aura\/wp-content\/uploads\/2018\/02\/logocnes.jpg\" alt=\"\" ><\/a><\/div><\/div>\n<p>&nbsp;<\/p>\n<p>&nbsp;<\/p>\n","protected":false},"excerpt":{"rendered":"<p>En 50 ans d\u2019existence, Plan\u00e8te Sciences a su montrer ses sp\u00e9cificit\u00e9s et ses comp\u00e9tences dans le domaine de la culture scientifique et technique. Notre action est soutenue par de tr\u00e8s <a class=\"more-link\" href=\"https:\/\/www.planete-sciences.org\/aura\/logo\/cnes\/\">Lire la suite \u2192<\/a><\/p>\n","protected":false},"author":1,"featured_media":0,"parent":6,"menu_order":0,"comment_status":"closed","ping_status":"closed","template":"","meta":{"footnotes":""},"class_list":["post-25","page","type-page","status-publish","hentry"],"_links":{"self":[{"href":"https:\/\/www.planete-sciences.org\/aura\/wp-json\/wp\/v2\/pages\/25","targetHints":{"allow":["GET"]}}],"collection":[{"href":"https:\/\/www.planete-sciences.org\/aura\/wp-json\/wp\/v2\/pages"}],"about":[{"href":"https:\/\/www.planete-sciences.org\/aura\/wp-json\/wp\/v2\/types\/page"}],"author":[{"embeddable":true,"href":"https:\/\/www.planete-sciences.org\/aura\/wp-json\/wp\/v2\/users\/1"}],"replies":[{"embeddable":true,"href":"https:\/\/www.planete-sciences.org\/aura\/wp-json\/wp\/v2\/comments?post=25"}],"version-history":[{"count":25,"href":"https:\/\/www.planete-sciences.org\/aura\/wp-json\/wp\/v2\/pages\/25\/revisions"}],"predecessor-version":[{"id":1532,"href":"https:\/\/www.planete-sciences.org\/aura\/wp-json\/wp\/v2\/pages\/25\/revisions\/1532"}],"up":[{"embeddable":true,"href":"https:\/\/www.planete-sciences.org\/aura\/wp-json\/wp\/v2\/pages\/6"}],"wp:attachment":[{"href":"https:\/\/www.planete-sciences.org\/aura\/wp-json\/wp\/v2\/media?parent=25"}],"curies":[{"name":"wp","href":"https:\/\/api.w.org\/{rel}","templated":true}]}}