{"id":23,"date":"2016-06-23T09:42:55","date_gmt":"2016-06-23T09:42:55","guid":{"rendered":"http:\/\/monpc-120416357:81\/wordpress\/?page_id=23"},"modified":"2018-02-28T11:44:06","modified_gmt":"2018-02-28T11:44:06","slug":"le-reseau","status":"publish","type":"page","link":"https:\/\/www.planete-sciences.org\/aura\/qui-sommes-nous\/le-reseau\/","title":{"rendered":"Le r\u00e9seau"},"content":{"rendered":"<p>Plan\u00e8te Sciences est un r\u00e9seau national comportant dix d\u00e9l\u00e9gations r\u00e9gionales dont Plan\u00e8te Sciences Auvergne-Rh\u00f4ne-Alpes fait partie, toutes coordonn\u00e9es par l&rsquo;<a href=\"http:\/\/www.planete-sciences.org\/national\/\">Association Nationale<\/a>.<\/p>\n<p><a href=\"https:\/\/www.planete-sciences.org\/aura\/wp-content\/uploads\/2018\/02\/carte-de-france-new-vf.bmp\"><img fetchpriority=\"high\" decoding=\"async\" class=\"aligncenter wp-image-1271 size-full\" src=\"https:\/\/www.planete-sciences.org\/aura\/wp-content\/uploads\/2018\/02\/carte-de-france-new-vf.bmp\" alt=\"\" width=\"647\" height=\"367\" srcset=\"https:\/\/www.planete-sciences.org\/aura\/wp-content\/uploads\/2018\/02\/carte-de-france-new-vf.bmp 647w, https:\/\/www.planete-sciences.org\/aura\/wp-content\/uploads\/2018\/02\/carte-de-france-new-vf-300x170.jpg 300w\" sizes=\"(max-width: 647px) 100vw, 647px\" \/><\/a><\/p>\n<p><strong>Les d\u00e9l\u00e9gations territoriales<\/strong><\/p>\n<p>L&rsquo;Association Nationale<\/p>\n<p><a href=\"http:\/\/www.planete-sciences.org\/ \"><img decoding=\"async\" class=\"alignleft\" src=\"http:\/\/www.planete-sciences.org\/national\/docs\/logo_planetesciences_national_couleur.gif\" width=\"129,0\" height=\"77,3\" \/><\/a>16, place Jacques Brel<br \/>\nF 91130 Ris-Orangis<br \/>\nT\u00e9l : 01 69 02 76 10 &#8211; Fax : 01 69 43 21 43<br \/>\n<a href=\"mailto:infos@planete-sciences.org\">Email<\/a><\/p>\n<hr \/>\n<p>D\u00e9l\u00e9gation Atlantique<\/p>\n<p><a href=\"http:\/\/www.planete-sciences.org\/atlantique\/\"><img decoding=\"async\" class=\"alignleft\" src=\"http:\/\/www.planete-sciences.org\/national\/docs\/logo_planetesciences_atlantique_couleur.gif\" width=\"129,0\" height=\"77,3\" \/><\/a>119, rue de l\u2019abattoir<br \/>\n17100 SAINTES<br \/>\nT\u00e9l : 05 46 93 15 44 &#8211; Fax : 05 46 93 15 44<br \/>\n<a href=\"mailto:atlantique@planete-sciences.org\">Email<\/a><\/p>\n<hr \/>\n<p>D\u00e9l\u00e9gation Ile-de-France<\/p>\n<p><a href=\"http:\/\/www.planete-sciences.org\/iledefrance\/\"><img decoding=\"async\" class=\"alignleft\" src=\"http:\/\/www.planete-sciences.org\/national\/docs\/logo_planetesciences_iledefrance_couleur.gif\" width=\"129,0\" height=\"77,3\" \/><\/a>6, rue Emmanuel Pastr\u00e9<br \/>\n91000 EVRY<br \/>\nT\u00e9l: 01 64 97 82 34 &#8211; Fax: 01 60 78 15 41<br \/>\n<a href=\"mailto:ile-de-france@planete-sciences.org\">Email<\/a><\/p>\n<hr \/>\n<p>D\u00e9l\u00e9gation Languedoc-Roussillon<\/p>\n<p><img decoding=\"async\" class=\"alignleft\" src=\"http:\/\/www.planete-sciences.org\/national\/docs\/logo_planetesciences_languedoc_couleur.gif\" width=\"129,0\" height=\"77,3\" \/>Ecole maternelle Romain Rolland<br \/>\n1 bis, avenue Guynemer<br \/>\n66000 PERPIGNAN<br \/>\nT\u00e9l : 04 68 66 63 51 &#8211; Fax : 09 56 15 63 51<br \/>\n<a href=\"mailto:languedoc-roussillon@planete-sciences.org\">Email<\/a><\/p>\n<hr \/>\n<p>D\u00e9l\u00e9gation M\u00e9diterran\u00e9e<\/p>\n<p><a href=\"http:\/\/www.planete-sciences.org\/mediterranee\/\"><img decoding=\"async\" class=\"alignleft\" src=\"http:\/\/www.planete-sciences.org\/national\/docs\/logo_planetesciences_mediterranee_couleur.gif\" width=\"129,0\" height=\"77,3\" \/><\/a>9, rue Gazan<br \/>\n06130 GRASSE<br \/>\nT\u00e9l : 04 92 60 78 78 \u2013 Fax : 04 93 36 56 79<br \/>\n<a href=\"mailto:mediterranee@planete-sciences.org\">Email<\/a><\/p>\n<hr \/>\n<p>D\u00e9l\u00e9gation Midi-Pyr\u00e9n\u00e9es<\/p>\n<p><a href=\"http:\/\/www.planete-sciences.org\/midi-pyrenees\/\"><img decoding=\"async\" class=\"alignleft\" src=\"http:\/\/www.planete-sciences.org\/national\/docs\/logo_planetesciences_midipyrenees_couleur.gif\" width=\"129,0\" height=\"77,3\" \/><\/a>Parc Technologique du canal<br \/>\nB\u00e2timent Marine\u00a0Rue Herm\u00e8s<br \/>\n31520 RAMONVILLE ST-AGNE<br \/>\nT\u00e9l.: 05 61 73 10 22\/48 83 &#8211; Fax : 05 61 73 42 76<br \/>\n<a href=\"mailto:midi-pyrenees@planete-sciences.org\">Email<\/a><\/p>\n<hr \/>\n<p>D\u00e9l\u00e9gation Nord Pas de Calais<\/p>\n<p><a href=\"http:\/\/www.planete-sciences.org\/npdc\/\"><img decoding=\"async\" class=\"alignleft\" src=\"http:\/\/www.planete-sciences.org\/national\/docs\/logo_planetesciences_npdc_couleur.gif\" width=\"129,0\" height=\"77,3\" \/><\/a>118 bis, rue de Villars<br \/>\n59220 DENAIN<br \/>\nT\u00e9l : 03 27 35 07 23 \/ 09 50 69 47 53 &#8211; Fax : 03 27 35 07 23<br \/>\n<a href=\"mailto:npdc@planete-sciences.org\">Email<\/a><\/p>\n<hr \/>\n<p>D\u00e9l\u00e9gation Normandie<\/p>\n<p><a href=\"http:\/\/www.planete-sciences.org\/normandie\/\"><img decoding=\"async\" class=\"alignleft\" src=\"http:\/\/www.planete-sciences.org\/national\/docs\/logo_planetesciences_normandie_couleur.gif\" width=\"129,0\" height=\"77,3\" \/><\/a>Maison des Associations<br \/>\n1018, Quartier du Grand Parc<br \/>\n14200 HEROUVILLE ST-CLAIR<br \/>\nT\u00e9l : 02 31 37 52 90<br \/>\n<a href=\"mailto:normandie@planete-sciences.org\">Email<\/a><\/p>\n<hr \/>\n<p>D\u00e9l\u00e9gation Picardie<\/p>\n<p><a href=\"http:\/\/www.planete-sciences.org\/picardie\/\"><img decoding=\"async\" class=\"alignleft\" src=\"http:\/\/www.planete-sciences.org\/national\/docs\/logo_planetesciences_picardie_couleur.gif\" width=\"129,0\" height=\"77,3\" \/><\/a>56, rue du Vivier<br \/>\n80000 AMIENS<br \/>\nT\u00e9l : 03 22 47 69 53 &#8211; Fax : 03 22 46 91 87<br \/>\n<a href=\"mailto:picardie@planete-sciences.org\">Email<\/a><\/p>\n<hr \/>\n<p>D\u00e9l\u00e9gation Sarthe<\/p>\n<p><a href=\"http:\/\/www.planete-sciences.org\/sarthe\/\"><img decoding=\"async\" class=\"alignleft\" src=\"http:\/\/www.planete-sciences.org\/national\/docs\/logo_planetesciences_sarthe_couleur.gif\" width=\"129,0\" height=\"77,3\" \/><\/a>1, rue Ledru Rollin<br \/>\n72400 LA FERTE BERNARD<br \/>\nT\u00e9l : 02 43 93 87 58<br \/>\n<a href=\"mailto:sarthe@planete-sciences\">Email<\/a><\/p>\n<p>&nbsp;<\/p>\n<p>&nbsp;<\/p>\n","protected":false},"excerpt":{"rendered":"<p>Plan\u00e8te Sciences est un r\u00e9seau national comportant dix d\u00e9l\u00e9gations r\u00e9gionales dont Plan\u00e8te Sciences Auvergne-Rh\u00f4ne-Alpes fait partie, toutes coordonn\u00e9es par l&rsquo;Association Nationale. Les d\u00e9l\u00e9gations territoriales L&rsquo;Association Nationale 16, place Jacques Brel <a class=\"more-link\" href=\"https:\/\/www.planete-sciences.org\/aura\/qui-sommes-nous\/le-reseau\/\">Lire la suite \u2192<\/a><\/p>\n","protected":false},"author":1,"featured_media":0,"parent":6,"menu_order":0,"comment_status":"closed","ping_status":"closed","template":"","meta":{"footnotes":""},"class_list":["post-23","page","type-page","status-publish","hentry"],"_links":{"self":[{"href":"https:\/\/www.planete-sciences.org\/aura\/wp-json\/wp\/v2\/pages\/23","targetHints":{"allow":["GET"]}}],"collection":[{"href":"https:\/\/www.planete-sciences.org\/aura\/wp-json\/wp\/v2\/pages"}],"about":[{"href":"https:\/\/www.planete-sciences.org\/aura\/wp-json\/wp\/v2\/types\/page"}],"author":[{"embeddable":true,"href":"https:\/\/www.planete-sciences.org\/aura\/wp-json\/wp\/v2\/users\/1"}],"replies":[{"embeddable":true,"href":"https:\/\/www.planete-sciences.org\/aura\/wp-json\/wp\/v2\/comments?post=23"}],"version-history":[{"count":43,"href":"https:\/\/www.planete-sciences.org\/aura\/wp-json\/wp\/v2\/pages\/23\/revisions"}],"predecessor-version":[{"id":85,"href":"https:\/\/www.planete-sciences.org\/aura\/wp-json\/wp\/v2\/pages\/23\/revisions\/85"}],"up":[{"embeddable":true,"href":"https:\/\/www.planete-sciences.org\/aura\/wp-json\/wp\/v2\/pages\/6"}],"wp:attachment":[{"href":"https:\/\/www.planete-sciences.org\/aura\/wp-json\/wp\/v2\/media?parent=23"}],"curies":[{"name":"wp","href":"https:\/\/api.w.org\/{rel}","templated":true}]}}