{"id":2098,"date":"2022-03-07T13:23:14","date_gmt":"2022-03-07T13:23:14","guid":{"rendered":"https:\/\/www.planete-sciences.org\/aura\/?page_id=2098"},"modified":"2022-09-02T09:32:09","modified_gmt":"2022-09-02T09:32:09","slug":"coding-goutez","status":"publish","type":"page","link":"https:\/\/www.planete-sciences.org\/aura\/animations\/individuel\/a-vaulx-en-velin\/coding-goutez\/","title":{"rendered":"CODING GOUTEZ"},"content":{"rendered":"<p style=\"font-weight: 300;\"><b><strong><span style=\"font-weight: 400;\"><img decoding=\"async\" class=\"aligncenter size-thumbnail wp-image-2110\" src=\"https:\/\/www.planete-sciences.org\/aura\/wp-content\/uploads\/2022\/05\/Logo-coding-gouters-3-150x150.jpg\" alt=\"\" width=\"150\" height=\"150\" srcset=\"https:\/\/www.planete-sciences.org\/aura\/wp-content\/uploads\/2022\/05\/Logo-coding-gouters-3-150x150.jpg 150w, https:\/\/www.planete-sciences.org\/aura\/wp-content\/uploads\/2022\/05\/Logo-coding-gouters-3-300x300.jpg 300w, https:\/\/www.planete-sciences.org\/aura\/wp-content\/uploads\/2022\/05\/Logo-coding-gouters-3.jpg 500w\" sizes=\"(max-width: 150px) 100vw, 150px\" \/><\/span><\/strong><\/b><span style=\"font-weight: 400;\">Un <\/span><i><span style=\"font-weight: 400;\">Coding Go\u00fbter<\/span><\/i><span style=\"font-weight: 400;\"> est un atelier ludique et gratuit \u00e0 destination d\u2019un public parents\/enfants, autour de la programmation informatique, suivi d\u2019un moment de partage gourmand autour d\u2019un go\u00fbter.\u00a0<\/span><\/p>\n<p style=\"font-weight: 300;\"><span style=\"font-weight: 400;\">Le projet <\/span><i><span style=\"font-weight: 400;\">Coding Go\u00fbtez ! <\/span><\/i><span style=\"font-weight: 400;\">est port\u00e9 par l la Fondation Blaise Pascal\u00a0<\/span><span style=\"font-weight: 400;\">et un consortium de structures \u0153uvrant pour la vulgarisation scientifique aupr\u00e8s des jeunes. Il a \u00e9t\u00e9 laur\u00e9at de l\u2019appel \u00e0 projet \u201cNum\u00e9rique Inclusif, Num\u00e9rique \u00c9ducatif\u201d de la Banque des Territoires.\u00a0<\/span><\/p>\n<p><img decoding=\"async\" class=\"aligncenter size-thumbnail wp-image-2109\" src=\"https:\/\/www.planete-sciences.org\/aura\/wp-content\/uploads\/2022\/05\/Image1-150x150.jpg\" alt=\"\" width=\"150\" height=\"150\" \/><\/p>\n<p style=\"font-weight: 300;\">Plan\u00e8te Sciences Auvergne-Rh\u00f4ne-Alpes appartient \u00e0 ce consortium, alors si vous \u00eates int\u00e9ress\u00e9s que vous soyez un particulier ou une structure contactez-nous !<\/p>\n<p>Pour plus d&rsquo;information sur ce projet, rendez-vous <a href=\"https:\/\/www.fondation-blaise-pascal.org\/nos-actions\/les-projets-de-la-fondation\/coding-goutez\/\">ici\u00a0<\/a><\/p>\n<h2>REJOIGNEZ LA BRIGADE \u00ab\u00a0CODING GO\u00dbTEZ !\u00a0\u00bb<\/h2>\n<p>Le prochain rendez-vous est fix\u00e9 au samedi 8 octobre de 14h \u00e0 16h30, les inscriptions se font <a href=\"https:\/\/www.helloasso.com\/associations\/planete-sciences-auvergne-rhone-alpes\/evenements\/coding-gouter-8-octobre\">ici<\/a>.<\/p>\n<p><img fetchpriority=\"high\" decoding=\"async\" class=\"aligncenter wp-image-2151 size-large\" src=\"https:\/\/www.planete-sciences.org\/aura\/wp-content\/uploads\/2022\/09\/coding-goutez-102022-1024x724.jpg\" alt=\"\" width=\"600\" height=\"424\" srcset=\"https:\/\/www.planete-sciences.org\/aura\/wp-content\/uploads\/2022\/09\/coding-goutez-102022-1024x724.jpg 1024w, https:\/\/www.planete-sciences.org\/aura\/wp-content\/uploads\/2022\/09\/coding-goutez-102022-300x212.jpg 300w, https:\/\/www.planete-sciences.org\/aura\/wp-content\/uploads\/2022\/09\/coding-goutez-102022-768x543.jpg 768w\" sizes=\"(max-width: 600px) 100vw, 600px\" \/><\/p>\n","protected":false},"excerpt":{"rendered":"<p>Un Coding Go\u00fbter est un atelier ludique et gratuit \u00e0 destination d\u2019un public parents\/enfants, autour de la programmation informatique, suivi d\u2019un moment de partage gourmand autour d\u2019un go\u00fbter.\u00a0 Le projet <a class=\"more-link\" href=\"https:\/\/www.planete-sciences.org\/aura\/animations\/individuel\/a-vaulx-en-velin\/coding-goutez\/\">Lire la suite \u2192<\/a><\/p>\n","protected":false},"author":1,"featured_media":0,"parent":875,"menu_order":0,"comment_status":"closed","ping_status":"closed","template":"","meta":{"footnotes":""},"class_list":["post-2098","page","type-page","status-publish","hentry"],"_links":{"self":[{"href":"https:\/\/www.planete-sciences.org\/aura\/wp-json\/wp\/v2\/pages\/2098","targetHints":{"allow":["GET"]}}],"collection":[{"href":"https:\/\/www.planete-sciences.org\/aura\/wp-json\/wp\/v2\/pages"}],"about":[{"href":"https:\/\/www.planete-sciences.org\/aura\/wp-json\/wp\/v2\/types\/page"}],"author":[{"embeddable":true,"href":"https:\/\/www.planete-sciences.org\/aura\/wp-json\/wp\/v2\/users\/1"}],"replies":[{"embeddable":true,"href":"https:\/\/www.planete-sciences.org\/aura\/wp-json\/wp\/v2\/comments?post=2098"}],"version-history":[{"count":12,"href":"https:\/\/www.planete-sciences.org\/aura\/wp-json\/wp\/v2\/pages\/2098\/revisions"}],"predecessor-version":[{"id":2160,"href":"https:\/\/www.planete-sciences.org\/aura\/wp-json\/wp\/v2\/pages\/2098\/revisions\/2160"}],"up":[{"embeddable":true,"href":"https:\/\/www.planete-sciences.org\/aura\/wp-json\/wp\/v2\/pages\/875"}],"wp:attachment":[{"href":"https:\/\/www.planete-sciences.org\/aura\/wp-json\/wp\/v2\/media?parent=2098"}],"curies":[{"name":"wp","href":"https:\/\/api.w.org\/{rel}","templated":true}]}}