{"id":1520,"date":"2018-10-21T20:00:41","date_gmt":"2018-10-21T20:00:41","guid":{"rendered":"https:\/\/www.planete-sciences.org\/aura\/?page_id=1520"},"modified":"2020-11-13T11:02:05","modified_gmt":"2020-11-13T11:02:05","slug":"partenariat","status":"publish","type":"page","link":"https:\/\/www.planete-sciences.org\/aura\/partenariat\/","title":{"rendered":"Devenir partenaire ou m\u00e9c\u00e8ne"},"content":{"rendered":"<p>Plan\u00e8te Sciences Auvergne-Rh\u00f4ne-Alpes peut compter sur de nombreux <a href=\"https:\/\/www.planete-sciences.org\/aura\/qui-sommes-nous\/les-partenaires\/\">partenaires<\/a> institutionnels, scientifiques ou op\u00e9rationnels pour soutenir ses actions aupr\u00e8s du grand public. Ces partenariats sont essentiels pour nous permettre de maintenir la gratuit\u00e9 de nos \u00e9v\u00e9nement garantissant l&rsquo;\u00e9galit\u00e9 d&rsquo;acc\u00e8s \u00e0 tous, susciter des vocations, encourager la curiosit\u00e9 vis \u00e0 vis des sciences &#8230;<\/p>\n<p><strong>Comment nous soutenir ?<\/strong><\/p>\n<p>Les soutiens peuvent prendre diverses formes :<\/p>\n<p>-Contributions financi\u00e8res : Plan\u00e8te Sciences est un organisme d&rsquo;int\u00e9r\u00eat g\u00e9n\u00e9ral habilit\u00e9 \u00e0 ce titre \u00e0 d\u00e9livrer des re\u00e7us fiscaux vous permettant de b\u00e9n\u00e9ficier d&rsquo;une d\u00e9duction d&rsquo;imp\u00f4ts. N&rsquo;h\u00e9sitez pas \u00e0 nous contacter pour en savoir plus.<\/p>\n<p>-Contributions mat\u00e9rielles : mise \u00e0 disposition de mat\u00e9riel technique, p\u00e9dagogique ou informatique permettant de d\u00e9velopper de nouveaux ateliers<\/p>\n<p>-Contributions op\u00e9rationnelles : expertises ou conseils techniques<\/p>\n<p><strong>Pourquoi nous soutenir ?<\/strong><\/p>\n<ul>\n<li>Pour nous permettre de maintenir la gratuit\u00e9 de nos \u00e9v\u00e9nements grand public, garantissant ainsi l&rsquo;\u00e9galit\u00e9 d&rsquo;acc\u00e8s \u00e0 tous<\/li>\n<li>Pour nous permettre de d\u00e9velopper des actions aupr\u00e8s de nouveaux publics (jeunes en situation en handicap, enfants hospitalis\u00e9s)<\/li>\n<li>Pour nous permettre d&rsquo;acqu\u00e9rir du mat\u00e9riel n\u00e9cessaire \u00e0 la mise en place d&rsquo;ateliers innovants<\/li>\n<li>Utiliser une partie de vos imp\u00f4t pour soutenir un projet ou des valeurs que vous partagez<\/li>\n<\/ul>\n<p><strong>Soutien \u00e0 nos \u00e9v\u00e9nements grand public<\/strong><\/p>\n<p><a href=\"https:\/\/www.planete-sciences.org\/aura\/wp-content\/uploads\/2018\/11\/plaquette-partenariat-livret.pdf\">D\u00e9couvrir notre plaquette partenariat sur l&rsquo;\u00e9v\u00e9nement Rencontres de Robotique<\/a><\/p>\n<p><strong>Vous pouvez faire un don en ligne sur la plate forme s\u00e9curis\u00e9e helloAsso :<\/strong><\/p>\n<p><iframe id=\"haWidget\" style=\"width: 100%; height: 70px; border: none;\" src=\"https:\/\/www.helloasso.com\/associations\/planete-sciences-auvergne-rhone-alpes\/formulaires\/1\/widget-bouton\"><\/iframe><\/p>\n<div style=\"width: 100%; text-align: center;\">Propuls\u00e9 par <a href=\"https:\/\/www.helloasso.com\" rel=\"nofollow\">HelloAsso<\/a><\/div>\n<p>&nbsp;<\/p>\n<p><iframe id=\"haWidget\" style=\"width: 100%; height: 750px; border: none;\" src=\"https:\/\/www.donnerenligne.fr\/planete-sciences-auvergne-rhone-alpes\/faire-un-don\" scrolling=\"auto\"><\/iframe><\/p>\n<p>&nbsp;<\/p>\n","protected":false},"excerpt":{"rendered":"<p>Plan\u00e8te Sciences Auvergne-Rh\u00f4ne-Alpes peut compter sur de nombreux partenaires institutionnels, scientifiques ou op\u00e9rationnels pour soutenir ses actions aupr\u00e8s du grand public. Ces partenariats sont essentiels pour nous permettre de maintenir <a class=\"more-link\" href=\"https:\/\/www.planete-sciences.org\/aura\/partenariat\/\">Lire la suite \u2192<\/a><\/p>\n","protected":false},"author":1,"featured_media":0,"parent":0,"menu_order":0,"comment_status":"closed","ping_status":"closed","template":"","meta":{"footnotes":""},"class_list":["post-1520","page","type-page","status-publish","hentry"],"_links":{"self":[{"href":"https:\/\/www.planete-sciences.org\/aura\/wp-json\/wp\/v2\/pages\/1520","targetHints":{"allow":["GET"]}}],"collection":[{"href":"https:\/\/www.planete-sciences.org\/aura\/wp-json\/wp\/v2\/pages"}],"about":[{"href":"https:\/\/www.planete-sciences.org\/aura\/wp-json\/wp\/v2\/types\/page"}],"author":[{"embeddable":true,"href":"https:\/\/www.planete-sciences.org\/aura\/wp-json\/wp\/v2\/users\/1"}],"replies":[{"embeddable":true,"href":"https:\/\/www.planete-sciences.org\/aura\/wp-json\/wp\/v2\/comments?post=1520"}],"version-history":[{"count":14,"href":"https:\/\/www.planete-sciences.org\/aura\/wp-json\/wp\/v2\/pages\/1520\/revisions"}],"predecessor-version":[{"id":1959,"href":"https:\/\/www.planete-sciences.org\/aura\/wp-json\/wp\/v2\/pages\/1520\/revisions\/1959"}],"wp:attachment":[{"href":"https:\/\/www.planete-sciences.org\/aura\/wp-json\/wp\/v2\/media?parent=1520"}],"curies":[{"name":"wp","href":"https:\/\/api.w.org\/{rel}","templated":true}]}}