{"id":1518,"date":"2018-10-21T20:00:41","date_gmt":"2018-10-21T20:00:41","guid":{"rendered":"https:\/\/www.planete-sciences.org\/aura\/?page_id=1518"},"modified":"2018-11-05T11:14:39","modified_gmt":"2018-11-05T11:14:39","slug":"devenir-benevole","status":"publish","type":"page","link":"https:\/\/www.planete-sciences.org\/aura\/devenir-benevole\/","title":{"rendered":"Devenir b\u00e9n\u00e9vole"},"content":{"rendered":"<p>Plan\u00e8te Sciences Auvergne-Rh\u00f4ne-Alpes a la chance de compter des dizaines de b\u00e9n\u00e9voles pour faire vivre l&rsquo;association, d\u00e9velopper des projets, animer des \u00e9v\u00e9nements &#8230;<\/p>\n<p><img fetchpriority=\"high\" decoding=\"async\" class=\"aligncenter size-medium wp-image-174\" src=\"https:\/\/www.planete-sciences.org\/aura\/wp-content\/uploads\/2016\/06\/G0086338-1-300x225.jpg\" alt=\"\" width=\"300\" height=\"225\" srcset=\"https:\/\/www.planete-sciences.org\/aura\/wp-content\/uploads\/2016\/06\/G0086338-1-300x225.jpg 300w, https:\/\/www.planete-sciences.org\/aura\/wp-content\/uploads\/2016\/06\/G0086338-1-768x576.jpg 768w, https:\/\/www.planete-sciences.org\/aura\/wp-content\/uploads\/2016\/06\/G0086338-1-1024x768.jpg 1024w, https:\/\/www.planete-sciences.org\/aura\/wp-content\/uploads\/2016\/06\/G0086338-1-350x263.jpg 350w\" sizes=\"(max-width: 300px) 100vw, 300px\" \/><\/p>\n<p>Les b\u00e9n\u00e9voles sont investis \u00e0 tous les niveaux de l&rsquo;association : animations des <a href=\"https:\/\/www.planete-sciences.org\/aura\/evenements\">\u00e9v\u00e9nements<\/a> phares de Plan\u00e8te Sciences tels que les Rencontres de robotique ou les Festiciels, pr\u00e9sence au <a href=\"https:\/\/www.planete-sciences.org\/aura\/qui-sommes-nous\/lassociation\">comit\u00e9 d&rsquo;administration<\/a> de l&rsquo;association, r\u00e9flexions et propositions autour de nouveaux projets \u00e0 mettre en \u0153uvre&#8230;.<\/p>\n<p>Rejoignez notre \u00e9quipe, nous bichonnons nos b\u00e9n\u00e9voles ! <a href=\"https:\/\/www.planete-sciences.org\/aura\/contact\/\">Contactez-nous<\/a> !<\/p>\n<p>Des rendez-vous b\u00e9n\u00e9voles sont organis\u00e9s r\u00e9guli\u00e8rement \u00e0 Grenoble et \u00e0 <a href=\"https:\/\/www.planete-sciences.org\/aura\/animations\/individuel\/a-vaulx-en-velin\/pour-les-adultes-vaulx-en-velin\/\">Vaulx-en-Velin<\/a>, permettant aux b\u00e9n\u00e9voles de se retrouver dans une ambiance conviviale pour discuter des projets en cours, bricoler, tester, exp\u00e9rimenter &#8230;<\/p>\n","protected":false},"excerpt":{"rendered":"<p>Plan\u00e8te Sciences Auvergne-Rh\u00f4ne-Alpes a la chance de compter des dizaines de b\u00e9n\u00e9voles pour faire vivre l&rsquo;association, d\u00e9velopper des projets, animer des \u00e9v\u00e9nements &#8230; Les b\u00e9n\u00e9voles sont investis \u00e0 tous les <a class=\"more-link\" href=\"https:\/\/www.planete-sciences.org\/aura\/devenir-benevole\/\">Lire la suite \u2192<\/a><\/p>\n","protected":false},"author":1,"featured_media":0,"parent":0,"menu_order":0,"comment_status":"closed","ping_status":"closed","template":"","meta":{"footnotes":""},"class_list":["post-1518","page","type-page","status-publish","hentry"],"_links":{"self":[{"href":"https:\/\/www.planete-sciences.org\/aura\/wp-json\/wp\/v2\/pages\/1518","targetHints":{"allow":["GET"]}}],"collection":[{"href":"https:\/\/www.planete-sciences.org\/aura\/wp-json\/wp\/v2\/pages"}],"about":[{"href":"https:\/\/www.planete-sciences.org\/aura\/wp-json\/wp\/v2\/types\/page"}],"author":[{"embeddable":true,"href":"https:\/\/www.planete-sciences.org\/aura\/wp-json\/wp\/v2\/users\/1"}],"replies":[{"embeddable":true,"href":"https:\/\/www.planete-sciences.org\/aura\/wp-json\/wp\/v2\/comments?post=1518"}],"version-history":[{"count":5,"href":"https:\/\/www.planete-sciences.org\/aura\/wp-json\/wp\/v2\/pages\/1518\/revisions"}],"predecessor-version":[{"id":1537,"href":"https:\/\/www.planete-sciences.org\/aura\/wp-json\/wp\/v2\/pages\/1518\/revisions\/1537"}],"wp:attachment":[{"href":"https:\/\/www.planete-sciences.org\/aura\/wp-json\/wp\/v2\/media?parent=1518"}],"curies":[{"name":"wp","href":"https:\/\/api.w.org\/{rel}","templated":true}]}}