{"id":1379,"date":"2018-09-11T13:33:43","date_gmt":"2018-09-11T13:33:43","guid":{"rendered":"https:\/\/www.planete-sciences.org\/aura\/?page_id=1379"},"modified":"2022-03-07T13:19:13","modified_gmt":"2022-03-07T13:19:13","slug":"ateliers-parent-enfant","status":"publish","type":"page","link":"https:\/\/www.planete-sciences.org\/aura\/animations\/individuel\/a-vaulx-en-velin\/ateliers-parent-enfant\/","title":{"rendered":"Ateliers parent-enfant"},"content":{"rendered":"<p>Pour d\u00e9couvrir et exp\u00e9rimenter les sciences en famille nous proposons des ateliers en duo : un enfant accompagn\u00e9 de l&rsquo;un de ses parent, grand-parent, oncle, tante, &#8230; Une bonne fa\u00e7on de d\u00e9couvrir la science tout en passant un bon moment.<\/p>\n<h3>Les prochains ateliers programm\u00e9s \u00e0 Vaulx-en-Velin :<\/h3>\n<ul>\n<li>Atelier robotique \u00e0 partir de 7 ans, le samedi 2 avril 2022, de 10h \u00e0 16h30. Inscription 50\u20ac par bin\u00f4me parent-enfant &#8211; <a href=\"https:\/\/www.helloasso.com\/associations\/planete-sciences-auvergne-rhone-alpes\/evenements\/atelier-parent-enfant-robotique\">inscription<\/a><\/li>\n<\/ul>\n<p><strong class=\"caractencadre2-spip spip\">Les dates des prochains ateliers ne sont pas encore fix\u00e9es, nous vous invitons \u00e0 revenir sur cette page, \u00e0 vous abonner \u00e0 <a href=\"https:\/\/www.facebook.com\/PlaneteSciencesRA\">notre page facebook<\/a> ou \u00e0 vous inscrire \u00e0 notre newsletter afin de recevoir les informations d\u00e8s que de nouveaux ateliers seront programm\u00e9s.<\/strong><\/p>\n<p><em><strong>Les inscriptions se font d\u00e9sormais en ligne sur la plate-forme Helloasso, si toutefois vous ne pouvez pas ou ne souhaitez pas payer en ligne n&rsquo;h\u00e9sitez pas \u00e0 nous contacter : 04 72 04 34 48 ou aura[at]planete-sciences.org<\/strong><\/em><\/p>\n<hr \/>\n<p><strong>Atelier robotique :<\/strong> Construisez le temps d\u2019une journ\u00e9e un projet robotique et repartez avec vos cr\u00e9ations. Pour cela, vous allez devoir vous familiariser avec les domaines de l&rsquo;\u00e9lectricit\u00e9 et de la m\u00e9canique.<\/p>\n<p><strong>Atelier \u00e9lectronique et programmation :<\/strong> D\u00e9couvrez le temps d\u2019une journ\u00e9e les composants \u00e9lectroniques de base (LED, servos-moteurs, buzzers) ainsi que quelques capteurs pour mettre au point des syst\u00e8mes \u00e9lectroniques interactifs \u00e0 l\u2019aide d\u2019un logiciel de programmation accessible \u00e0 tous et de la carte Arduino qui permet de r\u00e9aliser rapidement une infinit\u00e9 de projets en \u00e9lectronique.<\/p>\n<p><img decoding=\"async\" class=\"aligncenter size-thumbnail wp-image-1717\" src=\"https:\/\/www.planete-sciences.org\/aura\/wp-content\/uploads\/2019\/06\/pexels-photo-414891-150x150.jpeg\" alt=\"\" width=\"150\" height=\"150\" \/><\/p>\n<p>&nbsp;<\/p>\n<p>&nbsp;<\/p>\n","protected":false},"excerpt":{"rendered":"<p>Pour d\u00e9couvrir et exp\u00e9rimenter les sciences en famille nous proposons des ateliers en duo : un enfant accompagn\u00e9 de l&rsquo;un de ses parent, grand-parent, oncle, tante, &#8230; Une bonne fa\u00e7on <a class=\"more-link\" href=\"https:\/\/www.planete-sciences.org\/aura\/animations\/individuel\/a-vaulx-en-velin\/ateliers-parent-enfant\/\">Lire la suite \u2192<\/a><\/p>\n","protected":false},"author":1,"featured_media":0,"parent":875,"menu_order":1,"comment_status":"closed","ping_status":"closed","template":"","meta":{"footnotes":""},"class_list":["post-1379","page","type-page","status-publish","hentry"],"_links":{"self":[{"href":"https:\/\/www.planete-sciences.org\/aura\/wp-json\/wp\/v2\/pages\/1379","targetHints":{"allow":["GET"]}}],"collection":[{"href":"https:\/\/www.planete-sciences.org\/aura\/wp-json\/wp\/v2\/pages"}],"about":[{"href":"https:\/\/www.planete-sciences.org\/aura\/wp-json\/wp\/v2\/types\/page"}],"author":[{"embeddable":true,"href":"https:\/\/www.planete-sciences.org\/aura\/wp-json\/wp\/v2\/users\/1"}],"replies":[{"embeddable":true,"href":"https:\/\/www.planete-sciences.org\/aura\/wp-json\/wp\/v2\/comments?post=1379"}],"version-history":[{"count":13,"href":"https:\/\/www.planete-sciences.org\/aura\/wp-json\/wp\/v2\/pages\/1379\/revisions"}],"predecessor-version":[{"id":2096,"href":"https:\/\/www.planete-sciences.org\/aura\/wp-json\/wp\/v2\/pages\/1379\/revisions\/2096"}],"up":[{"embeddable":true,"href":"https:\/\/www.planete-sciences.org\/aura\/wp-json\/wp\/v2\/pages\/875"}],"wp:attachment":[{"href":"https:\/\/www.planete-sciences.org\/aura\/wp-json\/wp\/v2\/media?parent=1379"}],"curies":[{"name":"wp","href":"https:\/\/api.w.org\/{rel}","templated":true}]}}