{"id":130,"date":"2016-06-24T07:23:50","date_gmt":"2016-06-24T07:23:50","guid":{"rendered":"http:\/\/monpc-120416357:81\/wordpress\/?page_id=130"},"modified":"2018-02-19T18:39:40","modified_gmt":"2018-02-19T18:39:40","slug":"temps-danimations-periscolaires","status":"publish","type":"page","link":"https:\/\/www.planete-sciences.org\/aura\/animations\/scolaires\/temps-danimations-periscolaires\/","title":{"rendered":"Temps d&rsquo;animations p\u00e9riscolaires"},"content":{"rendered":"<p style=\"text-align: justify;\">Pour r\u00e9pondre \u00e0 son objectif de diffusion des sciences et techniques aupr\u00e8s des jeunes, Plan\u00e8te Sciences intervient, entre autre, sur les temps p\u00e9riscolaires et propose d\u2019accompagner les collectivit\u00e9s souhaitant mettre en place des ateliers scientifiques dans ce cadre l\u00e0.<\/p>\n<p style=\"text-align: justify;\"><img fetchpriority=\"high\" decoding=\"async\" class=\"alignleft wp-image-432 size-medium\" src=\"https:\/\/www.planete-sciences.org\/aura\/wp-content\/uploads\/2016\/06\/TAP-300x169.jpg\" alt=\"TAP\" width=\"300\" height=\"169\" srcset=\"https:\/\/www.planete-sciences.org\/aura\/wp-content\/uploads\/2016\/06\/TAP-300x169.jpg 300w, https:\/\/www.planete-sciences.org\/aura\/wp-content\/uploads\/2016\/06\/TAP-768x432.jpg 768w, https:\/\/www.planete-sciences.org\/aura\/wp-content\/uploads\/2016\/06\/TAP-1024x576.jpg 1024w\" sizes=\"(max-width: 300px) 100vw, 300px\" \/>Les temps p\u00e9riscolaires permettent de mettre en \u0153uvre de v\u00e9ritables projets scientifiques. S\u00e9ance apr\u00e8s s\u00e9ance les jeunes ont le temps de d\u00e9couvrir, exp\u00e9rimenter, tester pour enfin se lancer dans un projet en \u00e9quipe.<\/p>\n<p style=\"text-align: justify;\">De mani\u00e8re compl\u00e9mentaire aux apprentissages scolaires, les jeunes abordent les sciences autour de th\u00e9matiques diff\u00e9rentes, en plus petits groupes favorisant l\u2019exp\u00e9rimentation.<\/p>\n<p style=\"text-align: justify;\">\u00a0\u00ab\u00a0Sciences et magie\u00a0\u00bb, \u00ab\u00a0Fus\u00e9es \u00e0 eau\u00a0\u00bb, \u00ab\u00a0D\u00e9fis \u00e9nergie\u00a0\u00bb et \u00ab\u00a0Robotique\u00a0\u00bb, autant de th\u00e8mes sur lesquels Plan\u00e8te Sciences peut intervenir.<\/p>\n<p>L&rsquo;association peut adapter ses activit\u00e9s en fonction des besoins et envies de l&rsquo;\u00e9cole.<\/p>\n<p>Nous proposons aussi de <a href=\"https:\/\/www.planete-sciences.org\/aura\/formations\/\">former<\/a> \u00e0 nos animations des animateurs TAP, des animateurs de structures de loisirs et des enseignants.<\/p>\n<p><a href=\"https:\/\/www.planete-sciences.org\/aura\/contact\/\">Contactez-nous !<\/a><\/p>\n","protected":false},"excerpt":{"rendered":"<p>Pour r\u00e9pondre \u00e0 son objectif de diffusion des sciences et techniques aupr\u00e8s des jeunes, Plan\u00e8te Sciences intervient, entre autre, sur les temps p\u00e9riscolaires et propose d\u2019accompagner les collectivit\u00e9s souhaitant mettre <a class=\"more-link\" href=\"https:\/\/www.planete-sciences.org\/aura\/animations\/scolaires\/temps-danimations-periscolaires\/\">Lire la suite \u2192<\/a><\/p>\n","protected":false},"author":1,"featured_media":0,"parent":30,"menu_order":0,"comment_status":"closed","ping_status":"closed","template":"","meta":{"footnotes":""},"class_list":["post-130","page","type-page","status-publish","hentry"],"_links":{"self":[{"href":"https:\/\/www.planete-sciences.org\/aura\/wp-json\/wp\/v2\/pages\/130","targetHints":{"allow":["GET"]}}],"collection":[{"href":"https:\/\/www.planete-sciences.org\/aura\/wp-json\/wp\/v2\/pages"}],"about":[{"href":"https:\/\/www.planete-sciences.org\/aura\/wp-json\/wp\/v2\/types\/page"}],"author":[{"embeddable":true,"href":"https:\/\/www.planete-sciences.org\/aura\/wp-json\/wp\/v2\/users\/1"}],"replies":[{"embeddable":true,"href":"https:\/\/www.planete-sciences.org\/aura\/wp-json\/wp\/v2\/comments?post=130"}],"version-history":[{"count":10,"href":"https:\/\/www.planete-sciences.org\/aura\/wp-json\/wp\/v2\/pages\/130\/revisions"}],"predecessor-version":[{"id":1246,"href":"https:\/\/www.planete-sciences.org\/aura\/wp-json\/wp\/v2\/pages\/130\/revisions\/1246"}],"up":[{"embeddable":true,"href":"https:\/\/www.planete-sciences.org\/aura\/wp-json\/wp\/v2\/pages\/30"}],"wp:attachment":[{"href":"https:\/\/www.planete-sciences.org\/aura\/wp-json\/wp\/v2\/media?parent=130"}],"curies":[{"name":"wp","href":"https:\/\/api.w.org\/{rel}","templated":true}]}}