{"id":12,"date":"2016-06-23T09:38:22","date_gmt":"2016-06-23T09:38:22","guid":{"rendered":"http:\/\/monpc-120416357:81\/wordpress\/?page_id=12"},"modified":"2021-11-25T15:24:39","modified_gmt":"2021-11-25T15:24:39","slug":"evenements","status":"publish","type":"page","link":"https:\/\/www.planete-sciences.org\/aura\/evenements\/","title":{"rendered":"EVENEMENTS"},"content":{"rendered":"<p>Plan\u00e8te Sciences Auvergne-Rh\u00f4ne-Alpes organise deux grands \u00e9v\u00e9nements annuels : les <a href=\"https:\/\/www.planete-sciences.org\/aura\/evenements\/les-festiciels\/\">Festiciels<\/a> et les <a href=\"https:\/\/www.planete-sciences.org\/aura\/evenements\/trophees-de-robotique\/\">Rencontres de Robotique<\/a>.<\/p>\n<p>Elle participe \u00e9galement \u00e0 des \u00e9v\u00e9nements tels que la F\u00eate de la Science, Un \u00e9t\u00e9 Oh parc, Remue M\u00e9ninge, La Maker Faire, le vide grenier Abbaye, les f\u00eates de quartiers, la f\u00eate du livre, &#8230;<\/p>\n<p><img fetchpriority=\"high\" decoding=\"async\" class=\"aligncenter wp-image-741 size-large\" src=\"https:\/\/www.planete-sciences.org\/aura\/wp-content\/uploads\/2016\/06\/P1020114-1024x768.jpg\" alt=\"P1020114\" width=\"600\" height=\"450\" srcset=\"https:\/\/www.planete-sciences.org\/aura\/wp-content\/uploads\/2016\/06\/P1020114-1024x768.jpg 1024w, https:\/\/www.planete-sciences.org\/aura\/wp-content\/uploads\/2016\/06\/P1020114-300x225.jpg 300w, https:\/\/www.planete-sciences.org\/aura\/wp-content\/uploads\/2016\/06\/P1020114-768x576.jpg 768w, https:\/\/www.planete-sciences.org\/aura\/wp-content\/uploads\/2016\/06\/P1020114-350x263.jpg 350w\" sizes=\"(max-width: 600px) 100vw, 600px\" \/><\/p>\n","protected":false},"excerpt":{"rendered":"<p>Plan\u00e8te Sciences Auvergne-Rh\u00f4ne-Alpes organise deux grands \u00e9v\u00e9nements annuels : les Festiciels et les Rencontres de Robotique. Elle participe \u00e9galement \u00e0 des \u00e9v\u00e9nements tels que la F\u00eate de la Science, Un <a class=\"more-link\" href=\"https:\/\/www.planete-sciences.org\/aura\/evenements\/\">Lire la suite \u2192<\/a><\/p>\n","protected":false},"author":1,"featured_media":0,"parent":0,"menu_order":0,"comment_status":"closed","ping_status":"closed","template":"","meta":{"footnotes":""},"class_list":["post-12","page","type-page","status-publish","hentry"],"_links":{"self":[{"href":"https:\/\/www.planete-sciences.org\/aura\/wp-json\/wp\/v2\/pages\/12","targetHints":{"allow":["GET"]}}],"collection":[{"href":"https:\/\/www.planete-sciences.org\/aura\/wp-json\/wp\/v2\/pages"}],"about":[{"href":"https:\/\/www.planete-sciences.org\/aura\/wp-json\/wp\/v2\/types\/page"}],"author":[{"embeddable":true,"href":"https:\/\/www.planete-sciences.org\/aura\/wp-json\/wp\/v2\/users\/1"}],"replies":[{"embeddable":true,"href":"https:\/\/www.planete-sciences.org\/aura\/wp-json\/wp\/v2\/comments?post=12"}],"version-history":[{"count":7,"href":"https:\/\/www.planete-sciences.org\/aura\/wp-json\/wp\/v2\/pages\/12\/revisions"}],"predecessor-version":[{"id":2038,"href":"https:\/\/www.planete-sciences.org\/aura\/wp-json\/wp\/v2\/pages\/12\/revisions\/2038"}],"wp:attachment":[{"href":"https:\/\/www.planete-sciences.org\/aura\/wp-json\/wp\/v2\/media?parent=12"}],"curies":[{"name":"wp","href":"https:\/\/api.w.org\/{rel}","templated":true}]}}