{"id":118,"date":"2016-06-24T07:19:45","date_gmt":"2016-06-24T07:19:45","guid":{"rendered":"http:\/\/monpc-120416357:81\/wordpress\/?page_id=118"},"modified":"2026-03-12T13:48:34","modified_gmt":"2026-03-12T13:48:34","slug":"stages","status":"publish","type":"page","link":"https:\/\/www.planete-sciences.org\/aura\/animations\/individuel\/a-grenoble\/stages\/","title":{"rendered":"Les stages (Grenoble)"},"content":{"rendered":"<div class=\"cartouche\" style=\"text-align: justify;\">\n<p>Plan\u00e8te Sciences Auvergne-Rh\u00f4ne-Alpes propose des stages th\u00e9matiques aux jeunes entre 8 et 18 ans, pendant les vacances scolaires et les week-ends encadr\u00e9s par des animateurs sp\u00e9cialis\u00e9s. Grands bricoleurs ou simples curieux, ces stages sont adapt\u00e9s \u00e0 toutes et \u00e0 tous, le but \u00e9tant de d\u00e9couvrir une nouvelle activit\u00e9 de fa\u00e7on ludique et exp\u00e9rimentale.<\/p>\n<p>Nos stages sont limit\u00e9s \u00e0 10-12 jeunes, pour un accompagnement optimal.<\/p>\n<p>Les stages se d\u00e9roulent de 10h \u00e0 16h30 dans notre local au P\u00f4le Associatif du Chatelet &#8211; 48 Avenue Washington &#8211; 38100 Grenoble<\/p>\n<p>Chaque participant apporte son repas pour le d\u00e9jeuner, un frigo et un micro-onde sont \u00e0 disposition si besoin.<\/p>\n<p><strong class=\"caractencadre2-spip spip\">Nous vous invitons \u00e0 demander votre inscription \u00e0 notre newsletter afin de recevoir les informations d\u00e8s que de nouveaux stages sont programm\u00e9s.<\/strong><\/p>\n<p>&nbsp;<\/p>\n<h2 style=\"text-align: center;\"><strong>Programme des vacances d&rsquo;avril <\/strong><strong>2026 :<\/strong><\/h2>\n<p>&nbsp;<\/p>\n<\/div>\n<h3 style=\"text-align: center;\"><strong>Stage de constructions v\u00e9hicules solaires :<\/strong><\/h3>\n<p><a href=\"https:\/\/www.planete-sciences.org\/aura\/wp-content\/uploads\/2026\/01\/kit-voiture-solaire-1.jpg\"><img fetchpriority=\"high\" decoding=\"async\" class=\"aligncenter wp-image-2622\" src=\"https:\/\/www.planete-sciences.org\/aura\/wp-content\/uploads\/2026\/01\/kit-voiture-solaire-1.jpg\" alt=\"\" width=\"576\" height=\"432\" srcset=\"https:\/\/www.planete-sciences.org\/aura\/wp-content\/uploads\/2026\/01\/kit-voiture-solaire-1.jpg 756w, https:\/\/www.planete-sciences.org\/aura\/wp-content\/uploads\/2026\/01\/kit-voiture-solaire-1-300x225.jpg 300w, https:\/\/www.planete-sciences.org\/aura\/wp-content\/uploads\/2026\/01\/kit-voiture-solaire-1-350x263.jpg 350w\" sizes=\"(max-width: 576px) 100vw, 576px\" \/><\/a><\/p>\n<p><strong><a href=\"https:\/\/www.helloasso.com\/associations\/planete-sciences-auvergne-rhone-alpes\/evenements\/stage-grenoble-construction-vehicule-solaire-le-9-et-10-avril-2026\">Inscriptions Stage construction de v\u00e9hicules solaires\u00a0<\/a><\/strong><\/p>\n<ul>\n<li>Age : \u00e0 partir 9 ans<\/li>\n<li>Quand : jeudi 9 et vendredi 10 avril 2026 de 10h \u00e0 16h30<\/li>\n<li>O\u00f9 : \u00e0 la Casemate, 2 pl. Saint Laurent<\/li>\n<li>Prix : 90 \u20ac<\/li>\n<li>Les participant-es vont concevoir et r\u00e9aliser un v\u00e9hicule propuls\u00e9 gr\u00e2ce \u00e0 l\u2019\u00e9nergie solaire, dans le but de participer aux d\u00e9fis solaires, qui auront lieu lors de la F\u00eate des Tuiles \u00e0 Grenoble le 6 juin 2026. Pour cela, elles\/ils apprendront les bases de l\u2019\u00e9lectricit\u00e9, de la m\u00e9canique et du photovolta\u00efque, afin de pouvoir assembler, souder, coller tous les \u00e9l\u00e9ments de leurs v\u00e9hicules.<br \/>\nLes jeunes pourront r\u00e9cup\u00e9rer leurs v\u00e9hicules apr\u00e8s la F\u00eate des Tuiles !<\/li>\n<\/ul>\n<p>&nbsp;<\/p>\n<p>Pour recevoir les informations en avant-premi\u00e8re, demandez l&rsquo;abonnement \u00e0 notre newsletter (un e-mail par mois, le premier mercredi du mois) en nous envoyant un e-mail \u00e0 <a href=\"mailto:isere@planete-sciences.org\">isere@planete-sciences.org<\/a><\/p>\n<div class=\"cartouche\">Les inscriptions se font en ligne via la plateforme H<em>elloasso<\/em> s\u00e9curis\u00e9e et d\u00e9di\u00e9e aux association, vous trouverez le lien d&rsquo;inscription pour chaque stage. <em><strong>Si toutefois vous avez des difficult\u00e9s \u00e0 vous inscrire en ligne ou si vous souhaitez utiliser un autre mode de paiement n&rsquo;h\u00e9sitez pas \u00e0 nous contacter : <\/strong><\/em><\/div>\n<div class=\"cartouche\"><em><strong>pour les stages se d\u00e9roulant \u00e0 Grenoble :\u00a0<\/strong><\/em><em><strong>is\u00e8re@planete-sciences.org &#8211;<\/strong><\/em><em><strong>\u00a007 68 17 82 08<\/strong><\/em><\/div>\n<p>&nbsp;<\/p>\n","protected":false},"excerpt":{"rendered":"<p>Plan\u00e8te Sciences Auvergne-Rh\u00f4ne-Alpes propose des stages th\u00e9matiques aux jeunes entre 8 et 18 ans, pendant les vacances scolaires et les week-ends encadr\u00e9s par des animateurs sp\u00e9cialis\u00e9s. Grands bricoleurs ou simples <a class=\"more-link\" href=\"https:\/\/www.planete-sciences.org\/aura\/animations\/individuel\/a-grenoble\/stages\/\">Lire la suite \u2192<\/a><\/p>\n","protected":false},"author":1,"featured_media":0,"parent":877,"menu_order":0,"comment_status":"closed","ping_status":"closed","template":"","meta":{"footnotes":""},"class_list":["post-118","page","type-page","status-publish","hentry"],"_links":{"self":[{"href":"https:\/\/www.planete-sciences.org\/aura\/wp-json\/wp\/v2\/pages\/118","targetHints":{"allow":["GET"]}}],"collection":[{"href":"https:\/\/www.planete-sciences.org\/aura\/wp-json\/wp\/v2\/pages"}],"about":[{"href":"https:\/\/www.planete-sciences.org\/aura\/wp-json\/wp\/v2\/types\/page"}],"author":[{"embeddable":true,"href":"https:\/\/www.planete-sciences.org\/aura\/wp-json\/wp\/v2\/users\/1"}],"replies":[{"embeddable":true,"href":"https:\/\/www.planete-sciences.org\/aura\/wp-json\/wp\/v2\/comments?post=118"}],"version-history":[{"count":196,"href":"https:\/\/www.planete-sciences.org\/aura\/wp-json\/wp\/v2\/pages\/118\/revisions"}],"predecessor-version":[{"id":2660,"href":"https:\/\/www.planete-sciences.org\/aura\/wp-json\/wp\/v2\/pages\/118\/revisions\/2660"}],"up":[{"embeddable":true,"href":"https:\/\/www.planete-sciences.org\/aura\/wp-json\/wp\/v2\/pages\/877"}],"wp:attachment":[{"href":"https:\/\/www.planete-sciences.org\/aura\/wp-json\/wp\/v2\/media?parent=118"}],"curies":[{"name":"wp","href":"https:\/\/api.w.org\/{rel}","templated":true}]}}