{"id":10,"date":"2016-06-23T09:38:08","date_gmt":"2016-06-23T09:38:08","guid":{"rendered":"http:\/\/monpc-120416357:81\/wordpress\/?page_id=10"},"modified":"2026-04-02T11:48:05","modified_gmt":"2026-04-02T11:48:05","slug":"formations","status":"publish","type":"page","link":"https:\/\/www.planete-sciences.org\/aura\/formations\/","title":{"rendered":"FORMATIONS"},"content":{"rendered":"<p style=\"text-align: justify;\">Plan\u00e8te Sciences Auvergne-Rh\u00f4ne-Alpes encadre un ensemble de formations \u00e0 destination des animateurs et des enseignants souhaitant mettre en place des activit\u00e9s scientifiques avec des jeunes.<\/p>\n<div id=\"attachment_1437\" style=\"width: 310px\" class=\"wp-caption aligncenter\"><img fetchpriority=\"high\" decoding=\"async\" aria-describedby=\"caption-attachment-1437\" class=\"wp-image-1437 size-medium\" src=\"https:\/\/www.planete-sciences.org\/aura\/wp-content\/uploads\/2018\/09\/GOPR3864-300x225.jpg\" alt=\"\" width=\"300\" height=\"225\" srcset=\"https:\/\/www.planete-sciences.org\/aura\/wp-content\/uploads\/2018\/09\/GOPR3864-300x225.jpg 300w, https:\/\/www.planete-sciences.org\/aura\/wp-content\/uploads\/2018\/09\/GOPR3864-768x576.jpg 768w, https:\/\/www.planete-sciences.org\/aura\/wp-content\/uploads\/2018\/09\/GOPR3864-1024x768.jpg 1024w, https:\/\/www.planete-sciences.org\/aura\/wp-content\/uploads\/2018\/09\/GOPR3864-350x263.jpg 350w, https:\/\/www.planete-sciences.org\/aura\/wp-content\/uploads\/2018\/09\/GOPR3864.jpg 1200w\" sizes=\"(max-width: 300px) 100vw, 300px\" \/><p id=\"caption-attachment-1437\" class=\"wp-caption-text\">Formation fus\u00e9es \u00e0 eau &#8211; fonctionnement de la rampe de lancements<\/p><\/div>\n<p><a href=\"https:\/\/www.planete-sciences.org\/aura\/wp-content\/uploads\/2026\/04\/Catalogue-formations-2026.pdf\">Catalogue formations 2026<\/a><\/p>\n<p><a href=\"https:\/\/www.planete-sciences.org\/aura\/wp-content\/uploads\/2026\/04\/formations-sem-1-2026.png\"><img decoding=\"async\" class=\"aligncenter size-medium wp-image-2676\" src=\"https:\/\/www.planete-sciences.org\/aura\/wp-content\/uploads\/2026\/04\/formations-sem-1-2026-212x300.png\" alt=\"\" width=\"212\" height=\"300\" srcset=\"https:\/\/www.planete-sciences.org\/aura\/wp-content\/uploads\/2026\/04\/formations-sem-1-2026-212x300.png 212w, https:\/\/www.planete-sciences.org\/aura\/wp-content\/uploads\/2026\/04\/formations-sem-1-2026-724x1024.png 724w, https:\/\/www.planete-sciences.org\/aura\/wp-content\/uploads\/2026\/04\/formations-sem-1-2026-768x1086.png 768w, https:\/\/www.planete-sciences.org\/aura\/wp-content\/uploads\/2026\/04\/formations-sem-1-2026-1086x1536.png 1086w, https:\/\/www.planete-sciences.org\/aura\/wp-content\/uploads\/2026\/04\/formations-sem-1-2026-1448x2048.png 1448w, https:\/\/www.planete-sciences.org\/aura\/wp-content\/uploads\/2026\/04\/formations-sem-1-2026.png 1587w\" sizes=\"(max-width: 212px) 100vw, 212px\" \/><\/a><\/p>\n<p>Inscriptions sur <a href=\"https:\/\/www.helloasso.com\/associations\/planete-sciences-auvergne-rhone-alpes\">Helloasso<\/a><\/p>\n<p>&nbsp;<\/p>\n<p>Pour plus de d\u00e9tails par th\u00e9matiques :<\/p>\n<ul>\n<li><a href=\"https:\/\/www.planete-sciences.org\/aura\/formations\/formation-astronomie\/\">Formations Astronomie<\/a><\/li>\n<li><a href=\"https:\/\/www.planete-sciences.org\/aura\/formations\/formation-robotique\/\">Formations Robotique<\/a><\/li>\n<li><a href=\"https:\/\/www.planete-sciences.org\/aura\/formations\/formation-espace\/\">Formations Espace<\/a><\/li>\n<li><a href=\"https:\/\/www.planete-sciences.org\/aura\/formations\/autres-formations\/\">Autres th\u00e9matiques scientifiques<\/a><\/li>\n<\/ul>\n<p>Vous \u00eates une structure de loisirs, une organisation territoriale, une association ou une entreprise et souhaitez une formation priv\u00e9e \u00e0 destination de vos salari\u00e9s ou adh\u00e9rents ? Nous pouvons tout \u00e0 fait mettre en place une formation dans votre structure \u00e0 partir de 5 participants et \u00e9tablir ensemble un programme de formation adapt\u00e9 \u00e0 vos besoins et \u00e0 vos demandes.<\/p>\n<p>Nous pouvons \u00e9galement organiser des formations sous d&rsquo;autres formats ou d&rsquo;autres th\u00e9matiques scientifiques sur demande, n&rsquo;h\u00e9sitez pas \u00e0 <a href=\"https:\/\/www.planete-sciences.org\/aura\/contact\/\">nous contacter<\/a> pour en discuter.<\/p>\n","protected":false},"excerpt":{"rendered":"<p>Plan\u00e8te Sciences Auvergne-Rh\u00f4ne-Alpes encadre un ensemble de formations \u00e0 destination des animateurs et des enseignants souhaitant mettre en place des activit\u00e9s scientifiques avec des jeunes. Catalogue formations 2026 Inscriptions sur <a class=\"more-link\" href=\"https:\/\/www.planete-sciences.org\/aura\/formations\/\">Lire la suite \u2192<\/a><\/p>\n","protected":false},"author":1,"featured_media":0,"parent":0,"menu_order":0,"comment_status":"closed","ping_status":"closed","template":"","meta":{"footnotes":""},"class_list":["post-10","page","type-page","status-publish","hentry"],"_links":{"self":[{"href":"https:\/\/www.planete-sciences.org\/aura\/wp-json\/wp\/v2\/pages\/10","targetHints":{"allow":["GET"]}}],"collection":[{"href":"https:\/\/www.planete-sciences.org\/aura\/wp-json\/wp\/v2\/pages"}],"about":[{"href":"https:\/\/www.planete-sciences.org\/aura\/wp-json\/wp\/v2\/types\/page"}],"author":[{"embeddable":true,"href":"https:\/\/www.planete-sciences.org\/aura\/wp-json\/wp\/v2\/users\/1"}],"replies":[{"embeddable":true,"href":"https:\/\/www.planete-sciences.org\/aura\/wp-json\/wp\/v2\/comments?post=10"}],"version-history":[{"count":76,"href":"https:\/\/www.planete-sciences.org\/aura\/wp-json\/wp\/v2\/pages\/10\/revisions"}],"predecessor-version":[{"id":2679,"href":"https:\/\/www.planete-sciences.org\/aura\/wp-json\/wp\/v2\/pages\/10\/revisions\/2679"}],"wp:attachment":[{"href":"https:\/\/www.planete-sciences.org\/aura\/wp-json\/wp\/v2\/media?parent=10"}],"curies":[{"name":"wp","href":"https:\/\/api.w.org\/{rel}","templated":true}]}}