{"id":5,"date":"2012-09-07T15:33:48","date_gmt":"2012-09-07T14:33:48","guid":{"rendered":"http:\/\/www.planete-sciences.org\/normandie\/?page_id=5"},"modified":"2026-01-16T11:12:53","modified_gmt":"2026-01-16T10:12:53","slug":"accueil","status":"publish","type":"page","link":"http:\/\/www.planete-sciences.org\/normandie\/","title":{"rendered":"Accueil"},"content":{"rendered":"\n<h2 class=\"wp-block-heading\">Bienvenue sur le site d&#8217;informations de Plan\u00e8te Sciences Normandie !<\/h2>\n\n\n\n<h6 class=\"wp-block-heading\">\u00cates-vous un \u00e9tablissement scolaire, un centre de loisirs ou une structure de vacances souhaitant offrir \u00e0 vos jeunes une exp\u00e9rience scientifique ludique et enrichissante ?<\/h6>\n\n\n\n<p><strong>\u00ab Pratiquer pour mieux comprendre \u00bb<\/strong><br>Plan\u00e8te Sciences Normandie vous propose un&nbsp;<strong>large choix d\u2019activit\u00e9s et de formations<\/strong>&nbsp;modulables \u00e0 vos besoins.<\/p>\n\n\n\n<p>De la robotique \u00e0 l\u2019astronomie en passant pas le d\u00e9veloppement durable, nous croyons \u00e0 l\u2019acc\u00e8s aux sciences pour tous. D\u00e9sireux de transmettre et faire comprendre,&nbsp;<strong>nos modules sont ludiques et adapt\u00e9s aux jeunes de 7 \u00e0 18 ans.<\/strong><\/p>\n\n\n\n<p>Depuis 50 ans maintenant, le r\u00e9seau Plan\u00e8te Sciences accompagne les jeunes partout en France, dans&nbsp;<strong>diff\u00e9rents champs d\u2019action<\/strong>. Activit\u00e9s scolaires et p\u00e9riscolaires, en classes d\u00e9couvertes et scientifiques ou en stages, nous sommes \u00e0 votre \u00e9coute.<\/p>\n\n\n\n<p>Depuis 2004, Plan\u00e8te Sciences Normandie d\u00e9ploie des actions au quotidien sur l\u2019ensemble du territoire. Nous sommes r\u00e9f\u00e9renc\u00e9s sur ADAGE, PASS CULTURE, CRED 76, \u2026 financ\u00e9s par les d\u00e9partements normands, la r\u00e9gion Normandie, \u2026 pour proposer toujours davabtage de connaissances accessibles au plus grand nombre.<br><br>Contactez nous pour faire profiter vos \u00e9l\u00e8ves, vos enfants et adolescents d\u2019une action \u00e9ducative et ludique de qualit\u00e9, men\u00e9e par des professionnels form\u00e9s et comp\u00e9tents.&nbsp;<\/p>\n\n\n\n<p>Au del\u00e0 de nos interventions, propos\u00e9es sur 1 ou plusieurs jours, nous sommes disponilbes pour vous accompagner dans vos projets des plus simples au plus complexes.&nbsp;<\/p>\n\n\n\n<p><\/p>\n","protected":false},"excerpt":{"rendered":"<p>Bienvenue sur le site d&#8217;informations de Plan\u00e8te Sciences Normandie ! \u00cates-vous un \u00e9tablissement scolaire, un centre de loisirs ou une structure de vacances souhaitant offrir \u00e0 vos jeunes une exp\u00e9rience scientifique ludique et enrichissante ? \u00ab Pratiquer pour mieux comprendre \u00bbPlan\u00e8te Sciences Normandie vous propose un&nbsp;large choix d\u2019activit\u00e9s et de formations&nbsp;modulables \u00e0 vos besoins. De &hellip; <a href=\"http:\/\/www.planete-sciences.org\/normandie\/\" class=\"more-link\">Continuer la lecture<span class=\"screen-reader-text\"> de &laquo;&nbsp;Accueil&nbsp;&raquo;<\/span><\/a><\/p>\n","protected":false},"author":8,"featured_media":0,"parent":0,"menu_order":0,"comment_status":"closed","ping_status":"open","template":"","meta":{"footnotes":""},"class_list":["post-5","page","type-page","status-publish","hentry"],"_links":{"self":[{"href":"http:\/\/www.planete-sciences.org\/normandie\/wp-json\/wp\/v2\/pages\/5","targetHints":{"allow":["GET"]}}],"collection":[{"href":"http:\/\/www.planete-sciences.org\/normandie\/wp-json\/wp\/v2\/pages"}],"about":[{"href":"http:\/\/www.planete-sciences.org\/normandie\/wp-json\/wp\/v2\/types\/page"}],"author":[{"embeddable":true,"href":"http:\/\/www.planete-sciences.org\/normandie\/wp-json\/wp\/v2\/users\/8"}],"replies":[{"embeddable":true,"href":"http:\/\/www.planete-sciences.org\/normandie\/wp-json\/wp\/v2\/comments?post=5"}],"version-history":[{"count":73,"href":"http:\/\/www.planete-sciences.org\/normandie\/wp-json\/wp\/v2\/pages\/5\/revisions"}],"predecessor-version":[{"id":1483,"href":"http:\/\/www.planete-sciences.org\/normandie\/wp-json\/wp\/v2\/pages\/5\/revisions\/1483"}],"wp:attachment":[{"href":"http:\/\/www.planete-sciences.org\/normandie\/wp-json\/wp\/v2\/media?parent=5"}],"curies":[{"name":"wp","href":"https:\/\/api.w.org\/{rel}","templated":true}]}}