{"id":1261,"date":"2024-03-17T13:22:48","date_gmt":"2024-03-17T12:22:48","guid":{"rendered":"http:\/\/www.planete-sciences.org\/normandie\/?page_id=1261"},"modified":"2026-04-23T10:39:59","modified_gmt":"2026-04-23T09:39:59","slug":"notre-catalogue","status":"publish","type":"page","link":"http:\/\/www.planete-sciences.org\/normandie\/notre-catalogue\/","title":{"rendered":"Notre catalogue"},"content":{"rendered":"<h2>Notre catalogue &#8220;loisirs&#8221;<\/h2>\n<p>Une s\u00e9lection d&#8217;activit\u00e9s pour les ACM avec ou sans h\u00e9bergement.\u00a0<\/p>\n<div class=\"_df_book df-lite\" id=\"df_1388\"  _slug=\"catalogue-loisirs\" data-title=\"catalogue-loisirs\" wpoptions=\"true\" thumb=\"http:\/\/www.planete-sciences.org\/normandie\/wp-content\/uploads\/2026\/04\/Catalogue-Deleg-Normandie-v-IMP_Page_1.jpg\" thumbtype=\"\" ><\/div><script class=\"df-shortcode-script\" nowprocket type=\"application\/javascript\">window.option_df_1388 = {\"outline\":[],\"autoEnableOutline\":\"false\",\"autoEnableThumbnail\":\"false\",\"overwritePDFOutline\":\"false\",\"direction\":\"1\",\"pageSize\":\"0\",\"maxTextureSize\":\"2048\",\"source\":\"http:\\\/\\\/www.planete-sciences.org\\\/normandie\\\/wp-content\\\/uploads\\\/2026\\\/04\\\/Catalogue-Deleg-Normandie-v-IMP.pdf\",\"wpOptions\":\"true\"}; if(window.DFLIP && window.DFLIP.parseBooks){window.DFLIP.parseBooks();}<\/script>\n<p><a href=\"http:\/\/www.planete-sciences.org\/normandie\/wp-content\/uploads\/2026\/04\/Catalogue-Deleg-Normandie-v-STD.pdf\">T\u00e9l\u00e9charger le catalogue<\/a><\/p>\n\n\n<p><\/p>\n","protected":false},"excerpt":{"rendered":"<p>Notre catalogue &#8220;loisirs&#8221; Une s\u00e9lection d&#8217;activit\u00e9s pour les ACM avec ou sans h\u00e9bergement.\u00a0 T\u00e9l\u00e9charger le catalogue<\/p>\n","protected":false},"author":8,"featured_media":0,"parent":0,"menu_order":0,"comment_status":"closed","ping_status":"closed","template":"","meta":{"footnotes":""},"class_list":["post-1261","page","type-page","status-publish","hentry"],"_links":{"self":[{"href":"http:\/\/www.planete-sciences.org\/normandie\/wp-json\/wp\/v2\/pages\/1261","targetHints":{"allow":["GET"]}}],"collection":[{"href":"http:\/\/www.planete-sciences.org\/normandie\/wp-json\/wp\/v2\/pages"}],"about":[{"href":"http:\/\/www.planete-sciences.org\/normandie\/wp-json\/wp\/v2\/types\/page"}],"author":[{"embeddable":true,"href":"http:\/\/www.planete-sciences.org\/normandie\/wp-json\/wp\/v2\/users\/8"}],"replies":[{"embeddable":true,"href":"http:\/\/www.planete-sciences.org\/normandie\/wp-json\/wp\/v2\/comments?post=1261"}],"version-history":[{"count":5,"href":"http:\/\/www.planete-sciences.org\/normandie\/wp-json\/wp\/v2\/pages\/1261\/revisions"}],"predecessor-version":[{"id":1511,"href":"http:\/\/www.planete-sciences.org\/normandie\/wp-json\/wp\/v2\/pages\/1261\/revisions\/1511"}],"wp:attachment":[{"href":"http:\/\/www.planete-sciences.org\/normandie\/wp-json\/wp\/v2\/media?parent=1261"}],"curies":[{"name":"wp","href":"https:\/\/api.w.org\/{rel}","templated":true}]}}