{"id":1232,"date":"2024-03-11T19:29:50","date_gmt":"2024-03-11T18:29:50","guid":{"rendered":"http:\/\/www.planete-sciences.org\/normandie\/?page_id=1232"},"modified":"2026-01-16T10:27:15","modified_gmt":"2026-01-16T09:27:15","slug":"nous-contacter","status":"publish","type":"page","link":"http:\/\/www.planete-sciences.org\/normandie\/nous-contacter\/","title":{"rendered":"Nous contacter"},"content":{"rendered":"<p><strong>Vous pouvez nous contacter via ce formulaire.<\/strong><\/p>\n<style id=\"wpforms-css-vars-885\">\n\t\t\t\t#wpforms-885 {\n\t\t\t\t--wpforms-field-size-input-height: 43px;\n--wpforms-field-size-input-spacing: 15px;\n--wpforms-field-size-font-size: 16px;\n--wpforms-field-size-line-height: 19px;\n--wpforms-field-size-padding-h: 14px;\n--wpforms-field-size-checkbox-size: 16px;\n--wpforms-field-size-sublabel-spacing: 5px;\n--wpforms-field-size-icon-size: 1;\n--wpforms-label-size-font-size: 16px;\n--wpforms-label-size-line-height: 19px;\n--wpforms-label-size-sublabel-font-size: 14px;\n--wpforms-label-size-sublabel-line-height: 17px;\n--wpforms-button-size-font-size: 17px;\n--wpforms-button-size-height: 41px;\n--wpforms-button-size-padding-h: 15px;\n--wpforms-button-size-margin-top: 10px;\n--wpforms-container-shadow-size-box-shadow: none;\n\t\t\t}\n\t\t\t<\/style><div class=\"wpforms-container wpforms-container-full wpforms-render-modern\" id=\"wpforms-885\"><form id=\"wpforms-form-885\" class=\"wpforms-validate wpforms-form\" data-formid=\"885\" method=\"post\" enctype=\"multipart\/form-data\" action=\"\/normandie\/wp-json\/wp\/v2\/pages\/1232\" data-token=\"bb45fddccd1ab5dbe14cce78b570cac7\" data-token-time=\"1778765639\"><div class=\"wpforms-head-container\"><\/div><noscript class=\"wpforms-error-noscript\">Veuillez activer JavaScript dans votre navigateur pour remplir ce formulaire.<\/noscript><div id=\"wpforms-error-noscript\" style=\"display: none;\">Veuillez activer JavaScript dans votre navigateur pour remplir ce formulaire.<\/div><div class=\"wpforms-field-container\"><div id=\"wpforms-885-field_0-container\" class=\"wpforms-field wpforms-field-name\" data-field-id=\"0\"><fieldset><legend class=\"wpforms-field-label\">Nom <span class=\"wpforms-required-label\" aria-hidden=\"true\">*<\/span><\/legend><div class=\"wpforms-field-row wpforms-field-medium\"><div class=\"wpforms-field-row-block wpforms-first wpforms-one-half\"><input type=\"text\" id=\"wpforms-885-field_0\" class=\"wpforms-field-name-first wpforms-field-required\" name=\"wpforms[fields][0][first]\" aria-errormessage=\"wpforms-885-field_0-error\" required><label for=\"wpforms-885-field_0\" class=\"wpforms-field-sublabel after\">Pr\u00e9nom<\/label><\/div><div class=\"wpforms-field-row-block wpforms-one-half\"><input type=\"text\" id=\"wpforms-885-field_0-last\" class=\"wpforms-field-name-last wpforms-field-required\" name=\"wpforms[fields][0][last]\" aria-errormessage=\"wpforms-885-field_0-last-error\" required><label for=\"wpforms-885-field_0-last\" class=\"wpforms-field-sublabel after\">Nom<\/label><\/div><\/div><\/fieldset><\/div><div id=\"wpforms-885-field_1-container\" class=\"wpforms-field wpforms-field-email\" data-field-id=\"1\"><label class=\"wpforms-field-label\" for=\"wpforms-885-field_1\">E-mail <span class=\"wpforms-required-label\" aria-hidden=\"true\">*<\/span><\/label><input type=\"email\" id=\"wpforms-885-field_1\" class=\"wpforms-field-medium wpforms-field-required\" name=\"wpforms[fields][1]\" spellcheck=\"false\" aria-errormessage=\"wpforms-885-field_1-error\" required><\/div><div id=\"wpforms-885-field_9-container\" class=\"wpforms-field wpforms-field-phone\" data-field-id=\"9\"><label class=\"wpforms-field-label\" for=\"wpforms-885-field_9\">T\u00e9l\u00e9phone <span class=\"wpforms-required-label\" aria-hidden=\"true\">*<\/span><\/label><input type=\"tel\" id=\"wpforms-885-field_9\" class=\"wpforms-field-medium wpforms-field-required wpforms-smart-phone-field\" data-rule-smart-phone-field=\"true\" name=\"wpforms[fields][9]\" value=\"+33\" aria-label=\"T\u00e9l\u00e9phone\" aria-errormessage=\"wpforms-885-field_9-error\" aria-describedby=\"wpforms-885-field_9-description\" required><div id=\"wpforms-885-field_9-description\" class=\"wpforms-field-description\">Nous avons souvent besoin de discuter avec vous des d\u00e9tails de vos projets, aussi merci de nous laisser un num\u00e9ro de t\u00e9l\u00e9phone sur lequel vous \u00eates joignable directement (\u00e9vitez les standards SVP).<\/div><\/div><div id=\"wpforms-885-field_11-container\" class=\"wpforms-field wpforms-field-payment-select wpforms-field-select-style-classic\" data-field-id=\"11\"><label class=\"wpforms-field-label\" for=\"wpforms-885-field_11\">D\u00e9partement<\/label><select id=\"wpforms-885-field_11\" class=\"wpforms-payment-price wpforms-field-medium\" name=\"wpforms[fields][11]\"><option value=\"1\" data-amount=\"14,00\" >Calvados (14)<\/option><option value=\"2\" data-amount=\"27,00\" >Eure (27)<\/option><option value=\"5\" data-amount=\"50,00\" >Manche (50<\/option><option value=\"3\" data-amount=\"61,00\" >Orne (61)<\/option><option value=\"4\" data-amount=\"76,00\" >Seine-Maritime<\/option><\/select><\/div><div id=\"wpforms-885-field_2-container\" class=\"wpforms-field wpforms-field-textarea\" data-field-id=\"2\"><label class=\"wpforms-field-label\" for=\"wpforms-885-field_2\">D\u00e9crivez nous votre projet, posez nous vos questions, nous ferons notre maximum pour vous r\u00e9pondre au plus vite. <span class=\"wpforms-required-label\" aria-hidden=\"true\">*<\/span><\/label><textarea id=\"wpforms-885-field_2\" class=\"wpforms-field-medium wpforms-field-required\" name=\"wpforms[fields][2]\" aria-errormessage=\"wpforms-885-field_2-error\" required><\/textarea><\/div><\/div><!-- .wpforms-field-container --><div class=\"wpforms-field wpforms-field-hp\"><label for=\"wpforms-885-field-hp\" class=\"wpforms-field-label\">Name<\/label><input type=\"text\" name=\"wpforms[hp]\" id=\"wpforms-885-field-hp\" class=\"wpforms-field-medium\"><\/div><div class=\"wpforms-recaptcha-container wpforms-is-recaptcha wpforms-is-recaptcha-type-invisible\" ><div class=\"g-recaptcha\" data-sitekey=\"6LekZpUpAAAAAC7hxv2Sh6nA56A_GOslKiykGAZB\" data-size=\"invisible\"><\/div><\/div><div class=\"wpforms-submit-container\" ><input type=\"hidden\" name=\"wpforms[id]\" value=\"885\"><input type=\"hidden\" name=\"page_title\" value=\"\"><input type=\"hidden\" name=\"page_url\" value=\"http:\/\/www.planete-sciences.org\/normandie\/wp-json\/wp\/v2\/pages\/1232\"><input type=\"hidden\" name=\"url_referer\" value=\"\"><button type=\"submit\" name=\"wpforms[submit]\" id=\"wpforms-submit-885\" class=\"wpforms-submit\" aria-live=\"assertive\" value=\"wpforms-submit\">Envoyer<\/button><\/div><\/form><\/div>  <!-- .wpforms-container -->\n<p><strong>Vous pouvez \u00e9galement nous contacter par t\u00e9l\u00e9phone au 02 30 32 56 60<\/strong><\/p>\n\n\n<p><\/p>\n","protected":false},"excerpt":{"rendered":"<p>Vous pouvez nous contacter via ce formulaire. Vous pouvez \u00e9galement nous contacter par t\u00e9l\u00e9phone au 02 30 32 56 60<\/p>\n","protected":false},"author":8,"featured_media":0,"parent":0,"menu_order":0,"comment_status":"closed","ping_status":"closed","template":"","meta":{"footnotes":""},"class_list":["post-1232","page","type-page","status-publish","hentry"],"_links":{"self":[{"href":"http:\/\/www.planete-sciences.org\/normandie\/wp-json\/wp\/v2\/pages\/1232","targetHints":{"allow":["GET"]}}],"collection":[{"href":"http:\/\/www.planete-sciences.org\/normandie\/wp-json\/wp\/v2\/pages"}],"about":[{"href":"http:\/\/www.planete-sciences.org\/normandie\/wp-json\/wp\/v2\/types\/page"}],"author":[{"embeddable":true,"href":"http:\/\/www.planete-sciences.org\/normandie\/wp-json\/wp\/v2\/users\/8"}],"replies":[{"embeddable":true,"href":"http:\/\/www.planete-sciences.org\/normandie\/wp-json\/wp\/v2\/comments?post=1232"}],"version-history":[{"count":4,"href":"http:\/\/www.planete-sciences.org\/normandie\/wp-json\/wp\/v2\/pages\/1232\/revisions"}],"predecessor-version":[{"id":1482,"href":"http:\/\/www.planete-sciences.org\/normandie\/wp-json\/wp\/v2\/pages\/1232\/revisions\/1482"}],"wp:attachment":[{"href":"http:\/\/www.planete-sciences.org\/normandie\/wp-json\/wp\/v2\/media?parent=1232"}],"curies":[{"name":"wp","href":"https:\/\/api.w.org\/{rel}","templated":true}]}}