{"id":971,"date":"2012-10-02T18:04:18","date_gmt":"2012-10-02T16:04:18","guid":{"rendered":"http:\/\/www.planete-sciences.org\/blogs\/defissolaires\/?page_id=971"},"modified":"2023-05-22T09:24:31","modified_gmt":"2023-05-22T07:24:31","slug":"edition-courante","status":"publish","type":"page","link":"http:\/\/www.planete-sciences.org\/blogs\/defissolaires\/edition-courante\/","title":{"rendered":"Edition"},"content":{"rendered":"<h2><\/h2>\n<h1 style=\"text-align: center;\">Rencontres r\u00e9gionales des voitures radiocommand\u00e9es<\/h1>\n<h1 style=\"text-align: center;\">les 26 et 27 mai 2023 \u00e0 la Cit\u00e9 de l&rsquo;Espace &#8211; TOULOUSE<\/h1>\n<h2><\/h2>\n<h2 style=\"text-align: left;\">Rencontres d\u00e9partementales des voitures filoguid\u00e9es :<\/h2>\n<h4><strong>30 &#8211; Gard &#8211; 12 juin 2023<\/strong><strong> \u00e0 Gallargues le Montueux<\/strong><\/h4>\n<h4><strong>31 &#8211; Haute Garonne &#8211; le 26 et 27 mai 2023 \u00e0 la Cit\u00e9 de l&rsquo;Espace<\/strong><\/h4>\n<h4><strong>32 &#8211; Gers &#8211; le 8 juin 2023 \u00e0 Condom<br \/>\n<\/strong><\/h4>\n<h4><strong>34 &#8211; H\u00e9rault &#8211; 19 juin 2023 \u00e0 Montpellier et 22 juin 2023 \u00e0 la Cit\u00e9 \u00e9ducative de Lunel<br \/>\n<\/strong><\/h4>\n<h4><strong>46 &#8211; Lot &#8211; 30 juin 2023 dans une \u00e9cole<br \/>\n<\/strong><\/h4>\n<h4><strong>65 &#8211; Hautes Pyr\u00e9n\u00e9es &#8211; <\/strong><strong>le 29 juin 2023 \u00e0 l&rsquo;\u00e9cole jules Ferry \u00e0 Bagn\u00e8res de Bigorre<\/strong><\/h4>\n<h4><strong>81 &#8211; Tarn &#8211; le 12 mai 2023 \u00e0 Albi en partenariat avec l&rsquo;EcoRace<\/strong><\/h4>\n<h1><\/h1>\n<h2><\/h2>\n<h2><\/h2>\n<h2><\/h2>\n<h2><\/h2>\n<h2><code><\/code><\/h2>\n","protected":false},"excerpt":{"rendered":"<p>Rencontres r\u00e9gionales des voitures radiocommand\u00e9es les 26 et 27 mai 2023 \u00e0 la Cit\u00e9 de l&rsquo;Espace &#8211; TOULOUSE Rencontres d\u00e9partementales des voitures filoguid\u00e9es : 30 &#8211; Gard &#8211; 12 juin 2023 \u00e0 Gallargues le Montueux 31 &#8211; Haute Garonne &#8211; le 26 et 27 mai 2023 \u00e0 la Cit\u00e9 de l&rsquo;Espace 32 &#8211; Gers &#8211; [&hellip;]<\/p>\n","protected":false},"author":88,"featured_media":0,"parent":0,"menu_order":6,"comment_status":"open","ping_status":"closed","template":"","meta":[],"_links":{"self":[{"href":"http:\/\/www.planete-sciences.org\/blogs\/defissolaires\/wp-json\/wp\/v2\/pages\/971"}],"collection":[{"href":"http:\/\/www.planete-sciences.org\/blogs\/defissolaires\/wp-json\/wp\/v2\/pages"}],"about":[{"href":"http:\/\/www.planete-sciences.org\/blogs\/defissolaires\/wp-json\/wp\/v2\/types\/page"}],"author":[{"embeddable":true,"href":"http:\/\/www.planete-sciences.org\/blogs\/defissolaires\/wp-json\/wp\/v2\/users\/88"}],"replies":[{"embeddable":true,"href":"http:\/\/www.planete-sciences.org\/blogs\/defissolaires\/wp-json\/wp\/v2\/comments?post=971"}],"version-history":[{"count":38,"href":"http:\/\/www.planete-sciences.org\/blogs\/defissolaires\/wp-json\/wp\/v2\/pages\/971\/revisions"}],"predecessor-version":[{"id":3580,"href":"http:\/\/www.planete-sciences.org\/blogs\/defissolaires\/wp-json\/wp\/v2\/pages\/971\/revisions\/3580"}],"wp:attachment":[{"href":"http:\/\/www.planete-sciences.org\/blogs\/defissolaires\/wp-json\/wp\/v2\/media?parent=971"}],"curies":[{"name":"wp","href":"https:\/\/api.w.org\/{rel}","templated":true}]}}