{"id":937,"date":"2012-09-28T21:03:39","date_gmt":"2012-09-28T19:03:39","guid":{"rendered":"http:\/\/www.planete-sciences.org\/blogs\/defissolaires\/?page_id=937"},"modified":"2021-11-22T11:08:15","modified_gmt":"2021-11-22T10:08:15","slug":"liens","status":"publish","type":"page","link":"http:\/\/www.planete-sciences.org\/blogs\/defissolaires\/liens-utiles\/liens\/","title":{"rendered":"Liens"},"content":{"rendered":"<h2 style=\"text-align: center;\"><span style=\"color: #092a8b;\">Liens utiles<\/span><\/h2>\n<h3>\u00a0<\/h3>\n<ul>\n<li>\n<h3><a title=\"Site de Plan\u00e8te Sciences Midi-Pyr\u00e9n\u00e9es\" href=\"http:\/\/www.planete-sciences.org\/midi-pyrenees\/web\/\" target=\"_blank\" rel=\"noopener\">\u00a0 Plan\u00e8te Sciences Occitanie<\/a><\/h3>\n<\/li>\n<li>\n<h3><a title=\"Site de Plan\u00e8te Sciences National\" href=\"http:\/\/www.planete-sciences.org\/national\/\" target=\"_blank\" rel=\"noopener\">\u00a0 Plan\u00e8te Sciences National<\/a><\/h3>\n<\/li>\n<li>\n<h3><a title=\"Portail national des D\u00e9fis Solaires\" href=\"http:\/\/www.planete-sciences.org\/blogs\/defissolaires\/national\/\" target=\"_blank\" rel=\"noopener\">\u00a0 Portail national des D\u00e9fis Solaires<\/a><\/h3>\n<\/li>\n<li>\n<h3><a title=\"Portail national des D\u00e9fis Solaires\" href=\"http:\/\/www.planete-sciences.org\/blogs\/defissolaires\/national\/\" target=\"_blank\" rel=\"noopener\">\u00a0 <\/a><a title=\"Pl@scibook\" href=\"http:\/\/www.planete-sciences.org\/blogs\/plascibook\/\" target=\"_blank\" rel=\"noopener\">Pl@scibook : le R\u00e9seau social de Plan\u00e8te Sciences<\/a><\/h3>\n<\/li>\n<\/ul>\n\n\n<p><\/p>\n","protected":false},"excerpt":{"rendered":"<p>Liens utiles \u00a0 \u00a0 Plan\u00e8te Sciences Occitanie \u00a0 Plan\u00e8te Sciences National \u00a0 Portail national des D\u00e9fis Solaires \u00a0 Pl@scibook : le R\u00e9seau social de Plan\u00e8te Sciences<\/p>\n","protected":false},"author":88,"featured_media":0,"parent":930,"menu_order":0,"comment_status":"open","ping_status":"open","template":"","meta":[],"_links":{"self":[{"href":"http:\/\/www.planete-sciences.org\/blogs\/defissolaires\/wp-json\/wp\/v2\/pages\/937"}],"collection":[{"href":"http:\/\/www.planete-sciences.org\/blogs\/defissolaires\/wp-json\/wp\/v2\/pages"}],"about":[{"href":"http:\/\/www.planete-sciences.org\/blogs\/defissolaires\/wp-json\/wp\/v2\/types\/page"}],"author":[{"embeddable":true,"href":"http:\/\/www.planete-sciences.org\/blogs\/defissolaires\/wp-json\/wp\/v2\/users\/88"}],"replies":[{"embeddable":true,"href":"http:\/\/www.planete-sciences.org\/blogs\/defissolaires\/wp-json\/wp\/v2\/comments?post=937"}],"version-history":[{"count":10,"href":"http:\/\/www.planete-sciences.org\/blogs\/defissolaires\/wp-json\/wp\/v2\/pages\/937\/revisions"}],"predecessor-version":[{"id":3524,"href":"http:\/\/www.planete-sciences.org\/blogs\/defissolaires\/wp-json\/wp\/v2\/pages\/937\/revisions\/3524"}],"up":[{"embeddable":true,"href":"http:\/\/www.planete-sciences.org\/blogs\/defissolaires\/wp-json\/wp\/v2\/pages\/930"}],"wp:attachment":[{"href":"http:\/\/www.planete-sciences.org\/blogs\/defissolaires\/wp-json\/wp\/v2\/media?parent=937"}],"curies":[{"name":"wp","href":"https:\/\/api.w.org\/{rel}","templated":true}]}}