{"id":3444,"date":"2021-09-22T12:24:22","date_gmt":"2021-09-22T10:24:22","guid":{"rendered":"http:\/\/www.planete-sciences.org\/blogs\/defissolaires\/?page_id=3444"},"modified":"2021-09-27T10:42:14","modified_gmt":"2021-09-27T08:42:14","slug":"solarmaxxxx","status":"publish","type":"page","link":"http:\/\/www.planete-sciences.org\/blogs\/defissolaires\/solarmaxxxx\/","title":{"rendered":"SOLARMAX"},"content":{"rendered":"\n<p>En octobre 2021, les 30 ans de la F\u00eate de la Science ont pour th\u00e8me&nbsp;: \u00ab&nbsp;L\u2019\u00e9motion de la d\u00e9couverte&nbsp;\u00bb.<\/p>\n\n\n\n<figure class=\"wp-block-image\"><img alt=\"\" \/><\/figure>\n\n\n\n<p>A cette occasion, Plan\u00e8te Sciences Occitanie propose \u00e0 30 structures d\u2019accueil de loisirs de la r\u00e9gion de participer \u00e0 \u00ab\u00a0SolarMax\u00a0\u00bb, c\u2019est-\u00e0-dire de construire des mini-v\u00e9hicules solaires ou engins fonctionnant gr\u00e2ce \u00e0 l\u2019\u00e9nergie solaire et de les faire fonctionner le mercredi 6 octobre 2021, avec une retransmission vid\u00e9o en direct live sur le net.<\/p>\n\n\n\n<p><strong>Le projet<\/strong><\/p>\n\n\n\n<div class=\"wp-block-group\"><div class=\"wp-block-group__inner-container\">\n<p>Construire son propre engin solaire (voiture, bateau &#8230;) et le pr\u00e9senter est une activit\u00e9 ludique, cr\u00e9atrice et stimulante pour les jeunes et leurs encadrants&nbsp;!<\/p>\n\n\n\n<p>Plan\u00e8te Sciences Occitanie et ses partenaires proposent aux accueils de mineurs volontaires de participer \u00e0 la F\u00eate de la Science 2021 en montant un projet innovant source d\u2019apprentissages techniques, scientifiques sur fond de d\u00e9veloppement durable. Parall\u00e8lement \u00e0 la construction d\u2019un engin fonctionnant \u00e0 l\u2019\u00e9nergie solaire, les enfants peuvent \u00e9galement r\u00e9aliser des exp\u00e9riences ludiques autour de l\u2019\u00e9nergie solaire (four solaire, etc).<\/p>\n\n\n\n<p>\u00ab&nbsp;Solarmax&nbsp;\u00bb tire ses objectifs d\u2019une op\u00e9ration similaire, intitul\u00e9e \u00ab&nbsp;Les D\u00e9fis Solaires&nbsp;\u00bb, men\u00e9e par Plan\u00e8te Sciences Occitanie depuis plus de quinze ans.<\/p>\n<\/div><\/div>\n\n\n\n<p>Il ne s\u2019agit pas seulement d\u2019amener l\u2019activit\u00e9 \u00ab&nbsp;SolarMax&nbsp;\u00bb dans un centre de loisirs pour une ou deux s\u00e9ances mais de sensibiliser les animateurs et responsables de structures, \u00e0 cette activit\u00e9 et qu\u2019ils continuent \u00e0 la pratiquer en la faisant \u00e9voluer selon leurs projets p\u00e9dagogiques, et l\u2019\u00e2ge de leur public.<\/p>\n\n\n\n<p><strong>Les participants de la r\u00e9gion Occitanie<\/strong><\/p>\n\n\n\n<p><a href=\"\/\/umap.openstreetmap.fr\/fr\/map\/solarmax-2021_655692\">Voir en plein \u00e9cran<\/a><\/p>\n\n\n\n<p><strong>Le direct<\/strong><\/p>\n\n\n\n<figure class=\"wp-block-embed is-type-video is-provider-youtube wp-block-embed-youtube wp-embed-aspect-16-9 wp-has-aspect-ratio\"><div class=\"wp-block-embed__wrapper\">\n<iframe loading=\"lazy\" title=\"SOLARMAX - Le d\u00e9fi ENERGIE - 6 octobre 2021 - 14h\" width=\"940\" height=\"529\" src=\"https:\/\/www.youtube.com\/embed\/rA0j0Cv87Ms?feature=oembed\" frameborder=\"0\" allow=\"accelerometer; autoplay; clipboard-write; encrypted-media; gyroscope; picture-in-picture\" allowfullscreen><\/iframe>\n<\/div><\/figure>\n\n\n\n<p><\/p>\n","protected":false},"excerpt":{"rendered":"<p>En octobre 2021, les 30 ans de la F\u00eate de la Science ont pour th\u00e8me&nbsp;: \u00ab&nbsp;L\u2019\u00e9motion de la d\u00e9couverte&nbsp;\u00bb. A cette occasion, Plan\u00e8te Sciences Occitanie propose \u00e0 30 structures d\u2019accueil de loisirs de la r\u00e9gion de participer \u00e0 \u00ab\u00a0SolarMax\u00a0\u00bb, c\u2019est-\u00e0-dire de construire des mini-v\u00e9hicules solaires ou engins fonctionnant gr\u00e2ce \u00e0 l\u2019\u00e9nergie solaire et de les [&hellip;]<\/p>\n","protected":false},"author":470,"featured_media":0,"parent":0,"menu_order":0,"comment_status":"closed","ping_status":"closed","template":"","meta":[],"_links":{"self":[{"href":"http:\/\/www.planete-sciences.org\/blogs\/defissolaires\/wp-json\/wp\/v2\/pages\/3444"}],"collection":[{"href":"http:\/\/www.planete-sciences.org\/blogs\/defissolaires\/wp-json\/wp\/v2\/pages"}],"about":[{"href":"http:\/\/www.planete-sciences.org\/blogs\/defissolaires\/wp-json\/wp\/v2\/types\/page"}],"author":[{"embeddable":true,"href":"http:\/\/www.planete-sciences.org\/blogs\/defissolaires\/wp-json\/wp\/v2\/users\/470"}],"replies":[{"embeddable":true,"href":"http:\/\/www.planete-sciences.org\/blogs\/defissolaires\/wp-json\/wp\/v2\/comments?post=3444"}],"version-history":[{"count":23,"href":"http:\/\/www.planete-sciences.org\/blogs\/defissolaires\/wp-json\/wp\/v2\/pages\/3444\/revisions"}],"predecessor-version":[{"id":3492,"href":"http:\/\/www.planete-sciences.org\/blogs\/defissolaires\/wp-json\/wp\/v2\/pages\/3444\/revisions\/3492"}],"wp:attachment":[{"href":"http:\/\/www.planete-sciences.org\/blogs\/defissolaires\/wp-json\/wp\/v2\/media?parent=3444"}],"curies":[{"name":"wp","href":"https:\/\/api.w.org\/{rel}","templated":true}]}}