{"id":3407,"date":"2020-11-03T09:06:54","date_gmt":"2020-11-03T08:06:54","guid":{"rendered":"http:\/\/www.planete-sciences.org\/blogs\/defissolaires\/?page_id=3407"},"modified":"2021-11-22T11:48:38","modified_gmt":"2021-11-22T10:48:38","slug":"le-tarn","status":"publish","type":"page","link":"http:\/\/www.planete-sciences.org\/blogs\/defissolaires\/edition-courante\/les-departements\/le-tarn\/","title":{"rendered":"Le Tarn"},"content":{"rendered":"\n<p>Malheureusement, les d\u00e9fis solaires n\u2019ont pas pu avoir lieu dans le Tarn les \u00e9ditions pr\u00e9c\u00e9dentes mais la manifestation reprend du service en 2022!<\/p>\n\n\n\n<p>Jacky Miquel, conseiller p\u00e9dagogique d\u00e9partemental charg\u00e9 de mission Sciences et Technologie, coordonne l\u2019action dans le Tarn pour cette nouvelle \u00e9dition 2021-2022.<\/p>\n\n\n\n<p>Vous vous joindrez \u00e0 l\u2019Ecorace d\u2019Albi les 20 &amp; 21 mai 2022 pour cette grande journ\u00e9e de D\u00e9fis Solaires. <\/p>\n\n\n\n<p>Pour plus d\u2019informations&nbsp;: <a href=\"https:\/\/www.albiecorace.com\/\">https:\/\/www.albiecorace.com\/<\/a><\/p>\n\n\n\n<p><strong>Les inscriptions :<\/strong><\/p>\n\n\n\n<p>Pour faire partie de l\u2019aventure des D\u00e9fis Solaires 2021-2022, vous pouvez vous inscrire \u00e0 cette adresse\u00a0: <a href=\"mailto:cpd-maths-sciences-81@ac-toulouse.fr\">cpd-maths-sciences-81@ac-toulouse.fr<\/a><\/p>\n\n\n\n<p>Pour tout renseignement compl\u00e9mentaire, vous pouvez contacter Jacky Miquel, coordinateur du Tarn (<a href=\"mailto:cpd-maths-sciences-81@ac-toulouse.fr\">cpd-maths-sciences-81@ac-toulouse.fr<\/a>) ou Michel HOUQUES, coordinateur g\u00e9n\u00e9ral (michel.houques@planete-sciences.org)  <\/p>\n","protected":false},"excerpt":{"rendered":"<p>Malheureusement, les d\u00e9fis solaires n\u2019ont pas pu avoir lieu dans le Tarn les \u00e9ditions pr\u00e9c\u00e9dentes mais la manifestation reprend du service en 2022! Jacky Miquel, conseiller p\u00e9dagogique d\u00e9partemental charg\u00e9 de mission Sciences et Technologie, coordonne l\u2019action dans le Tarn pour cette nouvelle \u00e9dition 2021-2022. Vous vous joindrez \u00e0 l\u2019Ecorace d\u2019Albi les 20 &amp; 21 mai [&hellip;]<\/p>\n","protected":false},"author":427,"featured_media":0,"parent":3377,"menu_order":0,"comment_status":"closed","ping_status":"closed","template":"","meta":[],"_links":{"self":[{"href":"http:\/\/www.planete-sciences.org\/blogs\/defissolaires\/wp-json\/wp\/v2\/pages\/3407"}],"collection":[{"href":"http:\/\/www.planete-sciences.org\/blogs\/defissolaires\/wp-json\/wp\/v2\/pages"}],"about":[{"href":"http:\/\/www.planete-sciences.org\/blogs\/defissolaires\/wp-json\/wp\/v2\/types\/page"}],"author":[{"embeddable":true,"href":"http:\/\/www.planete-sciences.org\/blogs\/defissolaires\/wp-json\/wp\/v2\/users\/427"}],"replies":[{"embeddable":true,"href":"http:\/\/www.planete-sciences.org\/blogs\/defissolaires\/wp-json\/wp\/v2\/comments?post=3407"}],"version-history":[{"count":2,"href":"http:\/\/www.planete-sciences.org\/blogs\/defissolaires\/wp-json\/wp\/v2\/pages\/3407\/revisions"}],"predecessor-version":[{"id":3543,"href":"http:\/\/www.planete-sciences.org\/blogs\/defissolaires\/wp-json\/wp\/v2\/pages\/3407\/revisions\/3543"}],"up":[{"embeddable":true,"href":"http:\/\/www.planete-sciences.org\/blogs\/defissolaires\/wp-json\/wp\/v2\/pages\/3377"}],"wp:attachment":[{"href":"http:\/\/www.planete-sciences.org\/blogs\/defissolaires\/wp-json\/wp\/v2\/media?parent=3407"}],"curies":[{"name":"wp","href":"https:\/\/api.w.org\/{rel}","templated":true}]}}