{"id":3403,"date":"2020-11-03T09:03:36","date_gmt":"2020-11-03T08:03:36","guid":{"rendered":"http:\/\/www.planete-sciences.org\/blogs\/defissolaires\/?page_id=3403"},"modified":"2021-11-22T11:46:36","modified_gmt":"2021-11-22T10:46:36","slug":"les-hautes-pyrenees","status":"publish","type":"page","link":"http:\/\/www.planete-sciences.org\/blogs\/defissolaires\/edition-courante\/les-departements\/les-hautes-pyrenees\/","title":{"rendered":"Les Hautes Pyr\u00e9n\u00e9es"},"content":{"rendered":"\n<p>Le 14 mai 2019, 180 \u00e9l\u00e8ves se sont retrouv\u00e9s \u00e0 l\u2019Espace du stade \u00e0 Tarbes pour la grande journ\u00e9e des D\u00e9fis Solaires 2019 !<\/p>\n\n\n\n<div class=\"wp-block-image\"><figure class=\"aligncenter size-large\"><img loading=\"lazy\" width=\"541\" height=\"219\" src=\"http:\/\/www.planete-sciences.org\/blogs\/defissolaires\/wp-content\/uploads\/2020\/11\/image-3.png\" alt=\"\" class=\"wp-image-3404\" srcset=\"http:\/\/www.planete-sciences.org\/blogs\/defissolaires\/wp-content\/uploads\/2020\/11\/image-3.png 541w, http:\/\/www.planete-sciences.org\/blogs\/defissolaires\/wp-content\/uploads\/2020\/11\/image-3-300x121.png 300w\" sizes=\"(max-width: 541px) 100vw, 541px\" \/><figcaption>Tableau des R\u00e9sultats<\/figcaption><\/figure><\/div>\n\n\n\n<p>Nous relan\u00e7ons les D\u00e9fis Solaires en 2022 dans le d\u00e9partement des Hautes Pyr\u00e9n\u00e9es<\/p>\n\n\n\n<p>Pour tout renseignement compl\u00e9mentaire ou pour vous inscrire, vous pouvez contacter Sylvain RONDI (sylvain.rondi@ac-toulouse.fr) ou Michel HOUQUES au 06 78 20 57 88 (michel.houques@planete-sciences.org) <\/p>\n","protected":false},"excerpt":{"rendered":"<p>Le 14 mai 2019, 180 \u00e9l\u00e8ves se sont retrouv\u00e9s \u00e0 l\u2019Espace du stade \u00e0 Tarbes pour la grande journ\u00e9e des D\u00e9fis Solaires 2019 ! Nous relan\u00e7ons les D\u00e9fis Solaires en 2022 dans le d\u00e9partement des Hautes Pyr\u00e9n\u00e9es Pour tout renseignement compl\u00e9mentaire ou pour vous inscrire, vous pouvez contacter Sylvain RONDI (sylvain.rondi@ac-toulouse.fr) ou Michel HOUQUES au [&hellip;]<\/p>\n","protected":false},"author":427,"featured_media":0,"parent":3377,"menu_order":0,"comment_status":"closed","ping_status":"closed","template":"","meta":[],"_links":{"self":[{"href":"http:\/\/www.planete-sciences.org\/blogs\/defissolaires\/wp-json\/wp\/v2\/pages\/3403"}],"collection":[{"href":"http:\/\/www.planete-sciences.org\/blogs\/defissolaires\/wp-json\/wp\/v2\/pages"}],"about":[{"href":"http:\/\/www.planete-sciences.org\/blogs\/defissolaires\/wp-json\/wp\/v2\/types\/page"}],"author":[{"embeddable":true,"href":"http:\/\/www.planete-sciences.org\/blogs\/defissolaires\/wp-json\/wp\/v2\/users\/427"}],"replies":[{"embeddable":true,"href":"http:\/\/www.planete-sciences.org\/blogs\/defissolaires\/wp-json\/wp\/v2\/comments?post=3403"}],"version-history":[{"count":2,"href":"http:\/\/www.planete-sciences.org\/blogs\/defissolaires\/wp-json\/wp\/v2\/pages\/3403\/revisions"}],"predecessor-version":[{"id":3541,"href":"http:\/\/www.planete-sciences.org\/blogs\/defissolaires\/wp-json\/wp\/v2\/pages\/3403\/revisions\/3541"}],"up":[{"embeddable":true,"href":"http:\/\/www.planete-sciences.org\/blogs\/defissolaires\/wp-json\/wp\/v2\/pages\/3377"}],"wp:attachment":[{"href":"http:\/\/www.planete-sciences.org\/blogs\/defissolaires\/wp-json\/wp\/v2\/media?parent=3403"}],"curies":[{"name":"wp","href":"https:\/\/api.w.org\/{rel}","templated":true}]}}