{"id":3396,"date":"2020-11-03T08:50:28","date_gmt":"2020-11-03T07:50:28","guid":{"rendered":"http:\/\/www.planete-sciences.org\/blogs\/defissolaires\/?page_id=3396"},"modified":"2021-11-22T11:27:52","modified_gmt":"2021-11-22T10:27:52","slug":"laveyron","status":"publish","type":"page","link":"http:\/\/www.planete-sciences.org\/blogs\/defissolaires\/edition-courante\/les-departements\/laveyron\/","title":{"rendered":"L&rsquo;Aveyron"},"content":{"rendered":"\n<p><\/p>\n\n\n\n<p>Patrick Sinot, professeur de technologie au Coll\u00e8ge Joseph Fabre \u00e0 Rodez, coordonne l\u2019action en Aveyron pour cette nouvelle \u00e9dition 2021-2022.<\/p>\n\n\n\n<p><strong>Pour vous inscrire, merci de\ncontacter M. Sinot directement soit au 06.78.33.07.85 soit \u00e0 <\/strong><a href=\"mailto:patrick.sinot@ac-toulouse.fr\">patrick.sinot@ac-toulouse.fr<\/a><strong><\/strong><\/p>\n\n\n\n<p>Pour tout renseignement compl\u00e9mentaire, vous pouvez contacter Michel HOUQUES, coordinateur g\u00e9n\u00e9ral (<a href=\"mailto:jennifer.vincent@plan\u00e8te-sciences.org\">michel.houques@plan\u00e8te-sciences.org<\/a>)<\/p>\n","protected":false},"excerpt":{"rendered":"<p>Patrick Sinot, professeur de technologie au Coll\u00e8ge Joseph Fabre \u00e0 Rodez, coordonne l\u2019action en Aveyron pour cette nouvelle \u00e9dition 2021-2022. Pour vous inscrire, merci de contacter M. Sinot directement soit au 06.78.33.07.85 soit \u00e0 patrick.sinot@ac-toulouse.fr Pour tout renseignement compl\u00e9mentaire, vous pouvez contacter Michel HOUQUES, coordinateur g\u00e9n\u00e9ral (michel.houques@plan\u00e8te-sciences.org)<\/p>\n","protected":false},"author":427,"featured_media":0,"parent":3377,"menu_order":0,"comment_status":"closed","ping_status":"closed","template":"","meta":[],"_links":{"self":[{"href":"http:\/\/www.planete-sciences.org\/blogs\/defissolaires\/wp-json\/wp\/v2\/pages\/3396"}],"collection":[{"href":"http:\/\/www.planete-sciences.org\/blogs\/defissolaires\/wp-json\/wp\/v2\/pages"}],"about":[{"href":"http:\/\/www.planete-sciences.org\/blogs\/defissolaires\/wp-json\/wp\/v2\/types\/page"}],"author":[{"embeddable":true,"href":"http:\/\/www.planete-sciences.org\/blogs\/defissolaires\/wp-json\/wp\/v2\/users\/427"}],"replies":[{"embeddable":true,"href":"http:\/\/www.planete-sciences.org\/blogs\/defissolaires\/wp-json\/wp\/v2\/comments?post=3396"}],"version-history":[{"count":2,"href":"http:\/\/www.planete-sciences.org\/blogs\/defissolaires\/wp-json\/wp\/v2\/pages\/3396\/revisions"}],"predecessor-version":[{"id":3532,"href":"http:\/\/www.planete-sciences.org\/blogs\/defissolaires\/wp-json\/wp\/v2\/pages\/3396\/revisions\/3532"}],"up":[{"embeddable":true,"href":"http:\/\/www.planete-sciences.org\/blogs\/defissolaires\/wp-json\/wp\/v2\/pages\/3377"}],"wp:attachment":[{"href":"http:\/\/www.planete-sciences.org\/blogs\/defissolaires\/wp-json\/wp\/v2\/media?parent=3396"}],"curies":[{"name":"wp","href":"https:\/\/api.w.org\/{rel}","templated":true}]}}