{"id":3381,"date":"2020-11-02T15:30:06","date_gmt":"2020-11-02T14:30:06","guid":{"rendered":"http:\/\/www.planete-sciences.org\/blogs\/defissolaires\/?page_id=3381"},"modified":"2021-11-22T11:23:36","modified_gmt":"2021-11-22T10:23:36","slug":"le-lot","status":"publish","type":"page","link":"http:\/\/www.planete-sciences.org\/blogs\/defissolaires\/edition-courante\/les-departements\/le-lot\/","title":{"rendered":"Le Lot"},"content":{"rendered":"\n<div class=\"wp-block-image\"><figure class=\"aligncenter size-large\"><img loading=\"lazy\" width=\"354\" height=\"354\" src=\"http:\/\/www.planete-sciences.org\/blogs\/defissolaires\/wp-content\/uploads\/2020\/11\/ob_690c8d_csa-logo-170x170-1.jpg\" alt=\"ob_690c8d_csa-logo-170x170.jpg\" class=\"wp-image-3382\" srcset=\"http:\/\/www.planete-sciences.org\/blogs\/defissolaires\/wp-content\/uploads\/2020\/11\/ob_690c8d_csa-logo-170x170-1.jpg 354w, http:\/\/www.planete-sciences.org\/blogs\/defissolaires\/wp-content\/uploads\/2020\/11\/ob_690c8d_csa-logo-170x170-1-300x300.jpg 300w, http:\/\/www.planete-sciences.org\/blogs\/defissolaires\/wp-content\/uploads\/2020\/11\/ob_690c8d_csa-logo-170x170-1-150x150.jpg 150w\" sizes=\"(max-width: 354px) 100vw, 354px\" \/><\/figure><\/div>\n\n\n\n<p><strong>L\u2019association Carrefour des Sciences et des Arts, cr\u00e9\u00e9e en 1994,\nsillonne le territoire lotois \u00e0 la rencontre de petits et grands pour aiguiser\nl\u2019esprit critique par des actions de m\u00e9diation culturelles et scientifiques.<\/strong><\/p>\n\n\n\n<p><strong>&gt; Diffuser la culture scientifique sur l\u2019ensemble du\nterritoire, pour tous :<\/strong>&nbsp;notre\nassociation est investie par des salari\u00e9s et b\u00e9n\u00e9voles passionn\u00e9s et\nenthousiastes qui \u0153uvrent ensemble pour que le monde de la recherche soit\ncompr\u00e9hensible par le grand public ; pour mettre l\u2019environnement, la science,\nla technique et l\u2019innovation \u00e0 port\u00e9e de tous. Mieux comprendre la science et\nses enjeux passe par des actions de terrains, au quotidien. Nous donnons au\npublic les outils pour s\u2019informer, comprendre et se questionner. Notre\nassociation offre des temps et des lieux de rencontres conviviaux pour\nd\u00e9couvrir, apprendre, s\u2019informer, partager et \u00e9changer.<\/p>\n\n\n\n<p><strong>&gt; Une association au carrefour des sciences pour comprendre le\nmonde qui nous entoure :<\/strong>&nbsp;nous sommes\nconvaincus que la d\u00e9marche scientifique est un moyen pertinent pour explorer et\ncomprendre le monde ; pour construire le futur ; pour aiguiser l\u2019esprit\ncritique et permettre l\u2019ouverture d\u2019esprit. La science est pour nous une partie\nint\u00e9grante de la culture, qui est elle-m\u00eame un outil puissant pour r\u00e9sister aux\nobscurantismes.<\/p>\n\n\n\n<p><strong>&gt; Apprendre, comprendre, faire de chaque citoyen un \u00eatre\n\u00e9clair\u00e9 :<\/strong>&nbsp;l\u2019association met en place des actions\ndiversifi\u00e9es et originales pour permettre \u00e0 chacun d\u2019acc\u00e9der \u00e0 l\u2019information\nscientifique : ateliers anim\u00e9s, conf\u00e9rences, projections cin\u00e9matographiques,\ncr\u00e9ation d\u2019outils p\u00e9dagogiques, formations, organisation d\u2019\u00e9v\u00e9nements\ncollaboratifs, etc\u2026 Nos publics sont multiples : de 3 \u00e0 113 ans (publics\nd\u2019enfants, d\u2019adultes, de scolaires, de familles, de n\u00e9ophytes et de confirm\u00e9s).\nNos actions foisonnent tout au long de l\u2019ann\u00e9e (en p\u00e9riodes scolaires, pendant\nles vacances, en semaine, en soir\u00e9e et le week-end). La majeure partie de nos\nactivit\u00e9s sont enti\u00e8rement gratuites afin de faciliter l\u2019acc\u00e8s \u00e0 la culture\npour tous.<\/p>\n\n\n\n<p>Pour en savoir plus&nbsp;: <a href=\"https:\/\/carrefour-sciences-arts.org\/association\/\">https:\/\/carrefour-sciences-arts.org\/association\/<\/a><\/p>\n\n\n\n<p>Pour en savoir plus&nbsp;: <a href=\"https:\/\/carrefour-sciences-arts.org\/ledition-lotoise-2019-des-defis-solaires-un-succes-au-rendez-vous\/\">https:\/\/carrefour-sciences-arts.org\/ledition-lotoise-2019-des-defis-solaires-un-succes-au-rendez-vous\/<\/a><\/p>\n\n\n\n<p class=\"has-text-align-center\"><strong>Les inscriptions :<\/strong><\/p>\n\n\n\n<p>Pour faire partie de l\u2019aventure Lotoise des D\u00e9fis Solaires 2020-21, vous pouvez vous inscrire \u00e0 cette adresse&nbsp;: <a href=\"mailto:delphine.moreau@carrefour-sciences.org\">delphine.moreau@carrefour-sciences.org<\/a><\/p>\n\n\n\n<p>Pour tout renseignement compl\u00e9mentaire, vous pouvez contacter Delphine Moreau, coordinatrice du Lot (<a href=\"mailto:delphine.moreau@carrefour-sciences.org\">delphine.moreau@carrefour-sciences.org<\/a>) ou Michel HOUQUES, coordinateur g\u00e9n\u00e9ral (<a href=\"mailto:jennifer.vincent@plan\u00e8te-sciences.org\">michel.houques@plan\u00e8te-sciences.org<\/a>)<\/p>\n","protected":false},"excerpt":{"rendered":"<p>L\u2019association Carrefour des Sciences et des Arts, cr\u00e9\u00e9e en 1994, sillonne le territoire lotois \u00e0 la rencontre de petits et grands pour aiguiser l\u2019esprit critique par des actions de m\u00e9diation culturelles et scientifiques. &gt; Diffuser la culture scientifique sur l\u2019ensemble du territoire, pour tous :&nbsp;notre association est investie par des salari\u00e9s et b\u00e9n\u00e9voles passionn\u00e9s et [&hellip;]<\/p>\n","protected":false},"author":427,"featured_media":0,"parent":3377,"menu_order":0,"comment_status":"closed","ping_status":"closed","template":"","meta":[],"_links":{"self":[{"href":"http:\/\/www.planete-sciences.org\/blogs\/defissolaires\/wp-json\/wp\/v2\/pages\/3381"}],"collection":[{"href":"http:\/\/www.planete-sciences.org\/blogs\/defissolaires\/wp-json\/wp\/v2\/pages"}],"about":[{"href":"http:\/\/www.planete-sciences.org\/blogs\/defissolaires\/wp-json\/wp\/v2\/types\/page"}],"author":[{"embeddable":true,"href":"http:\/\/www.planete-sciences.org\/blogs\/defissolaires\/wp-json\/wp\/v2\/users\/427"}],"replies":[{"embeddable":true,"href":"http:\/\/www.planete-sciences.org\/blogs\/defissolaires\/wp-json\/wp\/v2\/comments?post=3381"}],"version-history":[{"count":3,"href":"http:\/\/www.planete-sciences.org\/blogs\/defissolaires\/wp-json\/wp\/v2\/pages\/3381\/revisions"}],"predecessor-version":[{"id":3529,"href":"http:\/\/www.planete-sciences.org\/blogs\/defissolaires\/wp-json\/wp\/v2\/pages\/3381\/revisions\/3529"}],"up":[{"embeddable":true,"href":"http:\/\/www.planete-sciences.org\/blogs\/defissolaires\/wp-json\/wp\/v2\/pages\/3377"}],"wp:attachment":[{"href":"http:\/\/www.planete-sciences.org\/blogs\/defissolaires\/wp-json\/wp\/v2\/media?parent=3381"}],"curies":[{"name":"wp","href":"https:\/\/api.w.org\/{rel}","templated":true}]}}