{"id":3377,"date":"2020-11-02T13:40:07","date_gmt":"2020-11-02T12:40:07","guid":{"rendered":"http:\/\/www.planete-sciences.org\/blogs\/defissolaires\/?page_id=3377"},"modified":"2021-11-22T11:51:03","modified_gmt":"2021-11-22T10:51:03","slug":"les-departements","status":"publish","type":"page","link":"http:\/\/www.planete-sciences.org\/blogs\/defissolaires\/edition-courante\/les-departements\/","title":{"rendered":"Les d\u00e9partements"},"content":{"rendered":"\n<p class=\"has-text-align-center\"> Retrouvez les D\u00e9fis Solaires \u00e0 l&rsquo;\u00e9cole (Cycle 3 et 4) dans nos d\u00e9partements d&rsquo;Occitanie ! <\/p>\n\n\n\n<p> Cette activit\u00e9 permet de sensibiliser les plus jeunes aux \u00e9nergies renouvelables et d\u2019aborder les notions de circuits \u00e9lectriques, d\u2019une mani\u00e8re originale et concr\u00e8te : en construisant de petits v\u00e9hicules \u00e9lectriques qui utilisent l\u2019\u00e9nergie solaire pour se mouvoir en ligne droite. Une classe peut pr\u00e9senter jusqu\u2019\u00e0 3 v\u00e9hicules solaires, un \u00e9tablissement peut faire participer jusqu\u2019\u00e0 9 v\u00e9hicules. <\/p>\n\n\n\n<p>Les \u00e9quipes se rencontreront lors d&rsquo;une journ\u00e9e de valorisation en faisant des courses ! <em>Les informations concernant les dates et lieux des rencontres d\u00e9partementales seront annonc\u00e9es pour chaque d\u00e9partement ult\u00e9rieurement.<\/em><\/p>\n\n\n\n<p>Depuis plusieurs ann\u00e9es, les d\u00e9fis solaires s&rsquo;exportent en r\u00e9gion Occitanie, retrouvez les informations essentielles pour vous inscrire, les r\u00e9sultats de l&rsquo;\u00e9dition pr\u00e9c\u00e9dente ainsi qu&rsquo;une pr\u00e9sentation de nos structures partenaires dans l&rsquo;onglet d\u00e9di\u00e9 au d\u00e9partement recherch\u00e9.<\/p>\n\n\n\n<p>Pour tout renseignement compl\u00e9mentaire,  vous pouvez contacter le coordinateur d\u00e9partemental ou g\u00e9n\u00e9ral.<\/p>\n","protected":false},"excerpt":{"rendered":"<p>Retrouvez les D\u00e9fis Solaires \u00e0 l&rsquo;\u00e9cole (Cycle 3 et 4) dans nos d\u00e9partements d&rsquo;Occitanie ! Cette activit\u00e9 permet de sensibiliser les plus jeunes aux \u00e9nergies renouvelables et d\u2019aborder les notions de circuits \u00e9lectriques, d\u2019une mani\u00e8re originale et concr\u00e8te : en construisant de petits v\u00e9hicules \u00e9lectriques qui utilisent l\u2019\u00e9nergie solaire pour se mouvoir en ligne droite. [&hellip;]<\/p>\n","protected":false},"author":333,"featured_media":0,"parent":971,"menu_order":0,"comment_status":"closed","ping_status":"closed","template":"","meta":[],"_links":{"self":[{"href":"http:\/\/www.planete-sciences.org\/blogs\/defissolaires\/wp-json\/wp\/v2\/pages\/3377"}],"collection":[{"href":"http:\/\/www.planete-sciences.org\/blogs\/defissolaires\/wp-json\/wp\/v2\/pages"}],"about":[{"href":"http:\/\/www.planete-sciences.org\/blogs\/defissolaires\/wp-json\/wp\/v2\/types\/page"}],"author":[{"embeddable":true,"href":"http:\/\/www.planete-sciences.org\/blogs\/defissolaires\/wp-json\/wp\/v2\/users\/333"}],"replies":[{"embeddable":true,"href":"http:\/\/www.planete-sciences.org\/blogs\/defissolaires\/wp-json\/wp\/v2\/comments?post=3377"}],"version-history":[{"count":4,"href":"http:\/\/www.planete-sciences.org\/blogs\/defissolaires\/wp-json\/wp\/v2\/pages\/3377\/revisions"}],"predecessor-version":[{"id":3545,"href":"http:\/\/www.planete-sciences.org\/blogs\/defissolaires\/wp-json\/wp\/v2\/pages\/3377\/revisions\/3545"}],"up":[{"embeddable":true,"href":"http:\/\/www.planete-sciences.org\/blogs\/defissolaires\/wp-json\/wp\/v2\/pages\/971"}],"wp:attachment":[{"href":"http:\/\/www.planete-sciences.org\/blogs\/defissolaires\/wp-json\/wp\/v2\/media?parent=3377"}],"curies":[{"name":"wp","href":"https:\/\/api.w.org\/{rel}","templated":true}]}}