{"id":2446,"date":"2015-01-31T19:30:13","date_gmt":"2015-01-31T18:30:13","guid":{"rendered":"http:\/\/www.planete-sciences.org\/blogs\/defissolaires\/?page_id=2446"},"modified":"2024-10-08T12:09:54","modified_gmt":"2024-10-08T10:09:54","slug":"les-defis","status":"publish","type":"page","link":"http:\/\/www.planete-sciences.org\/blogs\/defissolaires\/","title":{"rendered":"Les D\u00e9fis"},"content":{"rendered":"\n<h2 class=\"has-text-align-center\"><span style=\"color: #0000ff\">Bienvenue sur le blog de D\u00e9fis Solaires et D\u00e9fis \u00c9nergies<strong><br><\/strong><\/span><\/h2>\n\n\n\n<h2 class=\"has-text-align-center\"><span style=\"color: #0000ff\">de Plan\u00e8te Sciences Occitanie !<\/span><\/h2>\n\n\n\n<h2 class=\"has-text-align-center\"><strong>Le site est en maintenance<\/strong><\/h2>\n\n\n\n<h2 class=\"has-text-align-center\"><strong>Pour des informations r\u00e9centes : <a href=\"https:\/\/www.planete-sciences.org\/occitanie\/web\/projets-scolaires-scientifiques\/defis-solaires\/\" target=\"_blank\" rel=\"noreferrer noopener\">https:\/\/www.planete-sciences.org\/occitanie\/web\/projets-scolaires-scientifiques\/defis-solaires\/<\/a><\/strong><\/h2>\n\n\n\n<p class=\"has-text-align-center\">&nbsp;<\/p>\n\n\n\n<h2><span style=\"color: #0000ff\">&nbsp;<\/span><\/h2>\n","protected":false},"excerpt":{"rendered":"<p>Bienvenue sur le blog de D\u00e9fis Solaires et D\u00e9fis \u00c9nergies de Plan\u00e8te Sciences Occitanie ! Le site est en maintenance Pour des informations r\u00e9centes : https:\/\/www.planete-sciences.org\/occitanie\/web\/projets-scolaires-scientifiques\/defis-solaires\/ &nbsp; &nbsp;<\/p>\n","protected":false},"author":1,"featured_media":0,"parent":0,"menu_order":2,"comment_status":"open","ping_status":"open","template":"","meta":[],"_links":{"self":[{"href":"http:\/\/www.planete-sciences.org\/blogs\/defissolaires\/wp-json\/wp\/v2\/pages\/2446"}],"collection":[{"href":"http:\/\/www.planete-sciences.org\/blogs\/defissolaires\/wp-json\/wp\/v2\/pages"}],"about":[{"href":"http:\/\/www.planete-sciences.org\/blogs\/defissolaires\/wp-json\/wp\/v2\/types\/page"}],"author":[{"embeddable":true,"href":"http:\/\/www.planete-sciences.org\/blogs\/defissolaires\/wp-json\/wp\/v2\/users\/1"}],"replies":[{"embeddable":true,"href":"http:\/\/www.planete-sciences.org\/blogs\/defissolaires\/wp-json\/wp\/v2\/comments?post=2446"}],"version-history":[{"count":40,"href":"http:\/\/www.planete-sciences.org\/blogs\/defissolaires\/wp-json\/wp\/v2\/pages\/2446\/revisions"}],"predecessor-version":[{"id":3589,"href":"http:\/\/www.planete-sciences.org\/blogs\/defissolaires\/wp-json\/wp\/v2\/pages\/2446\/revisions\/3589"}],"wp:attachment":[{"href":"http:\/\/www.planete-sciences.org\/blogs\/defissolaires\/wp-json\/wp\/v2\/media?parent=2446"}],"curies":[{"name":"wp","href":"https:\/\/api.w.org\/{rel}","templated":true}]}}