{"id":2443,"date":"2015-01-31T19:02:45","date_gmt":"2015-01-31T18:02:45","guid":{"rendered":"http:\/\/www.planete-sciences.org\/blogs\/defissolaires\/?page_id=2443"},"modified":"2021-11-22T10:35:47","modified_gmt":"2021-11-22T09:35:47","slug":"partenaires-2","status":"publish","type":"page","link":"http:\/\/www.planete-sciences.org\/blogs\/defissolaires\/les-defis\/partenaires-2\/","title":{"rendered":"Partenaires"},"content":{"rendered":"<h3 align=\"center\"><a href=\"http:\/\/www.planete-sciences.org\/blogs\/defissolaires\/wp-content\/uploads\/2011\/09\/LOGOMID.jpg\"><img loading=\"lazy\" class=\"wp-image-2992 aligncenter\" src=\"http:\/\/www.planete-sciences.org\/blogs\/defissolaires\/wp-content\/uploads\/2015\/01\/Logo-PSO-couleur-V2-300x187.png\" alt=\"Logo Plan\u00e8te Sciences Occitanie\" width=\"225\" height=\"140\" srcset=\"http:\/\/www.planete-sciences.org\/blogs\/defissolaires\/wp-content\/uploads\/2015\/01\/Logo-PSO-couleur-V2-300x187.png 300w, http:\/\/www.planete-sciences.org\/blogs\/defissolaires\/wp-content\/uploads\/2015\/01\/Logo-PSO-couleur-V2-768x478.png 768w, http:\/\/www.planete-sciences.org\/blogs\/defissolaires\/wp-content\/uploads\/2015\/01\/Logo-PSO-couleur-V2-1000x623.png 1000w, http:\/\/www.planete-sciences.org\/blogs\/defissolaires\/wp-content\/uploads\/2015\/01\/Logo-PSO-couleur-V2.png 1291w\" sizes=\"(max-width: 225px) 100vw, 225px\" \/> <\/a><\/h3>\n<p style=\"text-align: center;\" align=\"center\"><em><strong>Les D\u00e9fis Solaires et Plan\u00e8te Sciences Occitanie tiennent \u00e0 remercier les partenaires qui les suivent tout au long de l\u2019aventure<\/strong><\/em><\/p>\n<div class=\"one-fifth column\">\n<p style=\"text-align: justify;\"><a href=\"http:\/\/www.deliresdencre.org\/\"><img loading=\"lazy\" class=\"aligncenter wp-image-300\" title=\"logo_delires\" src=\"http:\/\/www.planete-sciences.org\/blogs\/defissolaires\/wp-content\/uploads\/2011\/09\/logo_delires-300x222.jpg\" alt=\"\" width=\"119\" height=\"88\" \/><\/a><\/p>\n<\/div>\n<div class=\"one-fifth column\">\n<p style=\"text-align: left;\" align=\"center\"><a href=\"http:\/\/www.planete-sciences.org\/blogs\/defissolaires\/wp-content\/uploads\/2015\/10\/CiteEspace-horiz.png\"><img loading=\"lazy\" class=\"wp-image-2621 aligncenter\" src=\"http:\/\/www.planete-sciences.org\/blogs\/defissolaires\/wp-content\/uploads\/2015\/10\/CiteEspace-horiz-300x114.png\" alt=\"CiteEspace-horiz\" width=\"202\" height=\"77\" srcset=\"http:\/\/www.planete-sciences.org\/blogs\/defissolaires\/wp-content\/uploads\/2015\/10\/CiteEspace-horiz-300x114.png 300w, http:\/\/www.planete-sciences.org\/blogs\/defissolaires\/wp-content\/uploads\/2015\/10\/CiteEspace-horiz-1000x381.png 1000w\" sizes=\"(max-width: 202px) 100vw, 202px\" \/><\/a><\/p>\n<\/div>\n<div class=\"one-fifth column\">\n<p style=\"text-align: justify;\"><a href=\"http:\/\/www.planete-sciences.org\/blogs\/defissolaires\/wp-content\/uploads\/2015\/01\/logo-TLSE-METROPOLE-couleur.jpg\"><img loading=\"lazy\" class=\" wp-image-2743 aligncenter\" src=\"http:\/\/www.planete-sciences.org\/blogs\/defissolaires\/wp-content\/uploads\/2015\/01\/logo-TLSE-METROPOLE-couleur-300x82.jpg\" alt=\"logo TLSE METROPOLE couleur\" width=\"175\" height=\"48\" srcset=\"http:\/\/www.planete-sciences.org\/blogs\/defissolaires\/wp-content\/uploads\/2015\/01\/logo-TLSE-METROPOLE-couleur-300x82.jpg 300w, http:\/\/www.planete-sciences.org\/blogs\/defissolaires\/wp-content\/uploads\/2015\/01\/logo-TLSE-METROPOLE-couleur-1000x273.jpg 1000w\" sizes=\"(max-width: 175px) 100vw, 175px\" \/><\/a><\/p>\n<\/div>\n<div class=\"one-fifth column\">\n<p align=\"center\"><a href=\"https:\/\/amis-cite-espace.org\/\" target=\"_blank\" rel=\"noopener\"><img loading=\"lazy\" class=\"alignnone wp-image-3156 aligncenter\" src=\"http:\/\/www.planete-sciences.org\/blogs\/defissolaires\/wp-content\/uploads\/2015\/01\/logoAACE-300x113.png\" alt=\"\" width=\"157\" height=\"59\" srcset=\"http:\/\/www.planete-sciences.org\/blogs\/defissolaires\/wp-content\/uploads\/2015\/01\/logoAACE-300x113.png 300w, http:\/\/www.planete-sciences.org\/blogs\/defissolaires\/wp-content\/uploads\/2015\/01\/logoAACE.png 329w\" sizes=\"(max-width: 157px) 100vw, 157px\" \/><\/a><\/p>\n<\/div>\n<div class=\"one-fifth column\">\n<p style=\"text-align: justify;\" align=\"center\"><a href=\"http:\/\/www.planete-sciences.org\/blogs\/defissolaires\/wp-content\/uploads\/2015\/01\/logo-d\u00e9odat.jpg\"><img loading=\"lazy\" class=\" wp-image-2742 aligncenter\" src=\"http:\/\/www.planete-sciences.org\/blogs\/defissolaires\/wp-content\/uploads\/2015\/01\/logo-d\u00e9odat-300x283.jpg\" alt=\"logo-d\u00e9odat\" width=\"113\" height=\"106\" srcset=\"http:\/\/www.planete-sciences.org\/blogs\/defissolaires\/wp-content\/uploads\/2015\/01\/logo-d\u00e9odat-300x283.jpg 300w, http:\/\/www.planete-sciences.org\/blogs\/defissolaires\/wp-content\/uploads\/2015\/01\/logo-d\u00e9odat.jpg 715w\" sizes=\"(max-width: 113px) 100vw, 113px\" \/><\/a><\/p>\n<\/div>\n<div class=\"content-box\">\n<div class=\"shadow\"><\/div>\n<p><strong><a href=\"http:\/\/www.europe-en-midipyrenees.eu\/feder\/\"><img loading=\"lazy\" class=\"alignleft wp-image-300\" title=\"logo-europe\" src=\"http:\/\/www.planete-sciences.org\/blogs\/defissolaires\/wp-content\/uploads\/2011\/09\/logo-europe.jpg\" alt=\"\" width=\"173\" height=\"115\" \/><\/a><a href=\"http:\/\/www.europe-en-midipyrenees.eu\/feder\/\">Les Fonds Europ\u00e9ens pour le D\u00e9veloppement R\u00e9gional de Midi-Pyr\u00e9n\u00e9es<\/a><\/strong><\/p>\n<p>Ils soutiennent financi\u00e8rement la manifestation.<\/p>\n<\/div>\n<p style=\"text-align: left;\"><strong><img loading=\"lazy\" class=\"wp-image-2993 alignleft\" src=\"http:\/\/www.planete-sciences.org\/blogs\/defissolaires\/wp-content\/uploads\/2015\/01\/OC-1702-instit-logo-carre-RVB-150x150-300dpi-300x300.png\" alt=\"OC-1702-instit-logo carre-RVB-150x150-300dpi\" width=\"152\" height=\"152\" srcset=\"http:\/\/www.planete-sciences.org\/blogs\/defissolaires\/wp-content\/uploads\/2015\/01\/OC-1702-instit-logo-carre-RVB-150x150-300dpi-300x300.png 300w, http:\/\/www.planete-sciences.org\/blogs\/defissolaires\/wp-content\/uploads\/2015\/01\/OC-1702-instit-logo-carre-RVB-150x150-300dpi-150x150.png 150w, http:\/\/www.planete-sciences.org\/blogs\/defissolaires\/wp-content\/uploads\/2015\/01\/OC-1702-instit-logo-carre-RVB-150x150-300dpi-768x768.png 768w, http:\/\/www.planete-sciences.org\/blogs\/defissolaires\/wp-content\/uploads\/2015\/01\/OC-1702-instit-logo-carre-RVB-150x150-300dpi-1000x1000.png 1000w, http:\/\/www.planete-sciences.org\/blogs\/defissolaires\/wp-content\/uploads\/2015\/01\/OC-1702-instit-logo-carre-RVB-150x150-300dpi.png 1772w\" sizes=\"(max-width: 152px) 100vw, 152px\" \/><a href=\"http:\/\/www.midipyrenees.fr\/\">Le Conseil R\u00e9gional Languedoc-Roussillon Midi-Pyr\u00e9n\u00e9es<\/a><\/strong><\/p>\n<p>Le Conseil r\u00e9gional Languedoc-Roussillon Midi-Pyr\u00e9n\u00e9es finance et soutient cette manifestation qui participe au rayonnement de la r\u00e9gion en terme d\u2019\u00e9nergies propres mises en application et enseign\u00e9es aux jeunes.<\/p>\n<div class=\"content-box\">\n<div class=\"shadow\"><\/div>\n<p style=\"text-align: justify;\"><strong><a href=\"http:\/\/www.planete-sciences.org\/blogs\/defissolaires\/wp-content\/uploads\/2015\/01\/logo-TLSE-METROPOLE-couleur.jpg\"><img loading=\"lazy\" class=\"wp-image-2743 alignleft\" src=\"http:\/\/www.planete-sciences.org\/blogs\/defissolaires\/wp-content\/uploads\/2015\/01\/logo-TLSE-METROPOLE-couleur-300x82.jpg\" alt=\"logo TLSE METROPOLE couleur\" width=\"179\" height=\"49\" srcset=\"http:\/\/www.planete-sciences.org\/blogs\/defissolaires\/wp-content\/uploads\/2015\/01\/logo-TLSE-METROPOLE-couleur-300x82.jpg 300w, http:\/\/www.planete-sciences.org\/blogs\/defissolaires\/wp-content\/uploads\/2015\/01\/logo-TLSE-METROPOLE-couleur-1000x273.jpg 1000w\" sizes=\"(max-width: 179px) 100vw, 179px\" \/>Toulouse m\u00e9tropole<\/a><\/strong><\/p>\n<p>Toulouse m\u00e9tropole met en place l\u2019infrastructure des \u00e9preuves et soutient financi\u00e8rement le projet.<\/p>\n<\/div>\n<p style=\"text-align: justify;\"><a href=\"http:\/\/www.planete-sciences.org\/blogs\/defissolaires\/wp-content\/uploads\/2015\/10\/CiteEspace-horiz.png\"><img loading=\"lazy\" class=\"wp-image-2621 alignleft\" src=\"http:\/\/www.planete-sciences.org\/blogs\/defissolaires\/wp-content\/uploads\/2015\/10\/CiteEspace-horiz-300x114.png\" alt=\"CiteEspace-horiz\" width=\"163\" height=\"62\" srcset=\"http:\/\/www.planete-sciences.org\/blogs\/defissolaires\/wp-content\/uploads\/2015\/10\/CiteEspace-horiz-300x114.png 300w, http:\/\/www.planete-sciences.org\/blogs\/defissolaires\/wp-content\/uploads\/2015\/10\/CiteEspace-horiz-1000x381.png 1000w\" sizes=\"(max-width: 163px) 100vw, 163px\" \/><\/a><a href=\"http:\/\/www.cite-espace.com\/\"><strong>La Cit\u00e9 de l\u2019espace<\/strong><\/a><\/p>\n<p>La Cit\u00e9 de l\u2019espace met en place l\u2019infrastructure des \u00e9preuves et soutient financi\u00e8rement le projet.<\/p>\n<div class=\"content-box\">\n<div class=\"shadow\"><\/div>\n<p style=\"text-align: justify;\"><a href=\"http:\/\/www.deliresdencre.org\/\"><img loading=\"lazy\" class=\"alignleft size-thumbnail wp-image-300\" title=\"logo_delires\" src=\"http:\/\/www.planete-sciences.org\/blogs\/defissolaires\/wp-content\/uploads\/2011\/09\/logo_delires-300x222.jpg\" alt=\"\" width=\"117\" height=\"86\" \/><\/a><strong><a href=\"http:\/\/www.deliresdencre.org\/\">D\u00e9lires d\u2019encre<\/a><\/strong><\/p>\n<p>L\u2019association D\u00e9lires d\u2019encre qui poss\u00e8de une forte exp\u00e9rience dans l\u2019organisation de festivals autour des livres et des sciences (Scientilivre, Terres d\u2019Ailleurs) apporte aux D\u00e9fis Solaires son savoir-faire en terme de communication et son soutien logistique sur l\u2019ensemble de l\u2019\u00e9v\u00e8nement.<\/p>\n<\/div>\n<p style=\"text-align: justify;\"><a href=\"https:\/\/amis-cite-espace.org\/\" target=\"_blank\" rel=\"noopener\"><img loading=\"lazy\" class=\"alignnone wp-image-3156\" src=\"http:\/\/www.planete-sciences.org\/blogs\/defissolaires\/wp-content\/uploads\/2015\/01\/logoAACE-300x113.png\" alt=\"\" width=\"157\" height=\"59\" srcset=\"http:\/\/www.planete-sciences.org\/blogs\/defissolaires\/wp-content\/uploads\/2015\/01\/logoAACE-300x113.png 300w, http:\/\/www.planete-sciences.org\/blogs\/defissolaires\/wp-content\/uploads\/2015\/01\/logoAACE.png 329w\" sizes=\"(max-width: 157px) 100vw, 157px\" \/><\/a><strong><a href=\"http:\/\/deodat.entmip.fr\/\">Amis de la Cit\u00e9 de l&rsquo;espace<\/a><\/strong><\/p>\n<p>L&rsquo;association apporte aux D\u00e9fis Solaires son soutien logistique et b\u00e9n\u00e9vole lors des diff\u00e9rentes journ\u00e9es de valorisation.<\/p>\n<div class=\"content-box\">\n<div class=\"shadow\"><\/div>\n<p style=\"text-align: justify;\"><a href=\"http:\/\/www.planete-sciences.org\/blogs\/defissolaires\/wp-content\/uploads\/2015\/01\/logo-d\u00e9odat.jpg\"><img loading=\"lazy\" class=\" wp-image-2742 alignleft\" src=\"http:\/\/www.planete-sciences.org\/blogs\/defissolaires\/wp-content\/uploads\/2015\/01\/logo-d\u00e9odat-300x283.jpg\" alt=\"logo-d\u00e9odat\" width=\"127\" height=\"120\" srcset=\"http:\/\/www.planete-sciences.org\/blogs\/defissolaires\/wp-content\/uploads\/2015\/01\/logo-d\u00e9odat-300x283.jpg 300w, http:\/\/www.planete-sciences.org\/blogs\/defissolaires\/wp-content\/uploads\/2015\/01\/logo-d\u00e9odat.jpg 715w\" sizes=\"(max-width: 127px) 100vw, 127px\" \/><\/a><strong><a href=\"http:\/\/deodat.entmip.fr\/\">Le lyc\u00e9e D\u00e9odat de S\u00e9verac<\/a><\/strong><\/p>\n<p>Le lyc\u00e9e D\u00e9odat de S\u00e9verac propose un soutien aux projets par de la documentation et des conseils techniques n\u00e9cessaires \u00e0 la r\u00e9alisation d\u2019un v\u00e9hicule de base. Les \u00e9l\u00e8ves de seconde de la \u00ab\u00a0classe Solaire\u00a0\u00bb encadrent les courses des \u00e9coles primaires, le premier jour de la rencontre.<\/p>\n<\/div>\n<p style=\"text-align: justify;\"><strong><a href=\"http:\/\/www.ac-toulouse.fr\/\"><img loading=\"lazy\" class=\"alignleft wp-image-1422\" title=\"logo_ac_toulouse\" src=\"http:\/\/www.planete-sciences.org\/blogs\/defissolaires\/wp-content\/uploads\/2011\/09\/logo_ac_toulouse.png\" alt=\"\" width=\"96\" height=\"111\" \/><\/a><a href=\"http:\/\/www.ac-toulouse.fr\/\">L\u2019 \u00c9ducation Nationale<\/a><\/strong><\/p>\n<p>Les lyc\u00e9es, coll\u00e8ges et \u00e9coles participants mettent tout en \u0153uvre pour faire vivre ce d\u00e9fi solaire. Certains enseignants vont soutenir et encadrer des \u00e9l\u00e8ves hors du temps scolaire. Du mat\u00e9riel des \u00e9tablissements sera mis \u00e0 leur disposition pour r\u00e9aliser leurs projets.<\/p>\n<div class=\"content-box\">\n<div class=\"shadow\"><\/div>\n<p style=\"text-align: justify;\"><strong><a href=\"http:\/\/www.planete-sciences.org\/blogs\/defissolaires\/wp-content\/uploads\/2015\/01\/CNES_nom.jpg\"><img loading=\"lazy\" class=\"wp-image-2746 alignleft\" src=\"http:\/\/www.planete-sciences.org\/blogs\/defissolaires\/wp-content\/uploads\/2015\/01\/CNES_nom-300x98.jpg\" alt=\"CNES_nom\" width=\"190\" height=\"62\" srcset=\"http:\/\/www.planete-sciences.org\/blogs\/defissolaires\/wp-content\/uploads\/2015\/01\/CNES_nom-300x98.jpg 300w, http:\/\/www.planete-sciences.org\/blogs\/defissolaires\/wp-content\/uploads\/2015\/01\/CNES_nom.jpg 616w\" sizes=\"(max-width: 190px) 100vw, 190px\" \/><\/a><a href=\"http:\/\/www.cnes.fr\/web\/CNES-fr\/6919-cnes-tout-sur-l-espace.php\">Le Centre National d\u2019Etudes Spatiales<\/a><\/strong><\/p>\n<p>Le Service Culture Spatiale du CNES, souhaite d\u00e9velopper les activit\u00e9s \u00e9ducatives qui associent les retomb\u00e9es de la recherche spatiales et le d\u00e9veloppement durable. Il nous soutient sur des aspects scientifiques mais aussi financiers.<\/p>\n<\/div>\n<p><a href=\"http:\/\/www.planete-sciences.org\/blogs\/defissolaires\/wp-content\/uploads\/2015\/01\/ICOM-LOGO.gif\"><img loading=\"lazy\" class=\"alignnone wp-image-2745 alignleft\" src=\"http:\/\/www.planete-sciences.org\/blogs\/defissolaires\/wp-content\/uploads\/2015\/01\/ICOM-LOGO-300x144.gif\" alt=\"ICOM-LOGO\" width=\"129\" height=\"62\" srcset=\"http:\/\/www.planete-sciences.org\/blogs\/defissolaires\/wp-content\/uploads\/2015\/01\/ICOM-LOGO-300x144.gif 300w, http:\/\/www.planete-sciences.org\/blogs\/defissolaires\/wp-content\/uploads\/2015\/01\/ICOM-LOGO-1000x481.gif 1000w\" sizes=\"(max-width: 129px) 100vw, 129px\" \/><\/a><a href=\"http:\/\/www.tenum.fr\/\"><strong>L<\/strong><\/a><a href=\"http:\/\/www.tenum.fr\/\"><strong>a soci\u00e9t\u00e9<\/strong><\/a><a href=\"http:\/\/www.tenum.fr\/\"><strong> ICOM<\/strong><\/a><\/p>\n<p>Cette soci\u00e9t\u00e9 qui poss\u00e8de une solide expertise dans le domaine des radios transmissions hors normes, apporte aux D\u00e9fis Solaires un soutien technique \u00e0 la transmission de donn\u00e9es par radio aux \u00e9quipes participantes qui le souhaitent.<\/p>\n<div>\n<\/div>\n<div><\/div>\n<p><strong>\u00a0<\/strong><\/p>\n","protected":false},"excerpt":{"rendered":"<p>Les D\u00e9fis Solaires et Plan\u00e8te Sciences Occitanie tiennent \u00e0 remercier les partenaires qui les suivent tout au long de l\u2019aventure Les Fonds Europ\u00e9ens pour le D\u00e9veloppement R\u00e9gional de Midi-Pyr\u00e9n\u00e9es Ils soutiennent financi\u00e8rement la manifestation. Le Conseil R\u00e9gional Languedoc-Roussillon Midi-Pyr\u00e9n\u00e9es Le Conseil r\u00e9gional Languedoc-Roussillon Midi-Pyr\u00e9n\u00e9es finance et soutient cette manifestation qui participe au rayonnement de la [&hellip;]<\/p>\n","protected":false},"author":1,"featured_media":0,"parent":2446,"menu_order":0,"comment_status":"open","ping_status":"open","template":"","meta":[],"_links":{"self":[{"href":"http:\/\/www.planete-sciences.org\/blogs\/defissolaires\/wp-json\/wp\/v2\/pages\/2443"}],"collection":[{"href":"http:\/\/www.planete-sciences.org\/blogs\/defissolaires\/wp-json\/wp\/v2\/pages"}],"about":[{"href":"http:\/\/www.planete-sciences.org\/blogs\/defissolaires\/wp-json\/wp\/v2\/types\/page"}],"author":[{"embeddable":true,"href":"http:\/\/www.planete-sciences.org\/blogs\/defissolaires\/wp-json\/wp\/v2\/users\/1"}],"replies":[{"embeddable":true,"href":"http:\/\/www.planete-sciences.org\/blogs\/defissolaires\/wp-json\/wp\/v2\/comments?post=2443"}],"version-history":[{"count":24,"href":"http:\/\/www.planete-sciences.org\/blogs\/defissolaires\/wp-json\/wp\/v2\/pages\/2443\/revisions"}],"predecessor-version":[{"id":3509,"href":"http:\/\/www.planete-sciences.org\/blogs\/defissolaires\/wp-json\/wp\/v2\/pages\/2443\/revisions\/3509"}],"up":[{"embeddable":true,"href":"http:\/\/www.planete-sciences.org\/blogs\/defissolaires\/wp-json\/wp\/v2\/pages\/2446"}],"wp:attachment":[{"href":"http:\/\/www.planete-sciences.org\/blogs\/defissolaires\/wp-json\/wp\/v2\/media?parent=2443"}],"curies":[{"name":"wp","href":"https:\/\/api.w.org\/{rel}","templated":true}]}}