{"id":243,"date":"2012-03-16T11:28:33","date_gmt":"2012-03-16T10:28:33","guid":{"rendered":"http:\/\/www.planete-sciences.org\/blogs\/defissolaires\/?page_id=243"},"modified":"2014-01-08T11:09:40","modified_gmt":"2014-01-08T10:09:40","slug":"manuel-utilisateur","status":"publish","type":"page","link":"http:\/\/www.planete-sciences.org\/blogs\/defissolaires\/liens-utiles\/manuel-utilisateur\/","title":{"rendered":"Guide des blogs"},"content":{"rendered":"<blockquote>\n<p style=\"text-align: justify;\"><span style=\"color: #333333;\">T\u00e9l\u00e9charger le manuel utilisateur des blogs des D\u00e9fis Solaires pour vous guider dans la cr\u00e9ation des articles et l&rsquo;envoi de vos informations.<\/span><\/p>\n<p style=\"text-align: justify;\"><a href=\"http:\/\/www.planete-sciences.org\/blogs\/defissolaires\/wp-content\/uploads\/2012\/03\/Manuel_Utilisateur_Blogs_Defis_solaires.pdf\">Manuel_Utilisateur_Blogs_Defis_solaires<\/a><\/p>\n<\/blockquote>\n","protected":false},"excerpt":{"rendered":"<p>T\u00e9l\u00e9charger le manuel utilisateur des blogs des D\u00e9fis Solaires pour vous guider dans la cr\u00e9ation des articles et l&rsquo;envoi de vos informations. Manuel_Utilisateur_Blogs_Defis_solaires<\/p>\n","protected":false},"author":60,"featured_media":0,"parent":930,"menu_order":7,"comment_status":"open","ping_status":"open","template":"","meta":[],"_links":{"self":[{"href":"http:\/\/www.planete-sciences.org\/blogs\/defissolaires\/wp-json\/wp\/v2\/pages\/243"}],"collection":[{"href":"http:\/\/www.planete-sciences.org\/blogs\/defissolaires\/wp-json\/wp\/v2\/pages"}],"about":[{"href":"http:\/\/www.planete-sciences.org\/blogs\/defissolaires\/wp-json\/wp\/v2\/types\/page"}],"author":[{"embeddable":true,"href":"http:\/\/www.planete-sciences.org\/blogs\/defissolaires\/wp-json\/wp\/v2\/users\/60"}],"replies":[{"embeddable":true,"href":"http:\/\/www.planete-sciences.org\/blogs\/defissolaires\/wp-json\/wp\/v2\/comments?post=243"}],"version-history":[{"count":36,"href":"http:\/\/www.planete-sciences.org\/blogs\/defissolaires\/wp-json\/wp\/v2\/pages\/243\/revisions"}],"predecessor-version":[{"id":2091,"href":"http:\/\/www.planete-sciences.org\/blogs\/defissolaires\/wp-json\/wp\/v2\/pages\/243\/revisions\/2091"}],"up":[{"embeddable":true,"href":"http:\/\/www.planete-sciences.org\/blogs\/defissolaires\/wp-json\/wp\/v2\/pages\/930"}],"wp:attachment":[{"href":"http:\/\/www.planete-sciences.org\/blogs\/defissolaires\/wp-json\/wp\/v2\/media?parent=243"}],"curies":[{"name":"wp","href":"https:\/\/api.w.org\/{rel}","templated":true}]}}