{"id":238,"date":"2012-03-16T11:19:38","date_gmt":"2012-03-16T10:19:38","guid":{"rendered":"http:\/\/www.planete-sciences.org\/blogs\/defissolaires\/?page_id=238"},"modified":"2021-10-07T15:02:15","modified_gmt":"2021-10-07T13:02:15","slug":"tous-savoir-sur-les-defis-solaires","status":"publish","type":"page","link":"http:\/\/www.planete-sciences.org\/blogs\/defissolaires\/les-defis\/tous-savoir-sur-les-defis-solaires\/","title":{"rendered":"Pr\u00e9sentation"},"content":{"rendered":"<h2 style=\"text-align: center\"><span style=\"color: #000080\"><em>LES D\u00c9FIS SOLAIRES<\/em><\/span><\/h2>\n<h3><span style=\"color: #0000ff\"><em>La naissance des D\u00e9fis Solaires<\/em><\/span><span style=\"color: #333333\"><a href=\"http:\/\/www.planete-sciences.org\/blogs\/defissolaires\/wp-content\/uploads\/2012\/03\/P5280024.jpg\"><img loading=\"lazy\" class=\"alignright size-medium wp-image-297\" title=\"OLYMPUS DIGITAL CAMERA\" src=\"http:\/\/www.planete-sciences.org\/blogs\/defissolaires\/wp-content\/uploads\/2012\/03\/P5280024-224x300.jpg\" alt=\"\" width=\"140\" height=\"188\" srcset=\"http:\/\/www.planete-sciences.org\/blogs\/defissolaires\/wp-content\/uploads\/2012\/03\/P5280024-224x300.jpg 224w, http:\/\/www.planete-sciences.org\/blogs\/defissolaires\/wp-content\/uploads\/2012\/03\/P5280024-768x1024.jpg 768w\" sizes=\"(max-width: 140px) 100vw, 140px\" \/><\/a><\/span><\/h3>\n<p style=\"text-align: justify\"><span style=\"color: #333333\">Au cours des ann\u00e9es 90, plusieurs passionn\u00e9s, parmi lesquels des \u00e9tudiants d&rsquo;\u00e9coles d&rsquo;ing\u00e9nieurs (l&rsquo;EFREI, EIGSI, etc) et des mod\u00e9listes autos, ont cr\u00e9\u00e9 des courses et un championnat de mini-voitures solaires : la SOLARCUP. De 2003 \u00e0 2006, la Cit\u00e9 de l&rsquo;Espace de Toulouse, a organis\u00e9 une course d&rsquo;endurance de 8 heures pour v\u00e9hicules solaires radio-command\u00e9s : le \u00ab\u00a0D\u00e9fi Solaire Cit\u00e9 de l&rsquo;Espace\u00a0\u00bb. Plan\u00e8te Sciences s&rsquo;y est greff\u00e9e et a permis \u00e0 des lyc\u00e9ens de participer \u00e0 partir de 2005. En 2007, l&rsquo;\u00e9preuve est devenue \u00ab\u00a0Les D\u00e9fis Solaires Occitanie\u00a0\u00bb et a accueilli des coll\u00e9giens, des lyc\u00e9ens et des individuels. En 2008, les jeunes des \u00e9coles \u00e9l\u00e9mentaires ont particip\u00e9 aux D\u00e9fis Solaires dans les \u00e9preuves de v\u00e9hicules solaires filoguid\u00e9s.<\/span><\/p>\n<p><!--more--><\/p>\n<h3><span style=\"color: #0000ff\"><em>Les cat\u00e9gories<\/em><\/span><\/h3>\n<ul>\n<li>\n<h4><span style=\"color: #ff9900\"><em><strong>\u00a0 Les D\u00e9fis Solaires \u00e0 l&rsquo;\u00e9cole<\/strong><\/em><\/span><\/h4>\n<\/li>\n<\/ul>\n<p style=\"text-align: justify\"><a href=\"http:\/\/www.planete-sciences.org\/blogs\/defissolaires\/wp-content\/uploads\/2012\/03\/P5270059.jpg\"><img loading=\"lazy\" class=\"alignleft size-medium wp-image-299\" title=\"OLYMPUS DIGITAL CAMERA\" src=\"http:\/\/www.planete-sciences.org\/blogs\/defissolaires\/wp-content\/uploads\/2012\/03\/P5270059-300x224.jpg\" alt=\"\" width=\"147\" height=\"110\" srcset=\"http:\/\/www.planete-sciences.org\/blogs\/defissolaires\/wp-content\/uploads\/2012\/03\/P5270059-300x224.jpg 300w, http:\/\/www.planete-sciences.org\/blogs\/defissolaires\/wp-content\/uploads\/2012\/03\/P5270059-1024x768.jpg 1024w\" sizes=\"(max-width: 147px) 100vw, 147px\" \/><\/a>Les D\u00e9fis Solaires \u00e0 l&rsquo;\u00e9cole (Cycle 3) permettent de sensibiliser les plus jeunes aux \u00e9nergies renouvelables et d&rsquo;aborder les notions de circuits \u00e9lectriques, d&rsquo;une mani\u00e8re originale et concr\u00e8te : en construisant de petits v\u00e9hicules \u00e9lectriques qui utilisent l&rsquo;\u00e9nergie solaire pour se mouvoir en ligne droite. Un \u00e9tablissement, une classe peut pr\u00e9senter jusqu&rsquo;\u00e0 3 v\u00e9hicules solaires, un \u00e9tablissement peut faire participer jusqu&rsquo;\u00e0 9 v\u00e9hicules. Les \u00e9quipes vont se rencontrer lors des D\u00e9fis Solaires en faisant des courses \u00e0 la Cit\u00e9 de l&rsquo;espace.<\/p>\n<ul>\n<li>\n<h4 style=\"text-align: left\"><span style=\"color: #ff9900\"><em><strong>\u00a0 Les D\u00e9fis Solaires au coll\u00e8ge<\/strong><\/em><\/span><\/h4>\n<\/li>\n<\/ul>\n<p style=\"text-align: justify\">Les D\u00e9fis Solaires au coll\u00e8ge permettent aux jeunes de s&rsquo;initier \u00e0 la conception et la r\u00e9alisation d&rsquo;un v\u00e9hicule filoguid\u00e9 ou radioco<a href=\"..\/wp-content\/uploads\/2012\/03\/P5270022.jpg\"><img loading=\"lazy\" class=\"alignright size-thumbnail wp-image-300\" title=\"OLYMPUS DIGITAL CAMERA\" src=\"..\/wp-content\/uploads\/2012\/03\/P5270022-150x150.jpg\" alt=\"\" width=\"113\" height=\"113\" \/><\/a>mmand\u00e9 utilisant exclusivement l&rsquo;\u00e9nergie solaire pour se d\u00e9placer et \u00eatre pilot\u00e9. Pour des raisons d&rsquo;\u00e9quit\u00e9, chaque \u00e9tablissement ne peut pr\u00e9senter qu&rsquo;un seul v\u00e9hicule aux D\u00e9fis Solaires. A partir d&rsquo;un v\u00e9hicule de base dont certaines caract\u00e9ristiques sont impos\u00e9es (voir cahier des charges), les jeunes suivent les diff\u00e9rentes \u00e9tapes de r\u00e9alisation et d&rsquo;entrainement afin de passer dans les meilleures conditions les \u00e9preuves \u00e0 la Cit\u00e9 de l&rsquo;espace.<\/p>\n<ul>\n<li>\n<h4><span style=\"color: #ff9900\"><em><strong>\u00a0 Les D\u00e9fis Solaires au lyc\u00e9e<\/strong><\/em><\/span><\/h4>\n<\/li>\n<\/ul>\n<p style=\"text-align: justify\"><a href=\"http:\/\/www.planete-sciences.org\/blogs\/defissolaires\/wp-content\/uploads\/2012\/03\/P5270084.jpg\"><img loading=\"lazy\" class=\"alignleft wp-image-302\" title=\"OLYMPUS DIGITAL CAMERA\" src=\"http:\/\/www.planete-sciences.org\/blogs\/defissolaires\/wp-content\/uploads\/2012\/03\/P5270084-150x150.jpg\" alt=\"\" width=\"169\" height=\"169\" \/><\/a>Les D\u00e9fis Solaire Lyc\u00e9es proposent de d\u00e9velopper dans les \u00e9tablissements de la r\u00e9gion, avec les \u00e9l\u00e8ves de seconde ISI et ISP, de premi\u00e8re et de terminale, des mod\u00e8les r\u00e9duits de v\u00e9hicules solaires radiocommand\u00e9s. Pour des raisons d&rsquo;\u00e9quit\u00e9, chaque \u00e9tablissement ne peut pr\u00e9senter qu&rsquo;un seul v\u00e9hicule aux D\u00e9fis Solaires Les \u00e9quipes sont ensuite invit\u00e9es \u00e0 se rencontrer lors des \u00e9preuves du D\u00e9fi Solaire Lyc\u00e9es \u00e0 la Cit\u00e9 de l&rsquo;espace.<\/p>\n<p style=\"text-align: justify\">L\u2019\u00e9nergie utile au fonctionnement et au d\u00e9placement du v\u00e9hicule doit \u00eatre exclusivement issue du solaire.Ces v\u00e9hicules devront respecter un cahier des charges afin de se mesurer entre-eux lors des \u00e9preuves du D\u00e9fi Solaire Lyc\u00e9es, mais aussi concourir dans des \u00e9preuves de type D\u00e9fi Solaire Cit\u00e9 de l&rsquo;Espace ou de type SOLARCUP organis\u00e9es par les \u00e9coles d\u2019Ing\u00e9nieurs.<\/p>\n<ul>\n<li>\n<h4><span style=\"color: #ffff00\"><span style=\"color: #ff9900\"><em><strong>\u00a0 Les D\u00e9fis Solaires en loisirs (clubs, adultes et jeunes)<\/strong><\/em><\/span><a href=\"http:\/\/www.planete-sciences.org\/blogs\/defissolaires\/wp-content\/uploads\/2012\/03\/P5280045.jpg\"><span style=\"color: #ffff00\"><img loading=\"lazy\" class=\"alignright size-thumbnail wp-image-304\" title=\"OLYMPUS DIGITAL CAMERA\" src=\"http:\/\/www.planete-sciences.org\/blogs\/defissolaires\/wp-content\/uploads\/2012\/03\/P5280045-150x150.jpg\" alt=\"\" width=\"125\" height=\"125\" \/><\/span><\/a><\/span><\/h4>\n<\/li>\n<\/ul>\n<p style=\"text-align: justify\">Les individuels ou les clubs ayant r\u00e9alis\u00e9 un v\u00e9hicule solaire conforme au cahier des charges, sont invit\u00e9s \u00e0 participer \u00e0 la journ\u00e9e des D\u00e9fis Solaires, cat\u00e9gorie \u00ab\u00a0Loisirs\u00a0\u00bb \u00e0 la Cit\u00e9 de l&rsquo;Espace. Cette activit\u00e9 doit \u00eatre le domaine de l&rsquo;ing\u00e9niosit\u00e9 et de la cr\u00e9ativit\u00e9 pour communiquer sa passion et donner l&rsquo;envie aux plus jeunes de se lancer dans les D\u00e9fis. C&rsquo;est \u00e9galement l&rsquo;occasion de d\u00e9montrer au grand public et aux institutions les possibilit\u00e9s r\u00e9elles offertes par l&rsquo;\u00e9nergie solaire dans le domaine des transports.<\/p>\n<h3><span style=\"color: #0000ff\"><em>Les objectifs des D\u00e9fis Solaires<\/em><\/span><\/h3>\n<p style=\"text-align: justify\">Ces mod\u00e8les de v\u00e9hicules solaires \u00e9tablissent un trait d&rsquo;union symbolique entre les \u00e9nergies renouvelables et les transports, \u00e9voquent des questions de soci\u00e9t\u00e9 d&rsquo;actualit\u00e9 et vont donner aux jeunes et aux moins jeunes une illustration des travaux men\u00e9s dans les laboratoires ou dans l&rsquo;industrie des nouvelles technologies de l&rsquo;\u00e9nergie.<\/p>\n<ul>\n<li>\u00a0 C\u2019est une approche des solutions de transport non polluantes.<\/li>\n<li>\u00a0 C\u2019est une r\u00e9alisation utilisant des technologies et des mat\u00e9riaux de pointe issu de la recherche spatiale.<\/li>\n<li>\u00a0 C\u2019est un support exploitable pour les enseignements scientifiques et technologiques des classes de lyc\u00e9e.<\/li>\n<li>\u00a0 C\u2019est un d\u00e9fi \u00e0 relever pour les \u00e9l\u00e8ves de l\u2019\u00e9tablissement.<\/li>\n<li>\u00a0 C\u2019est un projet ludique au travers de la participation aux courses.<\/li>\n<\/ul>\n<blockquote>\n<p style=\"text-align: justify\" align=\"center\"><em><strong>Notre syst\u00e8me \u00e9ducatif doit sensibiliser les g\u00e9n\u00e9rations \u00e0 venir aux solutions \u00e9nerg\u00e9tiques non polluantes et montrer d\u2019ores et d\u00e9j\u00e0 les avantages des \u00e9nergies renouvelables, et ainsi, faire na\u00eetre chez nos \u00e9l\u00e8ves, un regard nouveau sur l\u2019\u00e9nergie.<\/strong><\/em><\/p>\n<\/blockquote>\n","protected":false},"excerpt":{"rendered":"<p>LES D\u00c9FIS SOLAIRES La naissance des D\u00e9fis Solaires Au cours des ann\u00e9es 90, plusieurs passionn\u00e9s, parmi lesquels des \u00e9tudiants d&rsquo;\u00e9coles d&rsquo;ing\u00e9nieurs (l&rsquo;EFREI, EIGSI, etc) et des mod\u00e9listes autos, ont cr\u00e9\u00e9 des courses et un championnat de mini-voitures solaires : la SOLARCUP. De 2003 \u00e0 2006, la Cit\u00e9 de l&rsquo;Espace de Toulouse, a organis\u00e9 une course [&hellip;]<\/p>\n","protected":false},"author":158,"featured_media":0,"parent":2446,"menu_order":0,"comment_status":"open","ping_status":"open","template":"","meta":[],"_links":{"self":[{"href":"http:\/\/www.planete-sciences.org\/blogs\/defissolaires\/wp-json\/wp\/v2\/pages\/238"}],"collection":[{"href":"http:\/\/www.planete-sciences.org\/blogs\/defissolaires\/wp-json\/wp\/v2\/pages"}],"about":[{"href":"http:\/\/www.planete-sciences.org\/blogs\/defissolaires\/wp-json\/wp\/v2\/types\/page"}],"author":[{"embeddable":true,"href":"http:\/\/www.planete-sciences.org\/blogs\/defissolaires\/wp-json\/wp\/v2\/users\/158"}],"replies":[{"embeddable":true,"href":"http:\/\/www.planete-sciences.org\/blogs\/defissolaires\/wp-json\/wp\/v2\/comments?post=238"}],"version-history":[{"count":34,"href":"http:\/\/www.planete-sciences.org\/blogs\/defissolaires\/wp-json\/wp\/v2\/pages\/238\/revisions"}],"predecessor-version":[{"id":3503,"href":"http:\/\/www.planete-sciences.org\/blogs\/defissolaires\/wp-json\/wp\/v2\/pages\/238\/revisions\/3503"}],"up":[{"embeddable":true,"href":"http:\/\/www.planete-sciences.org\/blogs\/defissolaires\/wp-json\/wp\/v2\/pages\/2446"}],"wp:attachment":[{"href":"http:\/\/www.planete-sciences.org\/blogs\/defissolaires\/wp-json\/wp\/v2\/media?parent=238"}],"curies":[{"name":"wp","href":"https:\/\/api.w.org\/{rel}","templated":true}]}}