{"id":2108,"date":"2014-02-07T15:18:09","date_gmt":"2014-02-07T14:18:09","guid":{"rendered":"http:\/\/www.planete-sciences.org\/blogs\/defissolaires\/?page_id=2108"},"modified":"2023-03-29T08:59:36","modified_gmt":"2023-03-29T06:59:36","slug":"le-village-solaire-2014","status":"publish","type":"page","link":"http:\/\/www.planete-sciences.org\/blogs\/defissolaires\/le-village-solaire-2014\/","title":{"rendered":"Le Village du D\u00e9veloppement Durable"},"content":{"rendered":"\n<h1 class=\"has-text-align-center has-vivid-red-color has-text-color\">&#8230;<strong>PROGRAMMATION EN COURS POUR 202<\/strong>3&#8230;<\/h1>\n\n\n<h2>\u00a0<\/h2>\n<h2>\u00a0<\/h2>\n<h2 style=\"text-align: center;\"><strong><span style=\"color: #008080;\">Le Village du D\u00e9veloppement Durable, des animations pour tous<\/span><br \/><\/strong><\/h2>\n<div class=\"one-half column\"><a href=\"http:\/\/www.planete-sciences.org\/blogs\/defissolaires\/wp-content\/uploads\/2014\/02\/Village-solaire.jpg\"><img loading=\"lazy\" class=\"size-medium wp-image-2160 alignright\" src=\"http:\/\/www.planete-sciences.org\/blogs\/defissolaires\/wp-content\/uploads\/2014\/02\/Village-solaire-300x199.jpg\" alt=\"Village solaire\" width=\"195\" height=\"127\" \/><\/a><\/div>\n<div class=\"one-half column\"><a href=\"http:\/\/www.planete-sciences.org\/blogs\/defissolaires\/wp-content\/uploads\/2014\/02\/DSC_04941-600x400.jpg\"><img class=\"wp-image-2776 alignleft\" src=\"http:\/\/www.planete-sciences.org\/blogs\/defissolaires\/wp-content\/uploads\/2014\/02\/DSC_04941-600x400-300x200.jpg\" alt=\"DSC_04941-600x400\" width=\"195\" srcset=\"http:\/\/www.planete-sciences.org\/blogs\/defissolaires\/wp-content\/uploads\/2014\/02\/DSC_04941-600x400-300x200.jpg 300w, http:\/\/www.planete-sciences.org\/blogs\/defissolaires\/wp-content\/uploads\/2014\/02\/DSC_04941-600x400.jpg 600w\" sizes=\"(max-width: 300px) 100vw, 300px\" \/><\/a><\/div>\n<p>Rencontrer, \u00e9changer, pratiquer, sont les trois grands axes du village.<\/p>\n<p style=\"text-align: justify;\">Le village du d\u00e9veloppement durable est un lieu d\u2019\u00e9changes entre le public et les professionnels du secteur du solaire et des \u00e9nergies renouvelables. Les plus jeunes se retrouveront autour d\u2019ateliers et d\u2019animations scientifiques.<\/p>\n<p style=\"text-align: center;\"><strong>Exemple de programme du Village r\u00e9alis\u00e9 le samedi 4 juin 2022<br \/><\/strong><\/p>\n<table width=\"467\">\n<tbody>\n<tr>\n<td width=\"145\"><strong>LA RESOURCERIE<\/strong><\/td>\n<td width=\"322\">Le Tri sera top<br \/>cr\u00e9a r\u00e9cup&rsquo;: fabrication de bijoux \u00e0 partir de chambre \u00e0 air usag\u00e9es.<\/td>\n<\/tr>\n<tr>\n<td width=\"145\"><strong>CAFE BRICOL&rsquo;<\/strong><\/td>\n<td width=\"322\">Chacun\u22c5e apporte ses objets en mauvais \u00e9tat et on se met \u00e0 l\u2019ouvrage avec les bricoleur\u22c5euse\u22c5s b\u00e9n\u00e9voles. On apprend \u00e0 r\u00e9parer son petit \u00e9lectrom\u00e9nager gr\u00e2ce \u00e0 un peu d\u2019outillage et quelques bonnes volont\u00e9s pour transmettre des savoirs de base en bricolage (\u00e9lectrique, \u00e9lectronique, m\u00e9canique).<\/td>\n<\/tr>\n<tr>\n<td width=\"145\"><strong>ARESO<\/strong><\/td>\n<td width=\"322\">Stand d&rsquo;information et d&rsquo;ateliers autour de la construction \u00e9cologique<\/td>\n<\/tr>\n<tr>\n<td width=\"145\"><strong>PICOJOULE<\/strong><\/td>\n<td width=\"322\">Comment faire du gaz pour cuisiner avec des \u00e9pluchures via une petite cuisine mobile.<\/td>\n<\/tr>\n<tr>\n<td width=\"145\"><strong>SICOVAL<\/strong><\/td>\n<td width=\"322\">&gt; Eau comme \u00e9nergie : relevez le d\u00e9fi de l\u2019ascenseur \u00e0 bonbon ou comment faire sortir un objet d\u2019une bouteille g\u00e9ante en utilisant la force de l\u2019eau et de ses m\u00e9ninges.<br \/>&gt; Pr\u00e9servons notre eau, fabriquons un produit d&rsquo;entretien \u00e0 impact limit\u00e9 sur l&rsquo;environnement : fabrication d&rsquo;un produit d&rsquo;entretien, atelier de 10 personnes max toutes les 1\/2 heures<\/td>\n<\/tr>\n<tr>\n<td width=\"145\">\n<table>\n<tbody>\n<tr>\n<td width=\"145\"><strong>TOULOUSE METROPOLE<\/strong><\/td>\n<\/tr>\n<\/tbody>\n<\/table>\n<\/td>\n<td width=\"322\">1 stand sur le tri des d\u00e9chets avec 4 ateliers de modules de jeu\n<p>\u00a0<\/p>\n<\/td>\n<\/tr>\n<tr>\n<td width=\"145\"><strong>\u20acURO-DURABLE<\/strong><\/td>\n<td width=\"322\">Repr\u00e9sentation des Associations : Enercop, Citoyen&rsquo;R et Terre de Lien<\/td>\n<\/tr>\n<tr>\n<td width=\"145\"><strong>E\/OS<\/strong><\/td>\n<td width=\"322\">Aider les particuliers \u00e0 arr\u00eater les Andro\u00efds \/ Vente de t\u00e9l\u00e9phones reconditionn\u00e9s avec le syst\u00e8me E\/OS<\/td>\n<\/tr>\n<tr>\n<td width=\"145\"><strong>ICEA-NR<\/strong><\/td>\n<td width=\"322\">Atelier\u00a0 sur la fabrication de fours solaires<\/td>\n<\/tr>\n<tr>\n<td width=\"145\">E<strong>COLUBIES<\/strong><\/td>\n<td width=\"322\">10h30 fabrication de tawashi (\u00e9ponges japonaises) <br \/>11h30 d\u00e9monstration de furoshiki (emballage en tissus)<br \/>14h00 demonstration upcycling (transformation d&rsquo;un tee-shirt en sac \u00e0 courses)<br \/>15h00 fabrication de tawashi avec les participants<br \/>16h00 demonstration de furoshiki<br \/>15h00 demonstration upcycling<\/td>\n<\/tr>\n<\/tbody>\n<\/table>\n\n\n<figure class=\"wp-block-gallery columns-8  aligncenter\"><ul class=\"blocks-gallery-grid\"><li class=\"blocks-gallery-item\"><figure><a href=\"http:\/\/www.planete-sciences.org\/blogs\/defissolaires\/wp-content\/uploads\/2019\/12\/logo-ecolubies.jpg\"><img loading=\"lazy\" width=\"135\" height=\"142\" src=\"http:\/\/www.planete-sciences.org\/blogs\/defissolaires\/wp-content\/uploads\/2019\/12\/logo-ecolubies.jpg\" alt=\"\" data-id=\"3339\" data-link=\"http:\/\/www.planete-sciences.org\/blogs\/defissolaires\/le-village-solaire-2014\/logo-ecolubies\/\" class=\"wp-image-3339\"\/><\/a><\/figure><\/li><li class=\"blocks-gallery-item\"><figure><a href=\"http:\/\/www.planete-sciences.org\/blogs\/defissolaires\/wp-content\/uploads\/2019\/12\/logo_EnercoopMIPY_jaunerouge-1000x637.png\"><img loading=\"lazy\" width=\"1000\" height=\"637\" src=\"http:\/\/www.planete-sciences.org\/blogs\/defissolaires\/wp-content\/uploads\/2019\/12\/logo_EnercoopMIPY_jaunerouge-1000x637.png\" alt=\"\" data-id=\"3338\" data-link=\"http:\/\/www.planete-sciences.org\/blogs\/defissolaires\/le-village-solaire-2014\/logo_enercoopmipy_jaunerouge\/\" class=\"wp-image-3338\" srcset=\"http:\/\/www.planete-sciences.org\/blogs\/defissolaires\/wp-content\/uploads\/2019\/12\/logo_EnercoopMIPY_jaunerouge-1000x637.png 1000w, http:\/\/www.planete-sciences.org\/blogs\/defissolaires\/wp-content\/uploads\/2019\/12\/logo_EnercoopMIPY_jaunerouge-300x191.png 300w, http:\/\/www.planete-sciences.org\/blogs\/defissolaires\/wp-content\/uploads\/2019\/12\/logo_EnercoopMIPY_jaunerouge-768x489.png 768w, http:\/\/www.planete-sciences.org\/blogs\/defissolaires\/wp-content\/uploads\/2019\/12\/logo_EnercoopMIPY_jaunerouge.png 1299w\" sizes=\"(max-width: 1000px) 100vw, 1000px\" \/><\/a><\/figure><\/li><li class=\"blocks-gallery-item\"><figure><a href=\"http:\/\/www.planete-sciences.org\/blogs\/defissolaires\/wp-content\/uploads\/2019\/12\/caf\u00e9-bricol-logo-4-1000x457.png\"><img loading=\"lazy\" width=\"1000\" height=\"457\" src=\"http:\/\/www.planete-sciences.org\/blogs\/defissolaires\/wp-content\/uploads\/2019\/12\/caf\u00e9-bricol-logo-4-1000x457.png\" alt=\"\" data-id=\"3337\" data-link=\"http:\/\/www.planete-sciences.org\/blogs\/defissolaires\/le-village-solaire-2014\/cafe-bricol-logo-4\/\" class=\"wp-image-3337\" srcset=\"http:\/\/www.planete-sciences.org\/blogs\/defissolaires\/wp-content\/uploads\/2019\/12\/caf\u00e9-bricol-logo-4-1000x457.png 1000w, http:\/\/www.planete-sciences.org\/blogs\/defissolaires\/wp-content\/uploads\/2019\/12\/caf\u00e9-bricol-logo-4-300x137.png 300w, http:\/\/www.planete-sciences.org\/blogs\/defissolaires\/wp-content\/uploads\/2019\/12\/caf\u00e9-bricol-logo-4-768x351.png 768w, http:\/\/www.planete-sciences.org\/blogs\/defissolaires\/wp-content\/uploads\/2019\/12\/caf\u00e9-bricol-logo-4.png 1055w\" sizes=\"(max-width: 1000px) 100vw, 1000px\" \/><\/a><\/figure><\/li><li class=\"blocks-gallery-item\"><figure><a href=\"http:\/\/www.planete-sciences.org\/blogs\/defissolaires\/wp-content\/uploads\/2019\/12\/e-foundation-color-01-1.png\"><img loading=\"lazy\" width=\"182\" height=\"190\" src=\"http:\/\/www.planete-sciences.org\/blogs\/defissolaires\/wp-content\/uploads\/2019\/12\/e-foundation-color-01-1.png\" alt=\"\" data-id=\"3335\" data-link=\"http:\/\/www.planete-sciences.org\/blogs\/defissolaires\/le-village-solaire-2014\/e-foundation-color-01-1\/\" class=\"wp-image-3335\"\/><\/a><\/figure><\/li><li class=\"blocks-gallery-item\"><figure><a href=\"http:\/\/www.planete-sciences.org\/blogs\/defissolaires\/wp-content\/uploads\/2019\/12\/logo-contoure-vert-LA-RESOURCERIE.jpg\"><img loading=\"lazy\" width=\"959\" height=\"959\" src=\"http:\/\/www.planete-sciences.org\/blogs\/defissolaires\/wp-content\/uploads\/2019\/12\/logo-contoure-vert-LA-RESOURCERIE.jpg\" alt=\"\" data-id=\"3330\" data-link=\"http:\/\/www.planete-sciences.org\/blogs\/defissolaires\/le-village-solaire-2014\/logo-contoure-vert-la-resourcerie\/\" class=\"wp-image-3330\" srcset=\"http:\/\/www.planete-sciences.org\/blogs\/defissolaires\/wp-content\/uploads\/2019\/12\/logo-contoure-vert-LA-RESOURCERIE.jpg 959w, http:\/\/www.planete-sciences.org\/blogs\/defissolaires\/wp-content\/uploads\/2019\/12\/logo-contoure-vert-LA-RESOURCERIE-150x150.jpg 150w, http:\/\/www.planete-sciences.org\/blogs\/defissolaires\/wp-content\/uploads\/2019\/12\/logo-contoure-vert-LA-RESOURCERIE-300x300.jpg 300w, http:\/\/www.planete-sciences.org\/blogs\/defissolaires\/wp-content\/uploads\/2019\/12\/logo-contoure-vert-LA-RESOURCERIE-768x768.jpg 768w\" sizes=\"(max-width: 959px) 100vw, 959px\" \/><\/a><\/figure><\/li><li class=\"blocks-gallery-item\"><figure><a href=\"http:\/\/www.planete-sciences.org\/blogs\/defissolaires\/wp-content\/uploads\/2019\/12\/TDL_MP_ROUGE_trans-754x1024.png\"><img loading=\"lazy\" width=\"754\" height=\"1024\" src=\"http:\/\/www.planete-sciences.org\/blogs\/defissolaires\/wp-content\/uploads\/2019\/12\/TDL_MP_ROUGE_trans-754x1024.png\" alt=\"\" data-id=\"3331\" data-link=\"http:\/\/www.planete-sciences.org\/blogs\/defissolaires\/le-village-solaire-2014\/tdl_mp_rouge_trans\/\" class=\"wp-image-3331\" srcset=\"http:\/\/www.planete-sciences.org\/blogs\/defissolaires\/wp-content\/uploads\/2019\/12\/TDL_MP_ROUGE_trans-754x1024.png 754w, http:\/\/www.planete-sciences.org\/blogs\/defissolaires\/wp-content\/uploads\/2019\/12\/TDL_MP_ROUGE_trans-221x300.png 221w, http:\/\/www.planete-sciences.org\/blogs\/defissolaires\/wp-content\/uploads\/2019\/12\/TDL_MP_ROUGE_trans-768x1043.png 768w, http:\/\/www.planete-sciences.org\/blogs\/defissolaires\/wp-content\/uploads\/2019\/12\/TDL_MP_ROUGE_trans.png 1076w\" sizes=\"(max-width: 754px) 100vw, 754px\" \/><\/a><\/figure><\/li><li class=\"blocks-gallery-item\"><figure><a href=\"http:\/\/www.planete-sciences.org\/blogs\/defissolaires\/wp-content\/uploads\/2019\/12\/TLSE-METROPOLE-logo-couleur-positif-scu-1000x273.jpg\"><img loading=\"lazy\" width=\"1000\" height=\"273\" src=\"http:\/\/www.planete-sciences.org\/blogs\/defissolaires\/wp-content\/uploads\/2019\/12\/TLSE-METROPOLE-logo-couleur-positif-scu-1000x273.jpg\" alt=\"\" data-id=\"3332\" data-link=\"http:\/\/www.planete-sciences.org\/blogs\/defissolaires\/le-village-solaire-2014\/tlse-metropole-logo-couleur-positif-scu\/\" class=\"wp-image-3332\" srcset=\"http:\/\/www.planete-sciences.org\/blogs\/defissolaires\/wp-content\/uploads\/2019\/12\/TLSE-METROPOLE-logo-couleur-positif-scu-1000x273.jpg 1000w, http:\/\/www.planete-sciences.org\/blogs\/defissolaires\/wp-content\/uploads\/2019\/12\/TLSE-METROPOLE-logo-couleur-positif-scu-300x82.jpg 300w, http:\/\/www.planete-sciences.org\/blogs\/defissolaires\/wp-content\/uploads\/2019\/12\/TLSE-METROPOLE-logo-couleur-positif-scu-768x210.jpg 768w\" sizes=\"(max-width: 1000px) 100vw, 1000px\" \/><\/a><\/figure><\/li><li class=\"blocks-gallery-item\"><figure><a href=\"http:\/\/www.planete-sciences.org\/blogs\/defissolaires\/wp-content\/uploads\/2019\/12\/CitoyenR_logo_HD-1-1000x277.png\"><img loading=\"lazy\" width=\"1000\" height=\"277\" src=\"http:\/\/www.planete-sciences.org\/blogs\/defissolaires\/wp-content\/uploads\/2019\/12\/CitoyenR_logo_HD-1-1000x277.png\" alt=\"\" data-id=\"3334\" data-link=\"http:\/\/www.planete-sciences.org\/blogs\/defissolaires\/le-village-solaire-2014\/citoyenr_logo_hd-1\/\" class=\"wp-image-3334\" srcset=\"http:\/\/www.planete-sciences.org\/blogs\/defissolaires\/wp-content\/uploads\/2019\/12\/CitoyenR_logo_HD-1-1000x277.png 1000w, http:\/\/www.planete-sciences.org\/blogs\/defissolaires\/wp-content\/uploads\/2019\/12\/CitoyenR_logo_HD-1-300x83.png 300w, http:\/\/www.planete-sciences.org\/blogs\/defissolaires\/wp-content\/uploads\/2019\/12\/CitoyenR_logo_HD-1-768x213.png 768w, http:\/\/www.planete-sciences.org\/blogs\/defissolaires\/wp-content\/uploads\/2019\/12\/CitoyenR_logo_HD-1.png 2041w\" sizes=\"(max-width: 1000px) 100vw, 1000px\" \/><\/a><\/figure><\/li><li class=\"blocks-gallery-item\"><figure><a href=\"http:\/\/www.planete-sciences.org\/blogs\/defissolaires\/wp-content\/uploads\/2019\/12\/logoareso-1000x999.png\"><img loading=\"lazy\" width=\"1000\" height=\"999\" src=\"http:\/\/www.planete-sciences.org\/blogs\/defissolaires\/wp-content\/uploads\/2019\/12\/logoareso-1000x999.png\" alt=\"\" data-id=\"3329\" data-link=\"http:\/\/www.planete-sciences.org\/blogs\/defissolaires\/le-village-solaire-2014\/logoareso\/\" class=\"wp-image-3329\" srcset=\"http:\/\/www.planete-sciences.org\/blogs\/defissolaires\/wp-content\/uploads\/2019\/12\/logoareso-1000x999.png 1000w, http:\/\/www.planete-sciences.org\/blogs\/defissolaires\/wp-content\/uploads\/2019\/12\/logoareso-150x150.png 150w, http:\/\/www.planete-sciences.org\/blogs\/defissolaires\/wp-content\/uploads\/2019\/12\/logoareso-300x300.png 300w, http:\/\/www.planete-sciences.org\/blogs\/defissolaires\/wp-content\/uploads\/2019\/12\/logoareso-768x768.png 768w, http:\/\/www.planete-sciences.org\/blogs\/defissolaires\/wp-content\/uploads\/2019\/12\/logoareso.png 1848w\" sizes=\"(max-width: 1000px) 100vw, 1000px\" \/><\/a><\/figure><\/li><li class=\"blocks-gallery-item\"><figure><a href=\"http:\/\/www.planete-sciences.org\/blogs\/defissolaires\/wp-content\/uploads\/2019\/12\/logo_FReDD-1000x410.png\"><img loading=\"lazy\" width=\"1000\" height=\"410\" src=\"http:\/\/www.planete-sciences.org\/blogs\/defissolaires\/wp-content\/uploads\/2019\/12\/logo_FReDD-1000x410.png\" alt=\"\" data-id=\"3328\" data-link=\"http:\/\/www.planete-sciences.org\/blogs\/defissolaires\/le-village-solaire-2014\/logo_fredd\/\" class=\"wp-image-3328\" srcset=\"http:\/\/www.planete-sciences.org\/blogs\/defissolaires\/wp-content\/uploads\/2019\/12\/logo_FReDD-1000x410.png 1000w, http:\/\/www.planete-sciences.org\/blogs\/defissolaires\/wp-content\/uploads\/2019\/12\/logo_FReDD-300x123.png 300w, http:\/\/www.planete-sciences.org\/blogs\/defissolaires\/wp-content\/uploads\/2019\/12\/logo_FReDD-768x315.png 768w, http:\/\/www.planete-sciences.org\/blogs\/defissolaires\/wp-content\/uploads\/2019\/12\/logo_FReDD.png 1937w\" sizes=\"(max-width: 1000px) 100vw, 1000px\" \/><\/a><\/figure><\/li><li class=\"blocks-gallery-item\"><figure><a href=\"http:\/\/www.planete-sciences.org\/blogs\/defissolaires\/wp-content\/uploads\/2019\/12\/Logo-Sicoval-agglo-1000x438.png\"><img loading=\"lazy\" width=\"1000\" height=\"438\" src=\"http:\/\/www.planete-sciences.org\/blogs\/defissolaires\/wp-content\/uploads\/2019\/12\/Logo-Sicoval-agglo-1000x438.png\" alt=\"\" data-id=\"3326\" data-link=\"http:\/\/www.planete-sciences.org\/blogs\/defissolaires\/le-village-solaire-2014\/logo-sicoval-agglo\/\" class=\"wp-image-3326\" srcset=\"http:\/\/www.planete-sciences.org\/blogs\/defissolaires\/wp-content\/uploads\/2019\/12\/Logo-Sicoval-agglo-1000x438.png 1000w, http:\/\/www.planete-sciences.org\/blogs\/defissolaires\/wp-content\/uploads\/2019\/12\/Logo-Sicoval-agglo-300x132.png 300w, http:\/\/www.planete-sciences.org\/blogs\/defissolaires\/wp-content\/uploads\/2019\/12\/Logo-Sicoval-agglo-768x337.png 768w, http:\/\/www.planete-sciences.org\/blogs\/defissolaires\/wp-content\/uploads\/2019\/12\/Logo-Sicoval-agglo.png 1040w\" sizes=\"(max-width: 1000px) 100vw, 1000px\" \/><\/a><\/figure><\/li><li class=\"blocks-gallery-item\"><figure><a href=\"http:\/\/www.planete-sciences.org\/blogs\/defissolaires\/wp-content\/uploads\/2019\/12\/logo-Icea-avec-baseline-HD-1000x665.png\"><img loading=\"lazy\" width=\"1000\" height=\"665\" src=\"http:\/\/www.planete-sciences.org\/blogs\/defissolaires\/wp-content\/uploads\/2019\/12\/logo-Icea-avec-baseline-HD-1000x665.png\" alt=\"\" data-id=\"3325\" data-link=\"http:\/\/www.planete-sciences.org\/blogs\/defissolaires\/le-village-solaire-2014\/logo-icea-avec-baseline-hd\/\" class=\"wp-image-3325\" srcset=\"http:\/\/www.planete-sciences.org\/blogs\/defissolaires\/wp-content\/uploads\/2019\/12\/logo-Icea-avec-baseline-HD-1000x665.png 1000w, http:\/\/www.planete-sciences.org\/blogs\/defissolaires\/wp-content\/uploads\/2019\/12\/logo-Icea-avec-baseline-HD-300x200.png 300w, http:\/\/www.planete-sciences.org\/blogs\/defissolaires\/wp-content\/uploads\/2019\/12\/logo-Icea-avec-baseline-HD-768x511.png 768w, http:\/\/www.planete-sciences.org\/blogs\/defissolaires\/wp-content\/uploads\/2019\/12\/logo-Icea-avec-baseline-HD.png 1321w\" sizes=\"(max-width: 1000px) 100vw, 1000px\" \/><\/a><\/figure><\/li><\/ul><\/figure>\n","protected":false},"excerpt":{"rendered":"<p>&#8230;PROGRAMMATION EN COURS POUR 2023&#8230; \u00a0 \u00a0 Le Village du D\u00e9veloppement Durable, des animations pour tous Rencontrer, \u00e9changer, pratiquer, sont les trois grands axes du village. Le village du d\u00e9veloppement durable est un lieu d\u2019\u00e9changes entre le public et les professionnels du secteur du solaire et des \u00e9nergies renouvelables. Les plus jeunes se retrouveront autour [&hellip;]<\/p>\n","protected":false},"author":158,"featured_media":0,"parent":0,"menu_order":6,"comment_status":"open","ping_status":"open","template":"","meta":[],"_links":{"self":[{"href":"http:\/\/www.planete-sciences.org\/blogs\/defissolaires\/wp-json\/wp\/v2\/pages\/2108"}],"collection":[{"href":"http:\/\/www.planete-sciences.org\/blogs\/defissolaires\/wp-json\/wp\/v2\/pages"}],"about":[{"href":"http:\/\/www.planete-sciences.org\/blogs\/defissolaires\/wp-json\/wp\/v2\/types\/page"}],"author":[{"embeddable":true,"href":"http:\/\/www.planete-sciences.org\/blogs\/defissolaires\/wp-json\/wp\/v2\/users\/158"}],"replies":[{"embeddable":true,"href":"http:\/\/www.planete-sciences.org\/blogs\/defissolaires\/wp-json\/wp\/v2\/comments?post=2108"}],"version-history":[{"count":102,"href":"http:\/\/www.planete-sciences.org\/blogs\/defissolaires\/wp-json\/wp\/v2\/pages\/2108\/revisions"}],"predecessor-version":[{"id":3575,"href":"http:\/\/www.planete-sciences.org\/blogs\/defissolaires\/wp-json\/wp\/v2\/pages\/2108\/revisions\/3575"}],"wp:attachment":[{"href":"http:\/\/www.planete-sciences.org\/blogs\/defissolaires\/wp-json\/wp\/v2\/media?parent=2108"}],"curies":[{"name":"wp","href":"https:\/\/api.w.org\/{rel}","templated":true}]}}