{"id":21,"date":"2011-09-17T18:29:08","date_gmt":"2011-09-17T16:29:08","guid":{"rendered":"http:\/\/www.planete-sciences.org\/blogs\/defis_solaires\/?page_id=21"},"modified":"2020-11-03T09:35:26","modified_gmt":"2020-11-03T08:35:26","slug":"ecoles_elementaires","status":"publish","type":"page","link":"http:\/\/www.planete-sciences.org\/blogs\/defissolaires\/les-defis\/deroulement\/ecoles_elementaires\/","title":{"rendered":"D\u00e9roulement \u00e9coles \u00e9l\u00e9mentaires"},"content":{"rendered":"<h3 style=\"text-align: center;\"><span style=\"color: #000080;\">Vendredi 28 Mai -Courses des ECOLES ELEMENTAIRES<\/span><\/h3>\n<p><span style=\"color: #333333;\"><strong>ACCUEIL &amp; PREPARATION<\/strong><\/span><br \/>\n<span style=\"color: #333333;\"> &#8211; Accueil des concurrents \u00e0 partir de 9h00.<\/span><br \/>\n<span style=\"color: #333333;\"> &#8211; Contr\u00f4le des v\u00e9hicules \u00a0\u00e0 partir de 10h00.<\/span><\/p>\n<p><span style=\"color: #333333;\"><strong>* 1\u00e8re MANCHE \u00ab\u00a0D\u00e9fi de vitesse\u00a0\u00bb:<\/strong><\/span><br \/>\n<span style=\"color: #333333;\"> &#8211; Courses de 10h30 \u00e0 12h00.<\/span><\/p>\n<p><span style=\"color: #333333;\"><strong>* 2\u00e8me MANCHE \u00ab\u00a0D\u00e9fi de vitesse\u00a0\u00bb <\/strong><\/span><\/p>\n<p><span style=\"color: #333333;\"><strong>&#8211; Epreuve finale:\u00a0<\/strong>\u00a0Courses \u00e0 partir de \u00a014h15.<\/span><\/p>\n<p><span style=\"color: #333333;\"><strong>* Epreuve \u00ab\u00a0D\u00e9fi d&rsquo;endurance\u00a0\u00bb :<\/strong><\/span><br \/>\n<span style=\"color: #333333;\"> &#8211; Courses \u00e0 partir de 14h30.<\/span><br \/>\n<span style=\"color: #333333;\"> &#8211; R\u00e9sultats et remise des prix \u00e0 15h45.<\/span><\/p>\n<p><strong>\u00a0<\/strong><\/p>\n<p><a href=\"..\/deroulement\/\">Retour<\/a><\/p>\n","protected":false},"excerpt":{"rendered":"<p>Vendredi 28 Mai -Courses des ECOLES ELEMENTAIRES ACCUEIL &amp; PREPARATION &#8211; Accueil des concurrents \u00e0 partir de 9h00. &#8211; Contr\u00f4le des v\u00e9hicules \u00a0\u00e0 partir de 10h00. * 1\u00e8re MANCHE \u00ab\u00a0D\u00e9fi de vitesse\u00a0\u00bb: &#8211; Courses de 10h30 \u00e0 12h00. * 2\u00e8me MANCHE \u00ab\u00a0D\u00e9fi de vitesse\u00a0\u00bb &#8211; Epreuve finale:\u00a0\u00a0Courses \u00e0 partir de \u00a014h15. * Epreuve \u00ab\u00a0D\u00e9fi d&rsquo;endurance\u00a0\u00bb [&hellip;]<\/p>\n","protected":false},"author":1,"featured_media":0,"parent":17,"menu_order":0,"comment_status":"open","ping_status":"open","template":"","meta":[],"_links":{"self":[{"href":"http:\/\/www.planete-sciences.org\/blogs\/defissolaires\/wp-json\/wp\/v2\/pages\/21"}],"collection":[{"href":"http:\/\/www.planete-sciences.org\/blogs\/defissolaires\/wp-json\/wp\/v2\/pages"}],"about":[{"href":"http:\/\/www.planete-sciences.org\/blogs\/defissolaires\/wp-json\/wp\/v2\/types\/page"}],"author":[{"embeddable":true,"href":"http:\/\/www.planete-sciences.org\/blogs\/defissolaires\/wp-json\/wp\/v2\/users\/1"}],"replies":[{"embeddable":true,"href":"http:\/\/www.planete-sciences.org\/blogs\/defissolaires\/wp-json\/wp\/v2\/comments?post=21"}],"version-history":[{"count":11,"href":"http:\/\/www.planete-sciences.org\/blogs\/defissolaires\/wp-json\/wp\/v2\/pages\/21\/revisions"}],"predecessor-version":[{"id":3410,"href":"http:\/\/www.planete-sciences.org\/blogs\/defissolaires\/wp-json\/wp\/v2\/pages\/21\/revisions\/3410"}],"up":[{"embeddable":true,"href":"http:\/\/www.planete-sciences.org\/blogs\/defissolaires\/wp-json\/wp\/v2\/pages\/17"}],"wp:attachment":[{"href":"http:\/\/www.planete-sciences.org\/blogs\/defissolaires\/wp-json\/wp\/v2\/media?parent=21"}],"curies":[{"name":"wp","href":"https:\/\/api.w.org\/{rel}","templated":true}]}}