{"id":138,"date":"2012-01-02T14:06:49","date_gmt":"2012-01-02T13:06:49","guid":{"rendered":"http:\/\/www.planete-sciences.org\/blogs\/defissolaires\/accueil\/deroulement\/loisirs\/"},"modified":"2020-11-03T09:36:07","modified_gmt":"2020-11-03T08:36:07","slug":"loisirs","status":"publish","type":"page","link":"http:\/\/www.planete-sciences.org\/blogs\/defissolaires\/les-defis\/deroulement\/loisirs\/","title":{"rendered":"D\u00e9roulement D\u00e9fis Radiocommand\u00e9s &#8211; Courses des Loisirs"},"content":{"rendered":"<h3 style=\"text-align: center;\"><span style=\"color: #000080;\">\u00a0Samedi 29 Mai &#8211; COURSE DES LOISIRS<\/span><\/h3>\n<p><span style=\"color: #333333;\"><strong>ACCUEIL &amp; PREPARATION<\/strong><\/span><\/p>\n<p><span style=\"color: #333333;\">&#8211; Accueil des concurrents de 08h30 \u00e0 9h00.<\/span><br \/>\n<span style=\"color: #333333;\"> &#8211; Contr\u00f4le des v\u00e9hicules de 9h00 \u00e0 11h00.<\/span><\/p>\n<p><span style=\"color: #333333;\"><strong>EPREUVE DE PILOTAGE<\/strong><\/span><br \/>\n<span style=\"color: #333333;\"> &#8211; Epreuves de pilotage de 11h30 \u00e0 13h00.<\/span><\/p>\n<p><span style=\"color: #333333;\"><strong>EPREUVE D\u2019ENDURANCE<\/strong><\/span><br \/>\n<span style=\"color: #333333;\"> &#8211; Charge des v\u00e9hicules au Soleil 13h30 \u00e0 14h00.<\/span><br \/>\n<span style=\"color: #333333;\"> &#8211; Course d\u2019endurance de 14h00 \u00e0 18h00.<\/span><\/p>\n<p><span style=\"color: #333333;\"><strong>RESULTATS<\/strong><\/span><br \/>\n<span style=\"color: #333333;\"> &#8211; Remise des r\u00e9compenses \u00e0 18h30.<\/span><\/p>\n<p><span style=\"font-family: Verdana, Arial, Helvetica, sans-serif;\"><span style=\"font-size: 11px; line-height: normal;\"><strong>\u00a0<\/strong><\/span><\/span><\/p>\n<p><a href=\"..\/accueil\/deroulement\/deroulement\/\">Retour<\/a><\/p>\n","protected":false},"excerpt":{"rendered":"<p>\u00a0Samedi 29 Mai &#8211; COURSE DES LOISIRS ACCUEIL &amp; PREPARATION &#8211; Accueil des concurrents de 08h30 \u00e0 9h00. &#8211; Contr\u00f4le des v\u00e9hicules de 9h00 \u00e0 11h00. EPREUVE DE PILOTAGE &#8211; Epreuves de pilotage de 11h30 \u00e0 13h00. EPREUVE D\u2019ENDURANCE &#8211; Charge des v\u00e9hicules au Soleil 13h30 \u00e0 14h00. &#8211; Course d\u2019endurance de 14h00 \u00e0 18h00. [&hellip;]<\/p>\n","protected":false},"author":10,"featured_media":0,"parent":17,"menu_order":2,"comment_status":"open","ping_status":"open","template":"","meta":[],"_links":{"self":[{"href":"http:\/\/www.planete-sciences.org\/blogs\/defissolaires\/wp-json\/wp\/v2\/pages\/138"}],"collection":[{"href":"http:\/\/www.planete-sciences.org\/blogs\/defissolaires\/wp-json\/wp\/v2\/pages"}],"about":[{"href":"http:\/\/www.planete-sciences.org\/blogs\/defissolaires\/wp-json\/wp\/v2\/types\/page"}],"author":[{"embeddable":true,"href":"http:\/\/www.planete-sciences.org\/blogs\/defissolaires\/wp-json\/wp\/v2\/users\/10"}],"replies":[{"embeddable":true,"href":"http:\/\/www.planete-sciences.org\/blogs\/defissolaires\/wp-json\/wp\/v2\/comments?post=138"}],"version-history":[{"count":5,"href":"http:\/\/www.planete-sciences.org\/blogs\/defissolaires\/wp-json\/wp\/v2\/pages\/138\/revisions"}],"predecessor-version":[{"id":3411,"href":"http:\/\/www.planete-sciences.org\/blogs\/defissolaires\/wp-json\/wp\/v2\/pages\/138\/revisions\/3411"}],"up":[{"embeddable":true,"href":"http:\/\/www.planete-sciences.org\/blogs\/defissolaires\/wp-json\/wp\/v2\/pages\/17"}],"wp:attachment":[{"href":"http:\/\/www.planete-sciences.org\/blogs\/defissolaires\/wp-json\/wp\/v2\/media?parent=138"}],"curies":[{"name":"wp","href":"https:\/\/api.w.org\/{rel}","templated":true}]}}