{"id":1005,"date":"2012-10-02T19:11:18","date_gmt":"2012-10-02T17:11:18","guid":{"rendered":"http:\/\/www.planete-sciences.org\/blogs\/defissolaires\/?page_id=1005"},"modified":"2019-01-24T15:34:58","modified_gmt":"2019-01-24T14:34:58","slug":"documentation","status":"publish","type":"page","link":"http:\/\/www.planete-sciences.org\/blogs\/defissolaires\/liens-utiles\/documentation\/","title":{"rendered":"Documentation"},"content":{"rendered":"<p>Ce livret de fiches s\u2019adresse aux enseignants des classes participant aux D\u00e9fis Solaires (version v\u00e9hicules filoguid\u00e9s) en partenariat avec Plan\u00e8te Sciences Occitanie. Son objectif est d\u2019<strong>accompagner les enseignants<\/strong> dans la r\u00e9alisation de ce projet de A \u00e0 Z.<\/p>\n<p><a href=\"http:\/\/www.planete-sciences.org\/blogs\/defissolaires\/wp-content\/uploads\/2012\/10\/Fiches_livret_complet-compressed.pdf\">Fiches Techniques Livret Complet 2019<\/a><\/p>\n","protected":false},"excerpt":{"rendered":"<p>Ce livret de fiches s\u2019adresse aux enseignants des classes participant aux D\u00e9fis Solaires (version v\u00e9hicules filoguid\u00e9s) en partenariat avec Plan\u00e8te Sciences Occitanie. Son objectif est d\u2019accompagner les enseignants dans la r\u00e9alisation de ce projet de A \u00e0 Z. Fiches Techniques Livret Complet 2019<\/p>\n","protected":false},"author":88,"featured_media":0,"parent":930,"menu_order":0,"comment_status":"open","ping_status":"open","template":"","meta":[],"_links":{"self":[{"href":"http:\/\/www.planete-sciences.org\/blogs\/defissolaires\/wp-json\/wp\/v2\/pages\/1005"}],"collection":[{"href":"http:\/\/www.planete-sciences.org\/blogs\/defissolaires\/wp-json\/wp\/v2\/pages"}],"about":[{"href":"http:\/\/www.planete-sciences.org\/blogs\/defissolaires\/wp-json\/wp\/v2\/types\/page"}],"author":[{"embeddable":true,"href":"http:\/\/www.planete-sciences.org\/blogs\/defissolaires\/wp-json\/wp\/v2\/users\/88"}],"replies":[{"embeddable":true,"href":"http:\/\/www.planete-sciences.org\/blogs\/defissolaires\/wp-json\/wp\/v2\/comments?post=1005"}],"version-history":[{"count":4,"href":"http:\/\/www.planete-sciences.org\/blogs\/defissolaires\/wp-json\/wp\/v2\/pages\/1005\/revisions"}],"predecessor-version":[{"id":3219,"href":"http:\/\/www.planete-sciences.org\/blogs\/defissolaires\/wp-json\/wp\/v2\/pages\/1005\/revisions\/3219"}],"up":[{"embeddable":true,"href":"http:\/\/www.planete-sciences.org\/blogs\/defissolaires\/wp-json\/wp\/v2\/pages\/930"}],"wp:attachment":[{"href":"http:\/\/www.planete-sciences.org\/blogs\/defissolaires\/wp-json\/wp\/v2\/media?parent=1005"}],"curies":[{"name":"wp","href":"https:\/\/api.w.org\/{rel}","templated":true}]}}