{"id":1000,"date":"2012-10-02T18:35:07","date_gmt":"2012-10-02T16:35:07","guid":{"rendered":"http:\/\/www.planete-sciences.org\/blogs\/defissolaires\/?page_id=1000"},"modified":"2018-11-28T12:09:49","modified_gmt":"2018-11-28T11:09:49","slug":"lieu-de-lepreuve","status":"publish","type":"page","link":"http:\/\/www.planete-sciences.org\/blogs\/defissolaires\/les-defis\/lieu-de-lepreuve\/","title":{"rendered":"Lieu de l&rsquo;\u00e9preuve"},"content":{"rendered":"<h2><span style=\"color: #0000ff\">Lieu de l&rsquo;\u00e9preuve<\/span><\/h2>\n<p>La Cit\u00e9 de l&rsquo;espace est \u00e0 initiative de l\u2019organisation des premiers D\u00e9fis Solaires en 2004.<\/p>\n<p>L&rsquo;\u00e9preuve \u00e9tait alors destin\u00e9e aux clubs de loisirs des \u00e9coles d&rsquo;ing\u00e9nieurs et durait 8 heures.<\/p>\n<p>Aussi depuis le d\u00e9part de cette aventure solaire, la Cit\u00e9 de l&rsquo;espace accueille les D\u00e9fis Solaires sur son site embl\u00e9matique.<\/p>\n<div class=\"one-half column\">\n<p>&nbsp;<\/p>\n<h2 style=\"text-align: justify\"><span style=\"color: #0000ff\">Rendez-vous <\/span><\/h2>\n<p>&nbsp;<\/p>\n<h3><a href=\"http:\/\/www.planete-sciences.org\/blogs\/defissolaires\/wp-content\/uploads\/2015\/10\/CiteEspace-horiz.png\"><img loading=\"lazy\" class=\"alignnone size-medium wp-image-2621\" src=\"http:\/\/www.planete-sciences.org\/blogs\/defissolaires\/wp-content\/uploads\/2015\/10\/CiteEspace-horiz-300x114.png\" alt=\"CiteEspace-horiz\" width=\"300\" height=\"114\" srcset=\"http:\/\/www.planete-sciences.org\/blogs\/defissolaires\/wp-content\/uploads\/2015\/10\/CiteEspace-horiz-300x114.png 300w, http:\/\/www.planete-sciences.org\/blogs\/defissolaires\/wp-content\/uploads\/2015\/10\/CiteEspace-horiz-1000x381.png 1000w\" sizes=\"(max-width: 300px) 100vw, 300px\" \/><\/a><\/h3>\n<p>&nbsp;<\/p>\n<blockquote>\n<h3><strong><span style=\"color: #00ccff\">Cit\u00e9 de l&rsquo;espace<\/span><\/strong><\/h3>\n<p>8 Avenue Jean Gonord<br \/>\n31200 Toulouse<br \/>\n<a href=\"http:\/\/www.cite-espace.com\/\">www.cite-espace.com<\/a><\/p><\/blockquote>\n<p><\/div><br \/>\n<div class=\"one-half column\"><\/p>\n<p><small><a style=\"color: #0000ff;text-align: left\" href=\"https:\/\/maps.google.fr\/maps?f=q&amp;source=embed&amp;hl=fr&amp;geocode=&amp;q=Cit%C3%A9+de+l'Espace,+Avenue+Jean+Gonord,+Toulouse&amp;aq=0&amp;oq=cit%C3%A9+de+l&amp;sll=46.22475,2.0517&amp;sspn=15.899989,43.286133&amp;ie=UTF8&amp;hq=Cit%C3%A9+de+l'Espace,+Avenue+Jean+Gonord,+Toulouse&amp;ll=43.586854,1.492341&amp;spn=0.016164,0.032015&amp;t=m\"><strong>Agrandir le plan<\/strong><\/a><\/small><\/p>\n<p><\/div><\/p>\n<p>&nbsp;<\/p>\n","protected":false},"excerpt":{"rendered":"<p>Lieu de l&rsquo;\u00e9preuve La Cit\u00e9 de l&rsquo;espace est \u00e0 initiative de l\u2019organisation des premiers D\u00e9fis Solaires en 2004. L&rsquo;\u00e9preuve \u00e9tait alors destin\u00e9e aux clubs de loisirs des \u00e9coles d&rsquo;ing\u00e9nieurs et durait 8 heures. Aussi depuis le d\u00e9part de cette aventure solaire, la Cit\u00e9 de l&rsquo;espace accueille les D\u00e9fis Solaires sur son site embl\u00e9matique. &nbsp;<\/p>\n","protected":false},"author":88,"featured_media":0,"parent":2446,"menu_order":0,"comment_status":"open","ping_status":"open","template":"","meta":[],"_links":{"self":[{"href":"http:\/\/www.planete-sciences.org\/blogs\/defissolaires\/wp-json\/wp\/v2\/pages\/1000"}],"collection":[{"href":"http:\/\/www.planete-sciences.org\/blogs\/defissolaires\/wp-json\/wp\/v2\/pages"}],"about":[{"href":"http:\/\/www.planete-sciences.org\/blogs\/defissolaires\/wp-json\/wp\/v2\/types\/page"}],"author":[{"embeddable":true,"href":"http:\/\/www.planete-sciences.org\/blogs\/defissolaires\/wp-json\/wp\/v2\/users\/88"}],"replies":[{"embeddable":true,"href":"http:\/\/www.planete-sciences.org\/blogs\/defissolaires\/wp-json\/wp\/v2\/comments?post=1000"}],"version-history":[{"count":89,"href":"http:\/\/www.planete-sciences.org\/blogs\/defissolaires\/wp-json\/wp\/v2\/pages\/1000\/revisions"}],"predecessor-version":[{"id":3197,"href":"http:\/\/www.planete-sciences.org\/blogs\/defissolaires\/wp-json\/wp\/v2\/pages\/1000\/revisions\/3197"}],"up":[{"embeddable":true,"href":"http:\/\/www.planete-sciences.org\/blogs\/defissolaires\/wp-json\/wp\/v2\/pages\/2446"}],"wp:attachment":[{"href":"http:\/\/www.planete-sciences.org\/blogs\/defissolaires\/wp-json\/wp\/v2\/media?parent=1000"}],"curies":[{"name":"wp","href":"https:\/\/api.w.org\/{rel}","templated":true}]}}