{"id":100,"date":"2011-12-02T13:19:47","date_gmt":"2011-12-02T12:19:47","guid":{"rendered":"http:\/\/www.planete-sciences.org\/blogs\/defissolaires\/?page_id=100"},"modified":"2020-11-03T09:37:58","modified_gmt":"2020-11-03T08:37:58","slug":"colleges","status":"publish","type":"page","link":"http:\/\/www.planete-sciences.org\/blogs\/defissolaires\/les-defis\/deroulement\/colleges\/","title":{"rendered":"D\u00e9roulement D\u00e9fis Radiocommand\u00e9s &#8211; Niveau secondaire"},"content":{"rendered":"<h4 style=\"text-align: center;\"><span style=\"color: #000080;\">Vendredi 28 Mai &#8211; COURSE DES COLLEGES<\/span><\/h4>\n<p><span style=\"color: #333333;\"><strong>ACCUEIL &amp; PREPARATION<\/strong><\/span><\/p>\n<p><span style=\"color: #333333;\">&#8211; Accueil des concurrents \u00e0 partir de 08h30.<\/span><br \/>\n<span style=\"color: #333333;\"> &#8211; Contr\u00f4le des v\u00e9hicules \u00e0 partir 09h30.<\/span><\/p>\n<p><span style=\"color: #333333;\"><strong>EPREUVE DE PILOTAGE<\/strong><\/span><br \/>\n<span style=\"color: #333333;\"> &#8211; Charge des v\u00e9hicules au Soleil 11h00 \u00e0 11h30.<\/span><br \/>\n<span style=\"color: #333333;\"> &#8211; Epreuves de pilotage de 11h30 \u00e0 13h00.<\/span><\/p>\n<p><span style=\"color: #333333;\"><strong>EPREUVE D&rsquo;ENDURANCE<\/strong><\/span><br \/>\n<span style=\"color: #333333;\"> &#8211; Charge des v\u00e9hicules au Soleil 13h30 \u00e0 14h00.<\/span><br \/>\n<span style=\"color: #333333;\"> &#8211; Course d&rsquo;endurance de 14h00 \u00e0 17h00.<\/span><\/p>\n<p><span style=\"color: #333333;\"><strong>RESULTATS<\/strong><\/span><br \/>\n<span style=\"color: #333333;\"> &#8211; Remise des r\u00e9compenses \u00e0 17h30.<\/span><\/p>\n<p><a href=\"..\/accueil\/deroulement\/deroulement\/\">Retour<\/a><\/p>\n","protected":false},"excerpt":{"rendered":"<p>Vendredi 28 Mai &#8211; COURSE DES COLLEGES ACCUEIL &amp; PREPARATION &#8211; Accueil des concurrents \u00e0 partir de 08h30. &#8211; Contr\u00f4le des v\u00e9hicules \u00e0 partir 09h30. EPREUVE DE PILOTAGE &#8211; Charge des v\u00e9hicules au Soleil 11h00 \u00e0 11h30. &#8211; Epreuves de pilotage de 11h30 \u00e0 13h00. EPREUVE D&rsquo;ENDURANCE &#8211; Charge des v\u00e9hicules au Soleil 13h30 \u00e0 [&hellip;]<\/p>\n","protected":false},"author":10,"featured_media":0,"parent":17,"menu_order":2,"comment_status":"open","ping_status":"open","template":"","meta":[],"_links":{"self":[{"href":"http:\/\/www.planete-sciences.org\/blogs\/defissolaires\/wp-json\/wp\/v2\/pages\/100"}],"collection":[{"href":"http:\/\/www.planete-sciences.org\/blogs\/defissolaires\/wp-json\/wp\/v2\/pages"}],"about":[{"href":"http:\/\/www.planete-sciences.org\/blogs\/defissolaires\/wp-json\/wp\/v2\/types\/page"}],"author":[{"embeddable":true,"href":"http:\/\/www.planete-sciences.org\/blogs\/defissolaires\/wp-json\/wp\/v2\/users\/10"}],"replies":[{"embeddable":true,"href":"http:\/\/www.planete-sciences.org\/blogs\/defissolaires\/wp-json\/wp\/v2\/comments?post=100"}],"version-history":[{"count":9,"href":"http:\/\/www.planete-sciences.org\/blogs\/defissolaires\/wp-json\/wp\/v2\/pages\/100\/revisions"}],"predecessor-version":[{"id":3413,"href":"http:\/\/www.planete-sciences.org\/blogs\/defissolaires\/wp-json\/wp\/v2\/pages\/100\/revisions\/3413"}],"up":[{"embeddable":true,"href":"http:\/\/www.planete-sciences.org\/blogs\/defissolaires\/wp-json\/wp\/v2\/pages\/17"}],"wp:attachment":[{"href":"http:\/\/www.planete-sciences.org\/blogs\/defissolaires\/wp-json\/wp\/v2\/media?parent=100"}],"curies":[{"name":"wp","href":"https:\/\/api.w.org\/{rel}","templated":true}]}}