{"id":2,"date":"2011-11-20T18:42:25","date_gmt":"2011-11-20T17:42:25","guid":{"rendered":"http:\/\/www.planete-sciences.org\/blogs\/defissolaires\/national\/?page_id=2"},"modified":"2012-10-04T17:57:30","modified_gmt":"2012-10-04T16:57:30","slug":"accuei","status":"publish","type":"page","link":"http:\/\/www.planete-sciences.org\/blogs\/defissolaires\/national\/","title":{"rendered":"Accueil Portail National"},"content":{"rendered":"<h1 style=\"text-align: center;\"><span style=\"color: #08298c;\">Bienvenue sur le Portail National des D\u00e9fis Solaires !<\/span><\/h1>\n<h3 style=\"text-align: center;\"><span style=\"color: #000000;\"><br \/>\n<span style=\"color: #00a5c6;\">Cette ann\u00e9e, plusieurs op\u00e9rations D\u00e9fis Solaires sont men\u00e9es en France.<\/span><br \/>\n<span style=\"color: #00a5c6;\"> Cette page pr\u00e9sente les liens vers les diff\u00e9rents D\u00e9fis Solaires qui se d\u00e9roulent dans votre r\u00e9gion. <\/span><\/span><\/h3>\n<h4 style=\"text-align: center;\"><span style=\"color: #808080;\"><em>Cliquez sur la voiture solaire de votre choix.<br \/>\nBonne navigation !<\/em><\/span><\/h4>\n<p>[mappress mapid=\u00a0\u00bb1&Prime;]<\/p>\n","protected":false},"excerpt":{"rendered":"<p>Bienvenue sur le Portail National des D\u00e9fis Solaires ! Cette ann\u00e9e, plusieurs op\u00e9rations D\u00e9fis Solaires sont men\u00e9es en France. Cette page pr\u00e9sente les liens vers les diff\u00e9rents D\u00e9fis Solaires qui se d\u00e9roulent dans votre r\u00e9gion. Cliquez sur la voiture solaire de votre choix. Bonne navigation ! [mappress mapid=\u00a0\u00bb1&Prime;]<\/p>\n","protected":false},"author":1,"featured_media":0,"parent":0,"menu_order":0,"comment_status":"open","ping_status":"open","template":"","meta":[],"_links":{"self":[{"href":"http:\/\/www.planete-sciences.org\/blogs\/defissolaires\/national\/wp-json\/wp\/v2\/pages\/2"}],"collection":[{"href":"http:\/\/www.planete-sciences.org\/blogs\/defissolaires\/national\/wp-json\/wp\/v2\/pages"}],"about":[{"href":"http:\/\/www.planete-sciences.org\/blogs\/defissolaires\/national\/wp-json\/wp\/v2\/types\/page"}],"author":[{"embeddable":true,"href":"http:\/\/www.planete-sciences.org\/blogs\/defissolaires\/national\/wp-json\/wp\/v2\/users\/1"}],"replies":[{"embeddable":true,"href":"http:\/\/www.planete-sciences.org\/blogs\/defissolaires\/national\/wp-json\/wp\/v2\/comments?post=2"}],"version-history":[{"count":18,"href":"http:\/\/www.planete-sciences.org\/blogs\/defissolaires\/national\/wp-json\/wp\/v2\/pages\/2\/revisions"}],"predecessor-version":[{"id":29,"href":"http:\/\/www.planete-sciences.org\/blogs\/defissolaires\/national\/wp-json\/wp\/v2\/pages\/2\/revisions\/29"}],"wp:attachment":[{"href":"http:\/\/www.planete-sciences.org\/blogs\/defissolaires\/national\/wp-json\/wp\/v2\/media?parent=2"}],"curies":[{"name":"wp","href":"https:\/\/api.w.org\/{rel}","templated":true}]}}