{"id":2,"date":"2011-09-22T18:51:21","date_gmt":"2011-09-22T18:51:21","guid":{"rendered":"http:\/\/www.planete-sciences.org\/blogs\/defissolaires\/dstemplate\/?page_id=2"},"modified":"2012-01-21T08:44:57","modified_gmt":"2012-01-21T07:44:57","slug":"etape1","status":"publish","type":"page","link":"http:\/\/www.planete-sciences.org\/blogs\/defissolaires\/dstemplate\/etape1\/","title":{"rendered":"Etape 1 &#8211; Pr\u00e9sentation du Cahier des charges \/ Lancement du projet"},"content":{"rendered":"<h2 style=\"text-align: center;\"><span style=\"color: #ff0000;\">EN COURS DE CONSTRUCTION<\/span><\/h2>\n<p>Objectifs de cette \u00e9tape\u00a0:<\/p>\n<p>&#8211;\u00a0\u00a0\u00a0\u00a0\u00a0\u00a0\u00a0\u00a0\u00a0 Identifier les repr\u00e9sentations des \u00e9l\u00e8ves sur les \u00e9nergies renouvelables en particulier l&rsquo;\u00e9nergie solaire et photovolta\u00efque ;<\/p>\n<p>&#8211;\u00a0\u00a0\u00a0\u00a0\u00a0\u00a0\u00a0\u00a0\u00a0 Poser la\/les questions essentielles de l\u2019op\u00e9ration\u00a0;<\/p>\n<p>&#8211;\u00a0\u00a0\u00a0\u00a0\u00a0\u00a0\u00a0\u00a0\u00a0 Lancer la r\u00e9flexion aupr\u00e8s des \u00e9l\u00e8ves sur les diff\u00e9rentes pistes de constructions du v\u00e9hicule apr\u00e8s lecture du cahier des charges.<\/p>\n<p>&nbsp;<\/p>\n<p>&nbsp;<\/p>\n<p><strong>1. <\/strong><strong>Objectifs atteints<\/strong><\/p>\n<p><strong><\/strong>A REMPLIR<\/p>\n<p>&nbsp;<\/p>\n<p><strong>2. Illustrations<\/strong><\/p>\n<p><strong><\/strong>A REMPLIR<\/p>\n<p>&nbsp;<\/p>\n<p><strong>3. D\u00e9roulement<\/strong> (Exp\u00e9riences, sortie, rencontres, recherches, etc.)<\/p>\n<p>A REMPLIR<\/p>\n<p>&nbsp;<\/p>\n<p><strong>\u00a0<\/strong><\/p>\n<p><strong>4. Appr\u00e9ciation du groupe<\/strong><\/p>\n<p>A REMPLIR<\/p>\n<p>&nbsp;<\/p>\n<p><strong>5. Autres commentaires <\/strong>(questions aux suiveurs, perspectives)<\/p>\n<p>A REMPLIR<\/p>\n","protected":false},"excerpt":{"rendered":"<p>EN COURS DE CONSTRUCTION Objectifs de cette \u00e9tape\u00a0: &#8211;\u00a0\u00a0\u00a0\u00a0\u00a0\u00a0\u00a0\u00a0\u00a0 Identifier les repr\u00e9sentations des \u00e9l\u00e8ves sur les \u00e9nergies renouvelables en particulier l&rsquo;\u00e9nergie solaire et photovolta\u00efque ; &#8211;\u00a0\u00a0\u00a0\u00a0\u00a0\u00a0\u00a0\u00a0\u00a0 Poser la\/les questions essentielles de l\u2019op\u00e9ration\u00a0; &#8211;\u00a0\u00a0\u00a0\u00a0\u00a0\u00a0\u00a0\u00a0\u00a0 Lancer la r\u00e9flexion aupr\u00e8s des \u00e9l\u00e8ves sur les diff\u00e9rentes pistes de constructions du v\u00e9hicule apr\u00e8s lecture du cahier des charges. &nbsp; &nbsp; [&#8230;]<\/p>\n","protected":false},"author":1,"featured_media":0,"parent":0,"menu_order":1,"comment_status":"open","ping_status":"open","template":"","meta":[],"_links":{"self":[{"href":"http:\/\/www.planete-sciences.org\/blogs\/defissolaires\/dstemplate\/wp-json\/wp\/v2\/pages\/2"}],"collection":[{"href":"http:\/\/www.planete-sciences.org\/blogs\/defissolaires\/dstemplate\/wp-json\/wp\/v2\/pages"}],"about":[{"href":"http:\/\/www.planete-sciences.org\/blogs\/defissolaires\/dstemplate\/wp-json\/wp\/v2\/types\/page"}],"author":[{"embeddable":true,"href":"http:\/\/www.planete-sciences.org\/blogs\/defissolaires\/dstemplate\/wp-json\/wp\/v2\/users\/1"}],"replies":[{"embeddable":true,"href":"http:\/\/www.planete-sciences.org\/blogs\/defissolaires\/dstemplate\/wp-json\/wp\/v2\/comments?post=2"}],"version-history":[{"count":4,"href":"http:\/\/www.planete-sciences.org\/blogs\/defissolaires\/dstemplate\/wp-json\/wp\/v2\/pages\/2\/revisions"}],"predecessor-version":[{"id":54,"href":"http:\/\/www.planete-sciences.org\/blogs\/defissolaires\/dstemplate\/wp-json\/wp\/v2\/pages\/2\/revisions\/54"}],"wp:attachment":[{"href":"http:\/\/www.planete-sciences.org\/blogs\/defissolaires\/dstemplate\/wp-json\/wp\/v2\/media?parent=2"}],"curies":[{"name":"wp","href":"https:\/\/api.w.org\/{rel}","templated":true}]}}