{"id":15,"date":"2011-09-22T19:19:17","date_gmt":"2011-09-22T19:19:17","guid":{"rendered":"http:\/\/www.planete-sciences.org\/blogs\/defissolaires\/dstemplate\/etape4\/"},"modified":"2012-01-21T08:46:11","modified_gmt":"2012-01-21T07:46:11","slug":"etape4","status":"publish","type":"page","link":"http:\/\/www.planete-sciences.org\/blogs\/defissolaires\/dstemplate\/etape4\/","title":{"rendered":"Etape 4 &#8211; Test de fonctionnement final des v\u00e9hicules \/ R\u00e9ponses au Cahier des charges \/ Bilan du projet"},"content":{"rendered":"<h2 style=\"text-align: center;\"><span style=\"color: #ff0000;\">EN COURS DE CONSTRUCTION<\/span><\/h2>\n<p>Objectifs de cette \u00e9tape\u00a0:<\/p>\n<p>&#8211;\u00a0\u00a0\u00a0\u00a0\u00a0\u00a0\u00a0\u00a0\u00a0 V\u00e9rifier le bon fonctionnement du v\u00e9hicule pour l\u2019\u00e9preuve,<\/p>\n<p>&#8211;\u00a0\u00a0\u00a0\u00a0\u00a0\u00a0\u00a0\u00a0\u00a0 Tester\u00a0 les performances de la voiture en condition de course,<\/p>\n<p>&#8211;\u00a0\u00a0\u00a0\u00a0\u00a0\u00a0\u00a0\u00a0\u00a0 Finaliser le dossier technique et le poster pour la pr\u00e9sentation au Jury ou finaliser le cahier d\u2019exp\u00e9rimentation (ou tout autre support du m\u00eame genre) pour la pr\u00e9sentation au jury.<\/p>\n<p>&#8211;\u00a0\u00a0\u00a0\u00a0\u00a0\u00a0\u00a0\u00a0\u00a0 R\u00e9daction de la synth\u00e8se (ou conclusion) r\u00e9pondant \u00e0 la question de d\u00e9part.<\/p>\n<p>&nbsp;<\/p>\n<p><strong>1. <\/strong><strong>Objectifs atteints<\/strong><\/p>\n<p><strong><\/strong>A REMPLIR<\/p>\n<p>&nbsp;<\/p>\n<p><strong>2. Illustrations<\/strong><\/p>\n<p><strong><\/strong>A REMPLIR<\/p>\n<p>&nbsp;<\/p>\n<p><strong>3. D\u00e9roulement<\/strong> (Exp\u00e9riences, sortie, rencontres, recherches, etc.)<\/p>\n<p>A REMPLIR<\/p>\n<p><strong>\u00a0<\/strong><\/p>\n<p><strong>4. Appr\u00e9ciation du groupe<\/strong><\/p>\n<p>A REMPLIR<\/p>\n<p>&nbsp;<\/p>\n<p><strong>5. Autres commentaires <\/strong>(questions aux suiveurs, perspectives)<\/p>\n<p>A REMPLIR<\/p>\n","protected":false},"excerpt":{"rendered":"<p>EN COURS DE CONSTRUCTION Objectifs de cette \u00e9tape\u00a0: &#8211;\u00a0\u00a0\u00a0\u00a0\u00a0\u00a0\u00a0\u00a0\u00a0 V\u00e9rifier le bon fonctionnement du v\u00e9hicule pour l\u2019\u00e9preuve, &#8211;\u00a0\u00a0\u00a0\u00a0\u00a0\u00a0\u00a0\u00a0\u00a0 Tester\u00a0 les performances de la voiture en condition de course, &#8211;\u00a0\u00a0\u00a0\u00a0\u00a0\u00a0\u00a0\u00a0\u00a0 Finaliser le dossier technique et le poster pour la pr\u00e9sentation au Jury ou finaliser le cahier d\u2019exp\u00e9rimentation (ou tout autre support du m\u00eame genre) pour la [&#8230;]<\/p>\n","protected":false},"author":1,"featured_media":0,"parent":0,"menu_order":4,"comment_status":"open","ping_status":"open","template":"","meta":[],"_links":{"self":[{"href":"http:\/\/www.planete-sciences.org\/blogs\/defissolaires\/dstemplate\/wp-json\/wp\/v2\/pages\/15"}],"collection":[{"href":"http:\/\/www.planete-sciences.org\/blogs\/defissolaires\/dstemplate\/wp-json\/wp\/v2\/pages"}],"about":[{"href":"http:\/\/www.planete-sciences.org\/blogs\/defissolaires\/dstemplate\/wp-json\/wp\/v2\/types\/page"}],"author":[{"embeddable":true,"href":"http:\/\/www.planete-sciences.org\/blogs\/defissolaires\/dstemplate\/wp-json\/wp\/v2\/users\/1"}],"replies":[{"embeddable":true,"href":"http:\/\/www.planete-sciences.org\/blogs\/defissolaires\/dstemplate\/wp-json\/wp\/v2\/comments?post=15"}],"version-history":[{"count":6,"href":"http:\/\/www.planete-sciences.org\/blogs\/defissolaires\/dstemplate\/wp-json\/wp\/v2\/pages\/15\/revisions"}],"predecessor-version":[{"id":17,"href":"http:\/\/www.planete-sciences.org\/blogs\/defissolaires\/dstemplate\/wp-json\/wp\/v2\/pages\/15\/revisions\/17"}],"wp:attachment":[{"href":"http:\/\/www.planete-sciences.org\/blogs\/defissolaires\/dstemplate\/wp-json\/wp\/v2\/media?parent=15"}],"curies":[{"name":"wp","href":"https:\/\/api.w.org\/{rel}","templated":true}]}}