{"id":12,"date":"2011-09-22T19:16:56","date_gmt":"2011-09-22T19:16:56","guid":{"rendered":"http:\/\/www.planete-sciences.org\/blogs\/defissolaires\/dstemplate\/etape-2\/"},"modified":"2012-01-21T08:45:44","modified_gmt":"2012-01-21T07:45:44","slug":"etape3","status":"publish","type":"page","link":"http:\/\/www.planete-sciences.org\/blogs\/defissolaires\/dstemplate\/etape3\/","title":{"rendered":"Etape 3 &#8211; R\u00e9alisation du v\u00e9hicule"},"content":{"rendered":"<h2 style=\"text-align: center;\"><span style=\"color: #ff0000;\">EN COURS DE CONSTRUCTION<\/span><\/h2>\n<p>Objectifs de cette \u00e9tape\u00a0:<\/p>\n<p>&#8211;\u00a0\u00a0\u00a0\u00a0\u00a0\u00a0\u00a0\u00a0\u00a0 R\u00e9aliser les diff\u00e9rentes parties du v\u00e9hicule<\/p>\n<p>&#8211;\u00a0\u00a0\u00a0\u00a0\u00a0\u00a0\u00a0\u00a0\u00a0 Enregistrer les difficult\u00e9s et r\u00e9ponses apport\u00e9es tout au long du projet<\/p>\n<p>&nbsp;<\/p>\n<p><strong>1. <\/strong><strong>Objectifs atteints<\/strong><\/p>\n<p><strong><\/strong>A REMPLIR<\/p>\n<p>&nbsp;<\/p>\n<p><strong>2. Illustrations<\/strong><\/p>\n<p><strong><\/strong>A REMPLIR<\/p>\n<p>&nbsp;<\/p>\n<p><strong>3. D\u00e9roulement<\/strong> (Exp\u00e9riences, sortie, rencontres, recherches, etc.)<\/p>\n<p>A REMPLIR<\/p>\n<p>&nbsp;<\/p>\n<p><strong>\u00a0<\/strong><\/p>\n<p><strong>4. Appr\u00e9ciation du groupe<\/strong><\/p>\n<p>A REMPLIR<\/p>\n<p>&nbsp;<\/p>\n<p><strong>5. Autres commentaires <\/strong>(questions aux suiveurs, perspectives)<\/p>\n<p>A REMPLIR<\/p>\n","protected":false},"excerpt":{"rendered":"<p>EN COURS DE CONSTRUCTION Objectifs de cette \u00e9tape\u00a0: &#8211;\u00a0\u00a0\u00a0\u00a0\u00a0\u00a0\u00a0\u00a0\u00a0 R\u00e9aliser les diff\u00e9rentes parties du v\u00e9hicule &#8211;\u00a0\u00a0\u00a0\u00a0\u00a0\u00a0\u00a0\u00a0\u00a0 Enregistrer les difficult\u00e9s et r\u00e9ponses apport\u00e9es tout au long du projet &nbsp; 1. Objectifs atteints A REMPLIR &nbsp; 2. Illustrations A REMPLIR &nbsp; 3. D\u00e9roulement (Exp\u00e9riences, sortie, rencontres, recherches, etc.) A REMPLIR &nbsp; \u00a0 4. Appr\u00e9ciation du groupe A [&#8230;]<\/p>\n","protected":false},"author":1,"featured_media":0,"parent":0,"menu_order":3,"comment_status":"open","ping_status":"open","template":"","meta":[],"_links":{"self":[{"href":"http:\/\/www.planete-sciences.org\/blogs\/defissolaires\/dstemplate\/wp-json\/wp\/v2\/pages\/12"}],"collection":[{"href":"http:\/\/www.planete-sciences.org\/blogs\/defissolaires\/dstemplate\/wp-json\/wp\/v2\/pages"}],"about":[{"href":"http:\/\/www.planete-sciences.org\/blogs\/defissolaires\/dstemplate\/wp-json\/wp\/v2\/types\/page"}],"author":[{"embeddable":true,"href":"http:\/\/www.planete-sciences.org\/blogs\/defissolaires\/dstemplate\/wp-json\/wp\/v2\/users\/1"}],"replies":[{"embeddable":true,"href":"http:\/\/www.planete-sciences.org\/blogs\/defissolaires\/dstemplate\/wp-json\/wp\/v2\/comments?post=12"}],"version-history":[{"count":5,"href":"http:\/\/www.planete-sciences.org\/blogs\/defissolaires\/dstemplate\/wp-json\/wp\/v2\/pages\/12\/revisions"}],"predecessor-version":[{"id":56,"href":"http:\/\/www.planete-sciences.org\/blogs\/defissolaires\/dstemplate\/wp-json\/wp\/v2\/pages\/12\/revisions\/56"}],"wp:attachment":[{"href":"http:\/\/www.planete-sciences.org\/blogs\/defissolaires\/dstemplate\/wp-json\/wp\/v2\/media?parent=12"}],"curies":[{"name":"wp","href":"https:\/\/api.w.org\/{rel}","templated":true}]}}