{"id":6,"date":"2012-09-22T19:11:38","date_gmt":"2012-09-22T17:11:38","guid":{"rendered":"http:\/\/www.planete-sciences.org\/blogs\/defissolaires\/dstemplate\/page-d-exemple-2\/"},"modified":"2019-05-23T15:50:31","modified_gmt":"2019-05-23T13:50:31","slug":"etape2","status":"publish","type":"page","link":"http:\/\/www.planete-sciences.org\/blogs\/defissolaires\/2019_ly_lgtmirepoix3\/etape2\/","title":{"rendered":"2: Caract\u00e9ristiques v\u00e9hicule"},"content":{"rendered":"<h2 style=\"text-align: center\"><span style=\"color: #ff0000\"><a href=\"http:\/\/www.planete-sciences.org\/blogs\/defissolaires\/dstemplate-everest\/files\/2011\/09\/en-construction.gif\"><img loading=\"lazy\" class=\"size-full wp-image-164 alignnone\" title=\"en-construction\" src=\"http:\/\/www.planete-sciences.org\/blogs\/defissolaires\/dstemplate-everest\/files\/2011\/09\/en-construction.gif\" alt=\"\" width=\"339\" height=\"258\" srcset=\"http:\/\/www.planete-sciences.org\/blogs\/defissolaires\/2019_ly_lgtmirepoix3\/files\/2011\/09\/en-construction.gif 339w, http:\/\/www.planete-sciences.org\/blogs\/defissolaires\/2019_ly_lgtmirepoix3\/files\/2011\/09\/en-construction-300x228.gif 300w\" sizes=\"(max-width: 339px) 100vw, 339px\" \/><\/a><\/span><\/h2>\n<div class=\"alert info\">Eliminer l&rsquo;image en construction une fois cette \u00e9tape compl\u00e9t\u00e9e pour pouvoir passer \u00e0 l&rsquo;\u00e9tape suivante.<\/div>\n<h1 style=\"text-align: center\"><a title=\"Permanent Link to Etape 2 \u2013 D\u00e9finition et validation du protocole de conception du v\u00e9hicule\" href=\"http:\/\/www.planete-sciences.org\/blogs\/defissolaires\/dstemplate\/etape2\/\" rel=\"bookmark\">D\u00e9finition et validation du protocole <\/a><\/h1>\n<h1 style=\"text-align: center\"><a title=\"Permanent Link to Etape 2 \u2013 D\u00e9finition et validation du protocole de conception du v\u00e9hicule\" href=\"http:\/\/www.planete-sciences.org\/blogs\/defissolaires\/dstemplate\/etape2\/\" rel=\"bookmark\">de conception du v\u00e9hicule<\/a><\/h1>\n<p>&nbsp;<\/p>\n<h2>Objectifs de cette \u00e9tape\u00a0:<\/h2>\n<blockquote>\n<ul>\n<li><span style=\"color: #ff6600\"><strong>Pr\u00e9sentation du planning de r\u00e9alisation du v\u00e9hicule,<\/strong><\/span><\/li>\n<li><span style=\"color: #ff6600\"><strong>Pr\u00e9sentation du prototype et des diff\u00e9rents plans d\u2019ensemble, m\u00e9canique, \u00e9lectrique,<\/strong><\/span><\/li>\n<li><span style=\"color: #ff6600\"><strong>Pr\u00e9sentation des \u00e9quipes de travail et des r\u00f4les de chacun .<\/strong><\/span><\/li>\n<\/ul>\n<\/blockquote>\n<h3>\u00a0<strong>1. <\/strong><strong>Objectifs atteints<\/strong><\/h3>\n<p>A REMPLIR<\/p>\n<p>&nbsp;<\/p>\n<h3><strong>2. Illustrations<\/strong><\/h3>\n<p>A REMPLIR<\/p>\n<p>&nbsp;<\/p>\n<h3><strong>3. D\u00e9roulement<\/strong> (Exp\u00e9riences, sortie, rencontres, recherches, etc.)<\/h3>\n<p>A REMPLIR<br \/>\n<strong>\u00a0<\/strong><\/p>\n<h3><strong>4. Appr\u00e9ciation du groupe<\/strong><\/h3>\n<p>A REMPLIR<\/p>\n<p>&nbsp;<\/p>\n<h3><strong>5. Autres commentaires <\/strong>(questions aux suiveurs, perspectives)<\/h3>\n<p>A REMPLIR<\/p>\n<p>&nbsp;<\/p>\n<h1>Caract\u00e9ristiques :<\/h1>\n<p>Notre ch\u00e2ssis aura pour proportions :<\/p>\n<p>Une hauteur de 5.6 cm (hors roues, ch\u00e2ssis uniquement)<\/p>\n<p>Une longueur de 69 cm<\/p>\n<p>Une largeur de 41 cm<\/p>\n<p>Un poids de 816g (ch\u00e2ssis uniquement)<\/p>\n<p>Une surface du dessus de 2829 cm\u00b2 soit 0.28 m\u00b2<\/p>\n<p>&nbsp;<\/p>\n<h1>Les composants :<\/h1>\n<h2>Le moteur :<\/h2>\n<p>Pour le moteur, nous avons opt\u00e9 pour un moteur :<br \/>\n<em>Brushless RAY RCM Pelikan<\/em><br \/>\nImage ci-dessous :<\/p>\n<p><a href=\"http:\/\/www.planete-sciences.org\/blogs\/defissolaires\/2019_ly_lgtmirepoix3\/files\/2012\/09\/access-400b.png\"><img loading=\"lazy\" class=\"alignnone size-full wp-image-361\" src=\"http:\/\/www.planete-sciences.org\/blogs\/defissolaires\/2019_ly_lgtmirepoix3\/files\/2012\/09\/access-400b.png\" alt=\"\" width=\"215\" height=\"141\" \/><\/a><\/p>\n<h2>Panneaux solaires :<\/h2>\n<p>La surface du dessus \u00e9tant de 2829 cm\u00b2 soit 0.28 m\u00b2<br \/>\nNotre surface total des panneau solaire comprendra 14 cellules<\/p>\n<p>Une cellule \u00e9tant de 15625mm\u00b2 soit 0.015625m\u00b2<\/p>\n<p>donc 14 cellules aura une surface de 0.21875m\u00b2 ce qui rentre sur notre ch\u00e2ssis.<\/p>\n<h2>Roue :<\/h2>\n<p>Nous avons utilis\u00e9 des roues assez grande et en caoutchouc pour apporter une certaine souplesse au v\u00e9hicule.<\/p>\n<h2>Servomoteur :<\/h2>\n<p>Nous avons opt\u00e9 pour un servomoteur :<br \/>\n<em>Savox &#8211; Servo &#8211; SC-0252MG &#8211; Digital &#8211; DC Motor &#8211; Metal Gear<\/em><\/p>\n<p>Image ci-dessous:<\/p>\n<p><em><a href=\"http:\/\/www.planete-sciences.org\/blogs\/defissolaires\/2019_ly_lgtmirepoix3\/files\/2012\/09\/SC-0252MG.jpg\"><img loading=\"lazy\" class=\"alignnone size-medium wp-image-358\" src=\"http:\/\/www.planete-sciences.org\/blogs\/defissolaires\/2019_ly_lgtmirepoix3\/files\/2012\/09\/SC-0252MG-300x201.jpg\" alt=\"\" width=\"300\" height=\"201\" srcset=\"http:\/\/www.planete-sciences.org\/blogs\/defissolaires\/2019_ly_lgtmirepoix3\/files\/2012\/09\/SC-0252MG-300x201.jpg 300w, http:\/\/www.planete-sciences.org\/blogs\/defissolaires\/2019_ly_lgtmirepoix3\/files\/2012\/09\/SC-0252MG.jpg 400w\" sizes=\"(max-width: 300px) 100vw, 300px\" \/><\/a><\/em><\/p>\n<h2>Batterie :<\/h2>\n<p>Comme batterie, nous avons opt\u00e9 pour une<em>\u00a0Black Lithium lipo 3S 1500mAh.<br \/>\n<\/em>Comme son nom l&rsquo;indique, c&rsquo;est une batterie comportant 3 \u00e9l\u00e9ments et ayant une capacit\u00e9 de 1500mAh. Elle est \u00e9galement de voltage 11.1V<\/p>\n<p>Image ci-dessous:<\/p>\n<p><a href=\"http:\/\/www.planete-sciences.org\/blogs\/defissolaires\/2019_ly_lgtmirepoix3\/files\/2012\/09\/pro_tronik_black_lithium_3s_1500mah_35c.jpg\"><img loading=\"lazy\" class=\"alignnone size-medium wp-image-359\" src=\"http:\/\/www.planete-sciences.org\/blogs\/defissolaires\/2019_ly_lgtmirepoix3\/files\/2012\/09\/pro_tronik_black_lithium_3s_1500mah_35c-300x224.jpg\" alt=\"\" width=\"300\" height=\"224\" srcset=\"http:\/\/www.planete-sciences.org\/blogs\/defissolaires\/2019_ly_lgtmirepoix3\/files\/2012\/09\/pro_tronik_black_lithium_3s_1500mah_35c-300x224.jpg 300w, http:\/\/www.planete-sciences.org\/blogs\/defissolaires\/2019_ly_lgtmirepoix3\/files\/2012\/09\/pro_tronik_black_lithium_3s_1500mah_35c.jpg 475w\" sizes=\"(max-width: 300px) 100vw, 300px\" \/><\/a><\/p>\n<h2>Le r\u00e9cepteur :<\/h2>\n<p>Voici le r\u00e9cepteur que nous utiliserons:<br \/>\nUn\u00a0<i>\u00a0Futaba R204GF-E R204gf-E 2.4g Sfhss Micro 4ch Receiver<\/i><br \/>\nImage ci-dessous :<\/p>\n<p><a href=\"http:\/\/www.planete-sciences.org\/blogs\/defissolaires\/2019_ly_lgtmirepoix3\/files\/2012\/09\/s-l500.jpg\"><img loading=\"lazy\" class=\"alignnone size-medium wp-image-356\" src=\"http:\/\/www.planete-sciences.org\/blogs\/defissolaires\/2019_ly_lgtmirepoix3\/files\/2012\/09\/s-l500-300x300.jpg\" alt=\"\" width=\"300\" height=\"300\" srcset=\"http:\/\/www.planete-sciences.org\/blogs\/defissolaires\/2019_ly_lgtmirepoix3\/files\/2012\/09\/s-l500-300x300.jpg 300w, http:\/\/www.planete-sciences.org\/blogs\/defissolaires\/2019_ly_lgtmirepoix3\/files\/2012\/09\/s-l500-150x150.jpg 150w, http:\/\/www.planete-sciences.org\/blogs\/defissolaires\/2019_ly_lgtmirepoix3\/files\/2012\/09\/s-l500.jpg 500w\" sizes=\"(max-width: 300px) 100vw, 300px\" \/><\/a><\/p>\n","protected":false},"excerpt":{"rendered":"<p>D\u00e9finition et validation du protocole de conception du v\u00e9hicule &nbsp; Objectifs de cette \u00e9tape\u00a0: Pr\u00e9sentation du planning de r\u00e9alisation du v\u00e9hicule, Pr\u00e9sentation du prototype et des diff\u00e9rents plans d\u2019ensemble, m\u00e9canique, \u00e9lectrique, Pr\u00e9sentation des \u00e9quipes de travail et des r\u00f4les de chacun . \u00a01. Objectifs atteints A REMPLIR &nbsp; 2. Illustrations A REMPLIR &nbsp; 3. D\u00e9roulement [&#8230;]<\/p>\n","protected":false},"author":1,"featured_media":0,"parent":0,"menu_order":2,"comment_status":"open","ping_status":"closed","template":"","meta":[],"_links":{"self":[{"href":"http:\/\/www.planete-sciences.org\/blogs\/defissolaires\/2019_ly_lgtmirepoix3\/wp-json\/wp\/v2\/pages\/6"}],"collection":[{"href":"http:\/\/www.planete-sciences.org\/blogs\/defissolaires\/2019_ly_lgtmirepoix3\/wp-json\/wp\/v2\/pages"}],"about":[{"href":"http:\/\/www.planete-sciences.org\/blogs\/defissolaires\/2019_ly_lgtmirepoix3\/wp-json\/wp\/v2\/types\/page"}],"author":[{"embeddable":true,"href":"http:\/\/www.planete-sciences.org\/blogs\/defissolaires\/2019_ly_lgtmirepoix3\/wp-json\/wp\/v2\/users\/1"}],"replies":[{"embeddable":true,"href":"http:\/\/www.planete-sciences.org\/blogs\/defissolaires\/2019_ly_lgtmirepoix3\/wp-json\/wp\/v2\/comments?post=6"}],"version-history":[{"count":35,"href":"http:\/\/www.planete-sciences.org\/blogs\/defissolaires\/2019_ly_lgtmirepoix3\/wp-json\/wp\/v2\/pages\/6\/revisions"}],"predecessor-version":[{"id":367,"href":"http:\/\/www.planete-sciences.org\/blogs\/defissolaires\/2019_ly_lgtmirepoix3\/wp-json\/wp\/v2\/pages\/6\/revisions\/367"}],"wp:attachment":[{"href":"http:\/\/www.planete-sciences.org\/blogs\/defissolaires\/2019_ly_lgtmirepoix3\/wp-json\/wp\/v2\/media?parent=6"}],"curies":[{"name":"wp","href":"https:\/\/api.w.org\/{rel}","templated":true}]}}